{"id":5317507,"date":"2026-01-19T14:52:50","date_gmt":"2026-01-19T12:52:50","guid":{"rendered":"https:\/\/gadgettravellers.eu\/shop\/spettacolo-xmas-ruota-luna-park-30x225x225cm-xmasfest-1133477\/"},"modified":"2026-04-22T22:55:35","modified_gmt":"2026-04-22T20:55:35","slug":"spettacolo-xmas-ruota-luna-park-30x225x225cm-xmasfest-1133477","status":"publish","type":"product","link":"https:\/\/gadgettravellers.eu\/it\/shop\/spettacolo-xmas-ruota-luna-park-30x225x225cm-xmasfest-1133477\/","title":{"rendered":"Spettacolo Xmas Ruota Luna Park 30&#215;22,5&#215;22,5cm Xmasfest 1133477"},"content":{"rendered":"<p>Include trasformatore e cavo, con luce-movimento-musica, materiale: polyresina 30&#215;22,5&#215;22,5cm<\/p>\n<div class='aiseo-faq-section' style='margin-top:30px; border-top:1px solid #eee; padding-top:20px;'>\n<h3>Domande Frequenti<\/h3>\n<details style='margin-bottom:10px; padding:10px; background:#f9f9f9; border-radius:5px;'>\n<summary style='font-weight:bold; cursor:pointer;'>Quali funzioni ha il prodotto?<\/summary>\n<div style='margin-top:10px; color:#555;'>Dispone di illuminazione, movimento e musica integrata.<\/div>\n<\/details>\n<details style='margin-bottom:10px; padding:10px; background:#f9f9f9; border-radius:5px;'>\n<summary style='font-weight:bold; cursor:pointer;'>Sono inclusi alimentatore e cavo?<\/summary>\n<div style='margin-top:10px; color:#555;'>S\u00ec \u2014 includono trasformatore e cavo.<\/div>\n<\/details>\n<details style='margin-bottom:10px; padding:10px; background:#f9f9f9; border-radius:5px;'>\n<summary style='font-weight:bold; cursor:pointer;'>Di quale materiale \u00e8 fatto?<\/summary>\n<div style='margin-top:10px; color:#555;'>\u00c8 in poliresina.<\/div>\n<\/details>\n<details style='margin-bottom:10px; padding:10px; background:#f9f9f9; border-radius:5px;'>\n<summary style='font-weight:bold; cursor:pointer;'>Quali sono le dimensioni?<\/summary>\n<div style='margin-top:10px; color:#555;'>Le dimensioni sono 30&#215;22,5&#215;22,5 cm.<\/div>\n<\/details>\n<details style='margin-bottom:10px; padding:10px; background:#f9f9f9; border-radius:5px;'>\n<summary style='font-weight:bold; cursor:pointer;'>\u00c8 adatto per la decorazione da tavola natalizia?<\/summary>\n<div style='margin-top:10px; color:#555;'>S\u00ec \u2014 \u00e8 ideale per la decorazione da tavola natalizia.<\/div>\n<\/details>\n<\/div>\n","protected":false},"excerpt":{"rendered":"<p>Include trasformatore e cavo, con luce-movimento-musica, materiale: polyresina 30&#215;22,5&#215;22,5cm Domande Frequenti Quali funzioni ha il prodotto? Dispone di illuminazione, movimento e musica integrata. Sono inclusi alimentatore e cavo? S\u00ec \u2014 includono trasformatore e cavo. Di quale materiale \u00e8 fatto? \u00c8 in poliresina. Quali sono le dimensioni? Le dimensioni sono 30&#215;22,5&#215;22,5 cm. \u00c8 adatto per la [&hellip;]<\/p>\n","protected":false},"featured_media":5183112,"comment_status":"closed","ping_status":"open","template":"","meta":[],"product_brand":[],"product_cat":[],"product_tag":[15],"class_list":{"0":"post-5317507","1":"product","2":"type-product","3":"status-publish","4":"has-post-thumbnail","6":"product_tag-uncategorized","8":"first","9":"onbackorder","10":"purchasable","11":"product-type-simple"},"jetpack_sharing_enabled":true,"_links":{"self":[{"href":"https:\/\/gadgettravellers.eu\/it\/wp-json\/wp\/v2\/product\/5317507","targetHints":{"allow":["GET"]}}],"collection":[{"href":"https:\/\/gadgettravellers.eu\/it\/wp-json\/wp\/v2\/product"}],"about":[{"href":"https:\/\/gadgettravellers.eu\/it\/wp-json\/wp\/v2\/types\/product"}],"replies":[{"embeddable":true,"href":"https:\/\/gadgettravellers.eu\/it\/wp-json\/wp\/v2\/comments?post=5317507"}],"wp:featuredmedia":[{"embeddable":true,"href":"https:\/\/gadgettravellers.eu\/it\/wp-json\/wp\/v2\/media\/5183112"}],"wp:attachment":[{"href":"https:\/\/gadgettravellers.eu\/it\/wp-json\/wp\/v2\/media?parent=5317507"}],"wp:term":[{"taxonomy":"product_brand","embeddable":true,"href":"https:\/\/gadgettravellers.eu\/it\/wp-json\/wp\/v2\/product_brand?post=5317507"},{"taxonomy":"product_cat","embeddable":true,"href":"https:\/\/gadgettravellers.eu\/it\/wp-json\/wp\/v2\/product_cat?post=5317507"},{"taxonomy":"product_tag","embeddable":true,"href":"https:\/\/gadgettravellers.eu\/it\/wp-json\/wp\/v2\/product_tag?post=5317507"}],"curies":[{"name":"wp","href":"https:\/\/api.w.org\/{rel}","templated":true}]}}