{"id":5317513,"date":"2026-01-19T14:52:54","date_gmt":"2026-01-19T12:52:54","guid":{"rendered":"https:\/\/gadgettravellers.eu\/shop\/decorazione-orso-con-lanterna-albero-12cm-xmasfest-1133484\/"},"modified":"2026-04-22T22:55:38","modified_gmt":"2026-04-22T20:55:38","slug":"decorazione-orso-con-lanterna-albero-12cm-xmasfest-1133484","status":"publish","type":"product","link":"https:\/\/gadgettravellers.eu\/it\/shop\/decorazione-orso-con-lanterna-albero-12cm-xmasfest-1133484\/","title":{"rendered":"Decorazione Orso con Lanterna &#038; Albero 12cm Xmasfest 1133484"},"content":{"rendered":"<p>Batteria: con luce 12cm<\/p>\n<div class='aiseo-faq-section' style='margin-top:30px; border-top:1px solid #eee; padding-top:20px;'>\n<h3>Domande Frequenti<\/h3>\n<details style='margin-bottom:10px; padding:10px; background:#f9f9f9; border-radius:5px;'>\n<summary style='font-weight:bold; cursor:pointer;'>Come viene alimentato il prodotto?<\/summary>\n<div style='margin-top:10px; color:#555;'>Funziona a batterie, come indicato nella descrizione.<\/div>\n<\/details>\n<details style='margin-bottom:10px; padding:10px; background:#f9f9f9; border-radius:5px;'>\n<summary style='font-weight:bold; cursor:pointer;'>Quali sono le dimensioni?<\/summary>\n<div style='margin-top:10px; color:#555;'>L&#8217;altezza \u00e8 di 12 cm.<\/div>\n<\/details>\n<details style='margin-bottom:10px; padding:10px; background:#f9f9f9; border-radius:5px;'>\n<summary style='font-weight:bold; cursor:pointer;'>\u00c8 adatto per uso esterno?<\/summary>\n<div style='margin-top:10px; color:#555;'>La descrizione indica che \u00e8 ideale per la decorazione di interni, quindi non \u00e8 consigliato per uso esterno.<\/div>\n<\/details>\n<details style='margin-bottom:10px; padding:10px; background:#f9f9f9; border-radius:5px;'>\n<summary style='font-weight:bold; cursor:pointer;'>La lanterna \u00e8 integrata nella figura?<\/summary>\n<div style='margin-top:10px; color:#555;'>S\u00ec, la figura dispone di una lanterna luminosa integrata e di un alberello.<\/div>\n<\/details>\n<\/div>\n","protected":false},"excerpt":{"rendered":"<p>Batteria: con luce 12cm Domande Frequenti Come viene alimentato il prodotto? Funziona a batterie, come indicato nella descrizione. Quali sono le dimensioni? L&#8217;altezza \u00e8 di 12 cm. \u00c8 adatto per uso esterno? La descrizione indica che \u00e8 ideale per la decorazione di interni, quindi non \u00e8 consigliato per uso esterno. La lanterna \u00e8 integrata nella [&hellip;]<\/p>\n","protected":false},"featured_media":5183140,"comment_status":"closed","ping_status":"open","template":"","meta":[],"product_brand":[],"product_cat":[],"product_tag":[15],"class_list":{"0":"post-5317513","1":"product","2":"type-product","3":"status-publish","4":"has-post-thumbnail","6":"product_tag-uncategorized","8":"first","9":"onbackorder","10":"purchasable","11":"product-type-simple"},"jetpack_sharing_enabled":true,"_links":{"self":[{"href":"https:\/\/gadgettravellers.eu\/it\/wp-json\/wp\/v2\/product\/5317513","targetHints":{"allow":["GET"]}}],"collection":[{"href":"https:\/\/gadgettravellers.eu\/it\/wp-json\/wp\/v2\/product"}],"about":[{"href":"https:\/\/gadgettravellers.eu\/it\/wp-json\/wp\/v2\/types\/product"}],"replies":[{"embeddable":true,"href":"https:\/\/gadgettravellers.eu\/it\/wp-json\/wp\/v2\/comments?post=5317513"}],"wp:featuredmedia":[{"embeddable":true,"href":"https:\/\/gadgettravellers.eu\/it\/wp-json\/wp\/v2\/media\/5183140"}],"wp:attachment":[{"href":"https:\/\/gadgettravellers.eu\/it\/wp-json\/wp\/v2\/media?parent=5317513"}],"wp:term":[{"taxonomy":"product_brand","embeddable":true,"href":"https:\/\/gadgettravellers.eu\/it\/wp-json\/wp\/v2\/product_brand?post=5317513"},{"taxonomy":"product_cat","embeddable":true,"href":"https:\/\/gadgettravellers.eu\/it\/wp-json\/wp\/v2\/product_cat?post=5317513"},{"taxonomy":"product_tag","embeddable":true,"href":"https:\/\/gadgettravellers.eu\/it\/wp-json\/wp\/v2\/product_tag?post=5317513"}],"curies":[{"name":"wp","href":"https:\/\/api.w.org\/{rel}","templated":true}]}}