{"id":5317518,"date":"2026-01-19T14:52:58","date_gmt":"2026-01-19T12:52:58","guid":{"rendered":"https:\/\/gadgettravellers.eu\/shop\/lanterna-poligono-xmas-con-2-funzioni-18x10x10cm-xmasfest-1133489\/"},"modified":"2026-04-22T22:55:40","modified_gmt":"2026-04-22T20:55:40","slug":"lanterna-poligono-xmas-con-2-funzioni-18x10x10cm-xmasfest-1133489","status":"publish","type":"product","link":"https:\/\/gadgettravellers.eu\/it\/shop\/lanterna-poligono-xmas-con-2-funzioni-18x10x10cm-xmasfest-1133489\/","title":{"rendered":"Lanterna Poligono Xmas con 2 Funzioni 18x10x10cm Xmasfest 1133489"},"content":{"rendered":"<p>Faro batteria con 2 funzioni: luce (LED), movimento 18x10x10cm<\/p>\n<div class='aiseo-faq-section' style='margin-top:30px; border-top:1px solid #eee; padding-top:20px;'>\n<h3>Domande Frequenti<\/h3>\n<details style='margin-bottom:10px; padding:10px; background:#f9f9f9; border-radius:5px;'>\n<summary style='font-weight:bold; cursor:pointer;'>In quali ambienti \u00e8 destinata questa lanterna?<\/summary>\n<div style='margin-top:10px; color:#555;'>\u00c8 destinato all&#8217;uso interno e offre un&#8217;illuminazione decorativa.<\/div>\n<\/details>\n<details style='margin-bottom:10px; padding:10px; background:#f9f9f9; border-radius:5px;'>\n<summary style='font-weight:bold; cursor:pointer;'>Come \u00e8 alimentato il semaforo?<\/summary>\n<div style='margin-top:10px; color:#555;'>Funziona a batterie e non richiede cavo.<\/div>\n<\/details>\n<details style='margin-bottom:10px; padding:10px; background:#f9f9f9; border-radius:5px;'>\n<summary style='font-weight:bold; cursor:pointer;'>Quali funzioni ha?<\/summary>\n<div style='margin-top:10px; color:#555;'>Ha due funzioni: illuminazione LED e modalit\u00e0 movimento.<\/div>\n<\/details>\n<details style='margin-bottom:10px; padding:10px; background:#f9f9f9; border-radius:5px;'>\n<summary style='font-weight:bold; cursor:pointer;'>Quali sono le sue dimensioni?<\/summary>\n<div style='margin-top:10px; color:#555;'>Le dimensioni sono 18x10x10 cm.<\/div>\n<\/details>\n<\/div>\n","protected":false},"excerpt":{"rendered":"<p>Faro batteria con 2 funzioni: luce (LED), movimento 18x10x10cm Domande Frequenti In quali ambienti \u00e8 destinata questa lanterna? \u00c8 destinato all&#8217;uso interno e offre un&#8217;illuminazione decorativa. Come \u00e8 alimentato il semaforo? Funziona a batterie e non richiede cavo. Quali funzioni ha? Ha due funzioni: illuminazione LED e modalit\u00e0 movimento. Quali sono le sue dimensioni? Le [&hellip;]<\/p>\n","protected":false},"featured_media":5183160,"comment_status":"closed","ping_status":"open","template":"","meta":[],"product_brand":[],"product_cat":[],"product_tag":[15],"class_list":{"0":"post-5317518","1":"product","2":"type-product","3":"status-publish","4":"has-post-thumbnail","6":"product_tag-uncategorized","8":"first","9":"onbackorder","10":"purchasable","11":"product-type-simple"},"jetpack_sharing_enabled":true,"_links":{"self":[{"href":"https:\/\/gadgettravellers.eu\/it\/wp-json\/wp\/v2\/product\/5317518","targetHints":{"allow":["GET"]}}],"collection":[{"href":"https:\/\/gadgettravellers.eu\/it\/wp-json\/wp\/v2\/product"}],"about":[{"href":"https:\/\/gadgettravellers.eu\/it\/wp-json\/wp\/v2\/types\/product"}],"replies":[{"embeddable":true,"href":"https:\/\/gadgettravellers.eu\/it\/wp-json\/wp\/v2\/comments?post=5317518"}],"wp:featuredmedia":[{"embeddable":true,"href":"https:\/\/gadgettravellers.eu\/it\/wp-json\/wp\/v2\/media\/5183160"}],"wp:attachment":[{"href":"https:\/\/gadgettravellers.eu\/it\/wp-json\/wp\/v2\/media?parent=5317518"}],"wp:term":[{"taxonomy":"product_brand","embeddable":true,"href":"https:\/\/gadgettravellers.eu\/it\/wp-json\/wp\/v2\/product_brand?post=5317518"},{"taxonomy":"product_cat","embeddable":true,"href":"https:\/\/gadgettravellers.eu\/it\/wp-json\/wp\/v2\/product_cat?post=5317518"},{"taxonomy":"product_tag","embeddable":true,"href":"https:\/\/gadgettravellers.eu\/it\/wp-json\/wp\/v2\/product_tag?post=5317518"}],"curies":[{"name":"wp","href":"https:\/\/api.w.org\/{rel}","templated":true}]}}