{"id":5317519,"date":"2026-01-19T14:52:58","date_gmt":"2026-01-19T12:52:58","guid":{"rendered":"https:\/\/gadgettravellers.eu\/shop\/105-luci-led-bianco-caldo-in-serie-con-programmi-ip44-825m-xmasfest-1133490\/"},"modified":"2026-04-22T22:55:40","modified_gmt":"2026-04-22T20:55:40","slug":"105-luci-led-bianco-caldo-in-serie-con-programmi-ip44-825m-xmasfest-1133490","status":"publish","type":"product","link":"https:\/\/gadgettravellers.eu\/it\/shop\/105-luci-led-bianco-caldo-in-serie-con-programmi-ip44-825m-xmasfest-1133490\/","title":{"rendered":"105 Luci LED Bianco Caldo in Serie con Programmi IP44 8,25m Xmasfest 1133490"},"content":{"rendered":"<p>105 LED bianco caldo con controller a 8 programmi. Per uso esterno e interno. Con cavo verde. Include il trasformatore IP44 8,25m<\/p>\n<div class='aiseo-faq-section' style='margin-top:30px; border-top:1px solid #eee; padding-top:20px;'>\n<h3>Domande Frequenti<\/h3>\n<details style='margin-bottom:10px; padding:10px; background:#f9f9f9; border-radius:5px;'>\n<summary style='font-weight:bold; cursor:pointer;'>Sono adatti per uso esterno?<\/summary>\n<div style='margin-top:10px; color:#555;'>S\u00ec, \u00e8 incluso un trasformatore con grado di protezione IP44 ed \u00e8 adatto per uso esterno e interno.<\/div>\n<\/details>\n<details style='margin-bottom:10px; padding:10px; background:#f9f9f9; border-radius:5px;'>\n<summary style='font-weight:bold; cursor:pointer;'>Quanti LED ha e di che colore \u00e8 l&#8217;illuminazione?<\/summary>\n<div style='margin-top:10px; color:#555;'>La serie contiene 105 LED di colore bianco caldo.<\/div>\n<\/details>\n<details style='margin-bottom:10px; padding:10px; background:#f9f9f9; border-radius:5px;'>\n<summary style='font-weight:bold; cursor:pointer;'>Qual \u00e8 la lunghezza della serie?<\/summary>\n<div style='margin-top:10px; color:#555;'>La lunghezza totale \u00e8 di 8,25 metri.<\/div>\n<\/details>\n<details style='margin-bottom:10px; padding:10px; background:#f9f9f9; border-radius:5px;'>\n<summary style='font-weight:bold; cursor:pointer;'>Dispongono di opzioni di programmi di illuminazione?<\/summary>\n<div style='margin-top:10px; color:#555;'>S\u00ec, il controller offre 8 programmi di funzionamento.<\/div>\n<\/details>\n<\/div>\n","protected":false},"excerpt":{"rendered":"<p>105 LED bianco caldo con controller a 8 programmi. Per uso esterno e interno. Con cavo verde. Include il trasformatore IP44 8,25m Domande Frequenti Sono adatti per uso esterno? S\u00ec, \u00e8 incluso un trasformatore con grado di protezione IP44 ed \u00e8 adatto per uso esterno e interno. Quanti LED ha e di che colore \u00e8 [&hellip;]<\/p>\n","protected":false},"featured_media":5183164,"comment_status":"closed","ping_status":"open","template":"","meta":[],"product_brand":[],"product_cat":[],"product_tag":[15],"class_list":{"0":"post-5317519","1":"product","2":"type-product","3":"status-publish","4":"has-post-thumbnail","6":"product_tag-uncategorized","8":"first","9":"onbackorder","10":"purchasable","11":"product-type-simple"},"jetpack_sharing_enabled":true,"_links":{"self":[{"href":"https:\/\/gadgettravellers.eu\/it\/wp-json\/wp\/v2\/product\/5317519","targetHints":{"allow":["GET"]}}],"collection":[{"href":"https:\/\/gadgettravellers.eu\/it\/wp-json\/wp\/v2\/product"}],"about":[{"href":"https:\/\/gadgettravellers.eu\/it\/wp-json\/wp\/v2\/types\/product"}],"replies":[{"embeddable":true,"href":"https:\/\/gadgettravellers.eu\/it\/wp-json\/wp\/v2\/comments?post=5317519"}],"wp:featuredmedia":[{"embeddable":true,"href":"https:\/\/gadgettravellers.eu\/it\/wp-json\/wp\/v2\/media\/5183164"}],"wp:attachment":[{"href":"https:\/\/gadgettravellers.eu\/it\/wp-json\/wp\/v2\/media?parent=5317519"}],"wp:term":[{"taxonomy":"product_brand","embeddable":true,"href":"https:\/\/gadgettravellers.eu\/it\/wp-json\/wp\/v2\/product_brand?post=5317519"},{"taxonomy":"product_cat","embeddable":true,"href":"https:\/\/gadgettravellers.eu\/it\/wp-json\/wp\/v2\/product_cat?post=5317519"},{"taxonomy":"product_tag","embeddable":true,"href":"https:\/\/gadgettravellers.eu\/it\/wp-json\/wp\/v2\/product_tag?post=5317519"}],"curies":[{"name":"wp","href":"https:\/\/api.w.org\/{rel}","templated":true}]}}