{"id":5317520,"date":"2026-01-19T14:52:59","date_gmt":"2026-01-19T12:52:59","guid":{"rendered":"https:\/\/gadgettravellers.eu\/shop\/105-luci-led-bianco-freddo-in-serie-con-programmi-ip44-825m-xmasfest-1133491\/"},"modified":"2026-04-22T22:55:41","modified_gmt":"2026-04-22T20:55:41","slug":"105-luci-led-bianco-freddo-in-serie-con-programmi-ip44-825m-xmasfest-1133491","status":"publish","type":"product","link":"https:\/\/gadgettravellers.eu\/it\/shop\/105-luci-led-bianco-freddo-in-serie-con-programmi-ip44-825m-xmasfest-1133491\/","title":{"rendered":"105 Luci LED Bianco Freddo in Serie con Programmi IP44 8,25m Xmasfest 1133491"},"content":{"rendered":"<p>105 LED bianco freddo con controller a 8 programmi. Per uso esterno e interno. Con cavo verde. Include il trasformatore IP44 8,25m<\/p>\n<div class='aiseo-faq-section' style='margin-top:30px; border-top:1px solid #eee; padding-top:20px;'>\n<h3>Domande Frequenti<\/h3>\n<details style='margin-bottom:10px; padding:10px; background:#f9f9f9; border-radius:5px;'>\n<summary style='font-weight:bold; cursor:pointer;'>Quanti LED include il set?<\/summary>\n<div style='margin-top:10px; color:#555;'>Il set include 105 LED.<\/div>\n<\/details>\n<details style='margin-bottom:10px; padding:10px; background:#f9f9f9; border-radius:5px;'>\n<summary style='font-weight:bold; cursor:pointer;'>Qual \u00e8 la lunghezza della serie?<\/summary>\n<div style='margin-top:10px; color:#555;'>La lunghezza totale \u00e8 di 8,25 m.<\/div>\n<\/details>\n<details style='margin-bottom:10px; padding:10px; background:#f9f9f9; border-radius:5px;'>\n<summary style='font-weight:bold; cursor:pointer;'>Sono adatti per esterni?<\/summary>\n<div style='margin-top:10px; color:#555;'>S\u00ec, sono adatti per uso interno ed esterno con grado di protezione IP44.<\/div>\n<\/details>\n<details style='margin-bottom:10px; padding:10px; background:#f9f9f9; border-radius:5px;'>\n<summary style='font-weight:bold; cursor:pointer;'>Dispongono di controller e include un trasformatore?<\/summary>\n<div style='margin-top:10px; color:#555;'>S\u00ec, dispongono di un controller con 8 programmi e il trasformatore \u00e8 incluso.<\/div>\n<\/details>\n<\/div>\n","protected":false},"excerpt":{"rendered":"<p>105 LED bianco freddo con controller a 8 programmi. Per uso esterno e interno. Con cavo verde. Include il trasformatore IP44 8,25m Domande Frequenti Quanti LED include il set? Il set include 105 LED. Qual \u00e8 la lunghezza della serie? La lunghezza totale \u00e8 di 8,25 m. Sono adatti per esterni? S\u00ec, sono adatti per [&hellip;]<\/p>\n","protected":false},"featured_media":5183168,"comment_status":"closed","ping_status":"open","template":"","meta":[],"product_brand":[],"product_cat":[],"product_tag":[15],"class_list":{"0":"post-5317520","1":"product","2":"type-product","3":"status-publish","4":"has-post-thumbnail","6":"product_tag-uncategorized","8":"first","9":"onbackorder","10":"purchasable","11":"product-type-simple"},"jetpack_sharing_enabled":true,"_links":{"self":[{"href":"https:\/\/gadgettravellers.eu\/it\/wp-json\/wp\/v2\/product\/5317520","targetHints":{"allow":["GET"]}}],"collection":[{"href":"https:\/\/gadgettravellers.eu\/it\/wp-json\/wp\/v2\/product"}],"about":[{"href":"https:\/\/gadgettravellers.eu\/it\/wp-json\/wp\/v2\/types\/product"}],"replies":[{"embeddable":true,"href":"https:\/\/gadgettravellers.eu\/it\/wp-json\/wp\/v2\/comments?post=5317520"}],"wp:featuredmedia":[{"embeddable":true,"href":"https:\/\/gadgettravellers.eu\/it\/wp-json\/wp\/v2\/media\/5183168"}],"wp:attachment":[{"href":"https:\/\/gadgettravellers.eu\/it\/wp-json\/wp\/v2\/media?parent=5317520"}],"wp:term":[{"taxonomy":"product_brand","embeddable":true,"href":"https:\/\/gadgettravellers.eu\/it\/wp-json\/wp\/v2\/product_brand?post=5317520"},{"taxonomy":"product_cat","embeddable":true,"href":"https:\/\/gadgettravellers.eu\/it\/wp-json\/wp\/v2\/product_cat?post=5317520"},{"taxonomy":"product_tag","embeddable":true,"href":"https:\/\/gadgettravellers.eu\/it\/wp-json\/wp\/v2\/product_tag?post=5317520"}],"curies":[{"name":"wp","href":"https:\/\/api.w.org\/{rel}","templated":true}]}}