{"id":5317523,"date":"2026-01-19T14:53:00","date_gmt":"2026-01-19T12:53:00","guid":{"rendered":"https:\/\/gadgettravellers.eu\/shop\/510-luci-led-bianco-freddo-in-serie-con-programmi-ip44-285m-xmasfest-1133494\/"},"modified":"2026-04-22T22:55:42","modified_gmt":"2026-04-22T20:55:42","slug":"510-luci-led-bianco-freddo-in-serie-con-programmi-ip44-285m-xmasfest-1133494","status":"publish","type":"product","link":"https:\/\/gadgettravellers.eu\/it\/shop\/510-luci-led-bianco-freddo-in-serie-con-programmi-ip44-285m-xmasfest-1133494\/","title":{"rendered":"510 Luci LED Bianco Freddo in Serie con Programmi IP44 28,5m Xmasfest 1133494"},"content":{"rendered":"<p>510 LED bianco freddo con controller a 8 programmi. Per uso esterno e interno. Con cavo verde. Incluso trasformatore IP44 28,5m<\/p>\n<div class='aiseo-faq-section' style='margin-top:30px; border-top:1px solid #eee; padding-top:20px;'>\n<h3>Domande Frequenti<\/h3>\n<details style='margin-bottom:10px; padding:10px; background:#f9f9f9; border-radius:5px;'>\n<summary style='font-weight:bold; cursor:pointer;'>Possono essere utilizzati all&#8217;aperto?<\/summary>\n<div style='margin-top:10px; color:#555;'>S\u00ec, sono adatti per uso esterno e interno e includono un trasformatore con protezione IP44.<\/div>\n<\/details>\n<details style='margin-bottom:10px; padding:10px; background:#f9f9f9; border-radius:5px;'>\n<summary style='font-weight:bold; cursor:pointer;'>Qual \u00e8 la lunghezza della serie?<\/summary>\n<div style='margin-top:10px; color:#555;'>La lunghezza totale \u00e8 di 28,5 m.<\/div>\n<\/details>\n<details style='margin-bottom:10px; padding:10px; background:#f9f9f9; border-radius:5px;'>\n<summary style='font-weight:bold; cursor:pointer;'>Quanti LED hanno e qual \u00e8 il colore della luce?<\/summary>\n<div style='margin-top:10px; color:#555;'>La serie include 510 LED con illuminazione bianco freddo.<\/div>\n<\/details>\n<details style='margin-bottom:10px; padding:10px; background:#f9f9f9; border-radius:5px;'>\n<summary style='font-weight:bold; cursor:pointer;'>Che tipo di controller ha la serie luminosa?<\/summary>\n<div style='margin-top:10px; color:#555;'>Dispone di un controller integrato con 8 programmi.<\/div>\n<\/details>\n<\/div>\n","protected":false},"excerpt":{"rendered":"<p>510 LED bianco freddo con controller a 8 programmi. Per uso esterno e interno. Con cavo verde. Incluso trasformatore IP44 28,5m Domande Frequenti Possono essere utilizzati all&#8217;aperto? S\u00ec, sono adatti per uso esterno e interno e includono un trasformatore con protezione IP44. Qual \u00e8 la lunghezza della serie? La lunghezza totale \u00e8 di 28,5 m. [&hellip;]<\/p>\n","protected":false},"featured_media":5183180,"comment_status":"closed","ping_status":"open","template":"","meta":[],"product_brand":[],"product_cat":[],"product_tag":[15],"class_list":{"0":"post-5317523","1":"product","2":"type-product","3":"status-publish","4":"has-post-thumbnail","6":"product_tag-uncategorized","8":"first","9":"onbackorder","10":"purchasable","11":"product-type-simple"},"jetpack_sharing_enabled":true,"_links":{"self":[{"href":"https:\/\/gadgettravellers.eu\/it\/wp-json\/wp\/v2\/product\/5317523","targetHints":{"allow":["GET"]}}],"collection":[{"href":"https:\/\/gadgettravellers.eu\/it\/wp-json\/wp\/v2\/product"}],"about":[{"href":"https:\/\/gadgettravellers.eu\/it\/wp-json\/wp\/v2\/types\/product"}],"replies":[{"embeddable":true,"href":"https:\/\/gadgettravellers.eu\/it\/wp-json\/wp\/v2\/comments?post=5317523"}],"wp:featuredmedia":[{"embeddable":true,"href":"https:\/\/gadgettravellers.eu\/it\/wp-json\/wp\/v2\/media\/5183180"}],"wp:attachment":[{"href":"https:\/\/gadgettravellers.eu\/it\/wp-json\/wp\/v2\/media?parent=5317523"}],"wp:term":[{"taxonomy":"product_brand","embeddable":true,"href":"https:\/\/gadgettravellers.eu\/it\/wp-json\/wp\/v2\/product_brand?post=5317523"},{"taxonomy":"product_cat","embeddable":true,"href":"https:\/\/gadgettravellers.eu\/it\/wp-json\/wp\/v2\/product_cat?post=5317523"},{"taxonomy":"product_tag","embeddable":true,"href":"https:\/\/gadgettravellers.eu\/it\/wp-json\/wp\/v2\/product_tag?post=5317523"}],"curies":[{"name":"wp","href":"https:\/\/api.w.org\/{rel}","templated":true}]}}