{"id":5317530,"date":"2026-01-19T14:53:05","date_gmt":"2026-01-19T12:53:05","guid":{"rendered":"https:\/\/gadgettravellers.eu\/shop\/100-luci-led-bianco-freddo-pioggia-con-estensione-programmi-ip44-110x80cm-trasformatore-non-incluso-xmasfest-1133501\/"},"modified":"2026-04-22T22:55:45","modified_gmt":"2026-04-22T20:55:45","slug":"100-luci-led-bianco-freddo-pioggia-con-estensione-programmi-ip44-110x80cm-trasformatore-non-incluso-xmasfest-1133501","status":"publish","type":"product","link":"https:\/\/gadgettravellers.eu\/it\/shop\/100-luci-led-bianco-freddo-pioggia-con-estensione-programmi-ip44-110x80cm-trasformatore-non-incluso-xmasfest-1133501\/","title":{"rendered":"100 Luci LED Bianco Freddo Pioggia con Estensione &#038; Programmi IP44 110x80cm (Trasformatore non Incluso) Xmasfest 1133501"},"content":{"rendered":"<p>100 LED bianco freddo pioggia con estensione (connessione max. 15 file) &#038; 8 programmi. Per esterni &#038; interni. Con cavo verde. Trasformatore non incluso (codice 93-3484) con cavo da 3m 110x80cm<\/p>\n<div class='aiseo-faq-section' style='margin-top:30px; border-top:1px solid #eee; padding-top:20px;'>\n<h3>Domande Frequenti<\/h3>\n<details style='margin-bottom:10px; padding:10px; background:#f9f9f9; border-radius:5px;'>\n<summary style='font-weight:bold; cursor:pointer;'>Il trasformatore \u00e8 incluso con il prodotto?<\/summary>\n<div style='margin-top:10px; color:#555;'>No, il trasformatore non \u00e8 incluso (codice 93-3484).<\/div>\n<\/details>\n<details style='margin-bottom:10px; padding:10px; background:#f9f9f9; border-radius:5px;'>\n<summary style='font-weight:bold; cursor:pointer;'>Pu\u00f2 essere utilizzato all&#8217;aperto?<\/summary>\n<div style='margin-top:10px; color:#555;'>S\u00ec, \u00e8 adatto per ambienti interni ed esterni con grado di protezione IP44.<\/div>\n<\/details>\n<details style='margin-bottom:10px; padding:10px; background:#f9f9f9; border-radius:5px;'>\n<summary style='font-weight:bold; cursor:pointer;'>Quanti LED ha e quali sono le dimensioni?<\/summary>\n<div style='margin-top:10px; color:#555;'>Ha 100 LED e misura 110x80cm.<\/div>\n<\/details>\n<details style='margin-bottom:10px; padding:10px; background:#f9f9f9; border-radius:5px;'>\n<summary style='font-weight:bold; cursor:pointer;'>Posso collegare pi\u00f9 righe tra loro?<\/summary>\n<div style='margin-top:10px; color:#555;'>S\u00ec, supporta l&#8217;espansione e la connessione fino a 15 linee.<\/div>\n<\/details>\n<\/div>\n","protected":false},"excerpt":{"rendered":"<p>100 LED bianco freddo pioggia con estensione (connessione max. 15 file) &#038; 8 programmi. Per esterni &#038; interni. Con cavo verde. Trasformatore non incluso (codice 93-3484) con cavo da 3m 110x80cm Domande Frequenti Il trasformatore \u00e8 incluso con il prodotto? No, il trasformatore non \u00e8 incluso (codice 93-3484). Pu\u00f2 essere utilizzato all&#8217;aperto? S\u00ec, \u00e8 adatto [&hellip;]<\/p>\n","protected":false},"featured_media":5183208,"comment_status":"closed","ping_status":"open","template":"","meta":[],"product_brand":[],"product_cat":[],"product_tag":[15],"class_list":{"0":"post-5317530","1":"product","2":"type-product","3":"status-publish","4":"has-post-thumbnail","6":"product_tag-uncategorized","8":"first","9":"onbackorder","10":"purchasable","11":"product-type-simple"},"jetpack_sharing_enabled":true,"_links":{"self":[{"href":"https:\/\/gadgettravellers.eu\/it\/wp-json\/wp\/v2\/product\/5317530","targetHints":{"allow":["GET"]}}],"collection":[{"href":"https:\/\/gadgettravellers.eu\/it\/wp-json\/wp\/v2\/product"}],"about":[{"href":"https:\/\/gadgettravellers.eu\/it\/wp-json\/wp\/v2\/types\/product"}],"replies":[{"embeddable":true,"href":"https:\/\/gadgettravellers.eu\/it\/wp-json\/wp\/v2\/comments?post=5317530"}],"wp:featuredmedia":[{"embeddable":true,"href":"https:\/\/gadgettravellers.eu\/it\/wp-json\/wp\/v2\/media\/5183208"}],"wp:attachment":[{"href":"https:\/\/gadgettravellers.eu\/it\/wp-json\/wp\/v2\/media?parent=5317530"}],"wp:term":[{"taxonomy":"product_brand","embeddable":true,"href":"https:\/\/gadgettravellers.eu\/it\/wp-json\/wp\/v2\/product_brand?post=5317530"},{"taxonomy":"product_cat","embeddable":true,"href":"https:\/\/gadgettravellers.eu\/it\/wp-json\/wp\/v2\/product_cat?post=5317530"},{"taxonomy":"product_tag","embeddable":true,"href":"https:\/\/gadgettravellers.eu\/it\/wp-json\/wp\/v2\/product_tag?post=5317530"}],"curies":[{"name":"wp","href":"https:\/\/api.w.org\/{rel}","templated":true}]}}