{"id":5317531,"date":"2026-01-19T14:53:05","date_gmt":"2026-01-19T12:53:05","guid":{"rendered":"https:\/\/gadgettravellers.eu\/shop\/100-luci-led-bianco-caldo-rete-con-estensione-programmi-ip44-15x15m-trasformatore-non-incluso-xmasfest-1133502\/"},"modified":"2026-04-22T22:55:45","modified_gmt":"2026-04-22T20:55:45","slug":"100-luci-led-bianco-caldo-rete-con-estensione-programmi-ip44-15x15m-trasformatore-non-incluso-xmasfest-1133502","status":"publish","type":"product","link":"https:\/\/gadgettravellers.eu\/it\/shop\/100-luci-led-bianco-caldo-rete-con-estensione-programmi-ip44-15x15m-trasformatore-non-incluso-xmasfest-1133502\/","title":{"rendered":"100 Luci LED Bianco Caldo Rete con Estensione &#038; Programmi IP44 1,5&#215;1,5m (Trasformatore non Incluso) Xmasfest 1133502"},"content":{"rendered":"<p>Rete con 100 LED bianco caldo con estensione (connessione max. 15 file) e 8 programmi. Per uso esterno e interno. Con cavo verde. Trasformatore non incluso (codice 93-3484) con cavo da 3m 1,5&#215;1,5m<\/p>\n<div class='aiseo-faq-section' style='margin-top:30px; border-top:1px solid #eee; padding-top:20px;'>\n<h3>Domande Frequenti<\/h3>\n<details style='margin-bottom:10px; padding:10px; background:#f9f9f9; border-radius:5px;'>\n<summary style='font-weight:bold; cursor:pointer;'>Il trasformatore \u00e8 incluso?<\/summary>\n<div style='margin-top:10px; color:#555;'>No, il trasformatore non \u00e8 incluso (codice 93-3484).<\/div>\n<\/details>\n<details style='margin-bottom:10px; padding:10px; background:#f9f9f9; border-radius:5px;'>\n<summary style='font-weight:bold; cursor:pointer;'>Quanti LED ha e di che colore \u00e8 la luce?<\/summary>\n<div style='margin-top:10px; color:#555;'>La rete contiene 100 LED con illuminazione bianco caldo.<\/div>\n<\/details>\n<details style='margin-bottom:10px; padding:10px; background:#f9f9f9; border-radius:5px;'>\n<summary style='font-weight:bold; cursor:pointer;'>\u00c8 adatto per uso esterno?<\/summary>\n<div style='margin-top:10px; color:#555;'>S\u00ec, \u00e8 adatto per uso esterno e interno e dispone di protezione IP44.<\/div>\n<\/details>\n<details style='margin-bottom:10px; padding:10px; background:#f9f9f9; border-radius:5px;'>\n<summary style='font-weight:bold; cursor:pointer;'>Quali sono le dimensioni della rete?<\/summary>\n<div style='margin-top:10px; color:#555;'>Le dimensioni sono 1,5 x 1,5 metri.<\/div>\n<\/details>\n<details style='margin-bottom:10px; padding:10px; background:#f9f9f9; border-radius:5px;'>\n<summary style='font-weight:bold; cursor:pointer;'>Possono essere collegate tra loro pi\u00f9 serie?<\/summary>\n<div style='margin-top:10px; color:#555;'>S\u00ec, \u00e8 possibile collegare fino a 15 linee.<\/div>\n<\/details>\n<\/div>\n","protected":false},"excerpt":{"rendered":"<p>Rete con 100 LED bianco caldo con estensione (connessione max. 15 file) e 8 programmi. Per uso esterno e interno. Con cavo verde. Trasformatore non incluso (codice 93-3484) con cavo da 3m 1,5&#215;1,5m Domande Frequenti Il trasformatore \u00e8 incluso? No, il trasformatore non \u00e8 incluso (codice 93-3484). Quanti LED ha e di che colore \u00e8 [&hellip;]<\/p>\n","protected":false},"featured_media":5183212,"comment_status":"closed","ping_status":"open","template":"","meta":[],"product_brand":[],"product_cat":[],"product_tag":[15],"class_list":{"0":"post-5317531","1":"product","2":"type-product","3":"status-publish","4":"has-post-thumbnail","6":"product_tag-uncategorized","8":"first","9":"onbackorder","10":"purchasable","11":"product-type-simple"},"jetpack_sharing_enabled":true,"_links":{"self":[{"href":"https:\/\/gadgettravellers.eu\/it\/wp-json\/wp\/v2\/product\/5317531","targetHints":{"allow":["GET"]}}],"collection":[{"href":"https:\/\/gadgettravellers.eu\/it\/wp-json\/wp\/v2\/product"}],"about":[{"href":"https:\/\/gadgettravellers.eu\/it\/wp-json\/wp\/v2\/types\/product"}],"replies":[{"embeddable":true,"href":"https:\/\/gadgettravellers.eu\/it\/wp-json\/wp\/v2\/comments?post=5317531"}],"wp:featuredmedia":[{"embeddable":true,"href":"https:\/\/gadgettravellers.eu\/it\/wp-json\/wp\/v2\/media\/5183212"}],"wp:attachment":[{"href":"https:\/\/gadgettravellers.eu\/it\/wp-json\/wp\/v2\/media?parent=5317531"}],"wp:term":[{"taxonomy":"product_brand","embeddable":true,"href":"https:\/\/gadgettravellers.eu\/it\/wp-json\/wp\/v2\/product_brand?post=5317531"},{"taxonomy":"product_cat","embeddable":true,"href":"https:\/\/gadgettravellers.eu\/it\/wp-json\/wp\/v2\/product_cat?post=5317531"},{"taxonomy":"product_tag","embeddable":true,"href":"https:\/\/gadgettravellers.eu\/it\/wp-json\/wp\/v2\/product_tag?post=5317531"}],"curies":[{"name":"wp","href":"https:\/\/api.w.org\/{rel}","templated":true}]}}