{"id":5317537,"date":"2026-01-19T14:53:09","date_gmt":"2026-01-19T12:53:09","guid":{"rendered":"https:\/\/gadgettravellers.eu\/shop\/100-luci-led-a-batteria-rame-multicolori-in-serie-con-controller-ip20-103m-xmasfest-1133508\/"},"modified":"2026-04-22T22:55:48","modified_gmt":"2026-04-22T20:55:48","slug":"100-luci-led-a-batteria-rame-multicolori-in-serie-con-controller-ip20-103m-xmasfest-1133508","status":"publish","type":"product","link":"https:\/\/gadgettravellers.eu\/it\/shop\/100-luci-led-a-batteria-rame-multicolori-in-serie-con-controller-ip20-103m-xmasfest-1133508\/","title":{"rendered":"100 Luci LED a Batteria Rame Multicolori in Serie con Controller IP20 10,3m Xmasfest 1133508"},"content":{"rendered":"<p>100 LED a batteria multicolore con controller. Per uso interno. Con cavo argento. Le batterie 2AA non sono incluse 10,3m<\/p>\n<div class='aiseo-faq-section' style='margin-top:30px; border-top:1px solid #eee; padding-top:20px;'>\n<h3>Domande Frequenti<\/h3>\n<details style='margin-bottom:10px; padding:10px; background:#f9f9f9; border-radius:5px;'>\n<summary style='font-weight:bold; cursor:pointer;'>Quanto \u00e8 lunga la serie di immagini?<\/summary>\n<div style='margin-top:10px; color:#555;'>La sua lunghezza \u00e8 di 10,3 m.<\/div>\n<\/details>\n<details style='margin-bottom:10px; padding:10px; background:#f9f9f9; border-radius:5px;'>\n<summary style='font-weight:bold; cursor:pointer;'>Quante lampade include?<\/summary>\n<div style='margin-top:10px; color:#555;'>Include 100 lampadine LED.<\/div>\n<\/details>\n<details style='margin-bottom:10px; padding:10px; background:#f9f9f9; border-radius:5px;'>\n<summary style='font-weight:bold; cursor:pointer;'>Qual \u00e8 il metodo di alimentazione?<\/summary>\n<div style='margin-top:10px; color:#555;'>Funziona con 2 batterie AA, le batterie non sono incluse.<\/div>\n<\/details>\n<details style='margin-bottom:10px; padding:10px; background:#f9f9f9; border-radius:5px;'>\n<summary style='font-weight:bold; cursor:pointer;'>Pu\u00f2 essere utilizzato all&#8217;aperto?<\/summary>\n<div style='margin-top:10px; color:#555;'>No, \u00e8 destinato all&#8217;uso interno (categoria IP20).<\/div>\n<\/details>\n<details style='margin-bottom:10px; padding:10px; background:#f9f9f9; border-radius:5px;'>\n<summary style='font-weight:bold; cursor:pointer;'>Di che colore \u00e8 il cavo?<\/summary>\n<div style='margin-top:10px; color:#555;'>Ha un cavo argentato e LED colorati.<\/div>\n<\/details>\n<\/div>\n","protected":false},"excerpt":{"rendered":"<p>100 LED a batteria multicolore con controller. Per uso interno. Con cavo argento. Le batterie 2AA non sono incluse 10,3m Domande Frequenti Quanto \u00e8 lunga la serie di immagini? La sua lunghezza \u00e8 di 10,3 m. Quante lampade include? Include 100 lampadine LED. Qual \u00e8 il metodo di alimentazione? Funziona con 2 batterie AA, le [&hellip;]<\/p>\n","protected":false},"featured_media":5183236,"comment_status":"closed","ping_status":"open","template":"","meta":[],"product_brand":[],"product_cat":[],"product_tag":[15],"class_list":{"0":"post-5317537","1":"product","2":"type-product","3":"status-publish","4":"has-post-thumbnail","6":"product_tag-uncategorized","8":"first","9":"onbackorder","10":"purchasable","11":"product-type-simple"},"jetpack_sharing_enabled":true,"_links":{"self":[{"href":"https:\/\/gadgettravellers.eu\/it\/wp-json\/wp\/v2\/product\/5317537","targetHints":{"allow":["GET"]}}],"collection":[{"href":"https:\/\/gadgettravellers.eu\/it\/wp-json\/wp\/v2\/product"}],"about":[{"href":"https:\/\/gadgettravellers.eu\/it\/wp-json\/wp\/v2\/types\/product"}],"replies":[{"embeddable":true,"href":"https:\/\/gadgettravellers.eu\/it\/wp-json\/wp\/v2\/comments?post=5317537"}],"wp:featuredmedia":[{"embeddable":true,"href":"https:\/\/gadgettravellers.eu\/it\/wp-json\/wp\/v2\/media\/5183236"}],"wp:attachment":[{"href":"https:\/\/gadgettravellers.eu\/it\/wp-json\/wp\/v2\/media?parent=5317537"}],"wp:term":[{"taxonomy":"product_brand","embeddable":true,"href":"https:\/\/gadgettravellers.eu\/it\/wp-json\/wp\/v2\/product_brand?post=5317537"},{"taxonomy":"product_cat","embeddable":true,"href":"https:\/\/gadgettravellers.eu\/it\/wp-json\/wp\/v2\/product_cat?post=5317537"},{"taxonomy":"product_tag","embeddable":true,"href":"https:\/\/gadgettravellers.eu\/it\/wp-json\/wp\/v2\/product_tag?post=5317537"}],"curies":[{"name":"wp","href":"https:\/\/api.w.org\/{rel}","templated":true}]}}