{"id":5317539,"date":"2026-01-19T14:53:10","date_gmt":"2026-01-19T12:53:10","guid":{"rendered":"https:\/\/gadgettravellers.eu\/shop\/tubo-luminoso-200-led-10m-multicolore-con-programmi-ip44-o11mm-10m-3m-cavo-extra-xmasfest-1133512\/"},"modified":"2026-04-22T22:55:49","modified_gmt":"2026-04-22T20:55:49","slug":"tubo-luminoso-200-led-10m-multicolore-con-programmi-ip44-o11mm-10m-3m-cavo-extra-xmasfest-1133512","status":"publish","type":"product","link":"https:\/\/gadgettravellers.eu\/it\/shop\/tubo-luminoso-200-led-10m-multicolore-con-programmi-ip44-o11mm-10m-3m-cavo-extra-xmasfest-1133512\/","title":{"rendered":"Tubo luminoso 200 LED 10m Multicolore con Programmi IP44 \u00f811mm 10m (+3m Cavo Extra) Xmasfest 1133512"},"content":{"rendered":"<p>200 LED SMD. Multicolore con controller a 8 programmi. Per uso esterno e interno. Include il trasformatore IP44 \u00f811mm 10m (+3m cavo extra)<\/p>\n<div class='aiseo-faq-section' style='margin-top:30px; border-top:1px solid #eee; padding-top:20px;'>\n<h3>Domande Frequenti<\/h3>\n<details style='margin-bottom:10px; padding:10px; background:#f9f9f9; border-radius:5px;'>\n<summary style='font-weight:bold; cursor:pointer;'>Dove pu\u00f2 essere utilizzato il tubo fotonico?<\/summary>\n<div style='margin-top:10px; color:#555;'>Pu\u00f2 essere utilizzato in ambienti esterni e interni.<\/div>\n<\/details>\n<details style='margin-bottom:10px; padding:10px; background:#f9f9f9; border-radius:5px;'>\n<summary style='font-weight:bold; cursor:pointer;'>Quanti LED include e di che tipo sono?<\/summary>\n<div style='margin-top:10px; color:#555;'>Include 200 LED di tipo SMD.<\/div>\n<\/details>\n<details style='margin-bottom:10px; padding:10px; background:#f9f9f9; border-radius:5px;'>\n<summary style='font-weight:bold; cursor:pointer;'>Qual \u00e8 il livello di protezione del trasformatore?<\/summary>\n<div style='margin-top:10px; color:#555;'>Il trasformatore ha un grado di protezione IP44.<\/div>\n<\/details>\n<details style='margin-bottom:10px; padding:10px; background:#f9f9f9; border-radius:5px;'>\n<summary style='font-weight:bold; cursor:pointer;'>Quanti programmi ha il controller?<\/summary>\n<div style='margin-top:10px; color:#555;'>Il controller dispone di 8 programmi.<\/div>\n<\/details>\n<details style='margin-bottom:10px; padding:10px; background:#f9f9f9; border-radius:5px;'>\n<summary style='font-weight:bold; cursor:pointer;'>Qual \u00e8 la lunghezza del cavo e c&#8217;\u00e8 una lunghezza aggiuntiva?<\/summary>\n<div style='margin-top:10px; color:#555;'>Il tubo fluorescente ha una lunghezza di 10m e include inoltre 3m di cavo.<\/div>\n<\/details>\n<\/div>\n","protected":false},"excerpt":{"rendered":"<p>200 LED SMD. Multicolore con controller a 8 programmi. Per uso esterno e interno. Include il trasformatore IP44 \u00f811mm 10m (+3m cavo extra) Domande Frequenti Dove pu\u00f2 essere utilizzato il tubo fotonico? Pu\u00f2 essere utilizzato in ambienti esterni e interni. Quanti LED include e di che tipo sono? Include 200 LED di tipo SMD. Qual [&hellip;]<\/p>\n","protected":false},"featured_media":5183252,"comment_status":"closed","ping_status":"open","template":"","meta":[],"product_brand":[],"product_cat":[],"product_tag":[15],"class_list":{"0":"post-5317539","1":"product","2":"type-product","3":"status-publish","4":"has-post-thumbnail","6":"product_tag-uncategorized","8":"first","9":"onbackorder","10":"purchasable","11":"product-type-simple"},"jetpack_sharing_enabled":true,"_links":{"self":[{"href":"https:\/\/gadgettravellers.eu\/it\/wp-json\/wp\/v2\/product\/5317539","targetHints":{"allow":["GET"]}}],"collection":[{"href":"https:\/\/gadgettravellers.eu\/it\/wp-json\/wp\/v2\/product"}],"about":[{"href":"https:\/\/gadgettravellers.eu\/it\/wp-json\/wp\/v2\/types\/product"}],"replies":[{"embeddable":true,"href":"https:\/\/gadgettravellers.eu\/it\/wp-json\/wp\/v2\/comments?post=5317539"}],"wp:featuredmedia":[{"embeddable":true,"href":"https:\/\/gadgettravellers.eu\/it\/wp-json\/wp\/v2\/media\/5183252"}],"wp:attachment":[{"href":"https:\/\/gadgettravellers.eu\/it\/wp-json\/wp\/v2\/media?parent=5317539"}],"wp:term":[{"taxonomy":"product_brand","embeddable":true,"href":"https:\/\/gadgettravellers.eu\/it\/wp-json\/wp\/v2\/product_brand?post=5317539"},{"taxonomy":"product_cat","embeddable":true,"href":"https:\/\/gadgettravellers.eu\/it\/wp-json\/wp\/v2\/product_cat?post=5317539"},{"taxonomy":"product_tag","embeddable":true,"href":"https:\/\/gadgettravellers.eu\/it\/wp-json\/wp\/v2\/product_tag?post=5317539"}],"curies":[{"name":"wp","href":"https:\/\/api.w.org\/{rel}","templated":true}]}}