{"id":5317542,"date":"2026-01-19T14:53:11","date_gmt":"2026-01-19T12:53:11","guid":{"rendered":"https:\/\/gadgettravellers.eu\/shop\/tubo-luminoso-400-led-20m-bianco-caldo-con-programmi-ip44-%cf%8611mm-20m-3m-cavo-extra-xmasfest-1133513\/"},"modified":"2026-04-22T22:55:50","modified_gmt":"2026-04-22T20:55:50","slug":"tubo-luminoso-400-led-20m-bianco-caldo-con-programmi-ip44-%cf%8611mm-20m-3m-cavo-extra-xmasfest-1133513","status":"publish","type":"product","link":"https:\/\/gadgettravellers.eu\/it\/shop\/tubo-luminoso-400-led-20m-bianco-caldo-con-programmi-ip44-%cf%8611mm-20m-3m-cavo-extra-xmasfest-1133513\/","title":{"rendered":"Tubo luminoso 400 LED 20m Bianco Caldo con Programmi IP44 \u03a611mm 20m (+3m Cavo Extra) Xmasfest 1133513"},"content":{"rendered":"<p>400 LED SMD. Bianco caldo con controller a 8 programmi. Per uso esterno e interno. Include il trasformatore IP44 \u03a611mm 20m (+3m cavo extra)<\/p>\n<div class='aiseo-faq-section' style='margin-top:30px; border-top:1px solid #eee; padding-top:20px;'>\n<h3>Domande Frequenti<\/h3>\n<details style='margin-bottom:10px; padding:10px; background:#f9f9f9; border-radius:5px;'>\n<summary style='font-weight:bold; cursor:pointer;'>Pu\u00f2 essere utilizzato all&#8217;aperto?<\/summary>\n<div style='margin-top:10px; color:#555;'>S\u00ec, \u00e8 adatto per uso esterno e interno e dispone di protezione IP44.<\/div>\n<\/details>\n<details style='margin-bottom:10px; padding:10px; background:#f9f9f9; border-radius:5px;'>\n<summary style='font-weight:bold; cursor:pointer;'>Qual \u00e8 la lunghezza totale e cos&#8217;\u00e8 il cavo aggiuntivo?<\/summary>\n<div style='margin-top:10px; color:#555;'>Ha una lunghezza di 20 m e include inoltre 3 m di cavo per un&#8217;installazione pi\u00f9 facile.<\/div>\n<\/details>\n<details style='margin-bottom:10px; padding:10px; background:#f9f9f9; border-radius:5px;'>\n<summary style='font-weight:bold; cursor:pointer;'>Quanti LED contiene e di che tipo sono?<\/summary>\n<div style='margin-top:10px; color:#555;'>Contiene 400 LED di tipo SMD in colore bianco caldo.<\/div>\n<\/details>\n<details style='margin-bottom:10px; padding:10px; background:#f9f9f9; border-radius:5px;'>\n<summary style='font-weight:bold; cursor:pointer;'>Quanti programmi ha il controller?<\/summary>\n<div style='margin-top:10px; color:#555;'>Il controller offre 8 programmi di funzionamento.<\/div>\n<\/details>\n<details style='margin-bottom:10px; padding:10px; background:#f9f9f9; border-radius:5px;'>\n<summary style='font-weight:bold; cursor:pointer;'>Qual \u00e8 il diametro del tubo luminoso?<\/summary>\n<div style='margin-top:10px; color:#555;'>Il diametro del tubo luminoso \u00e8 \u03a611 mm.<\/div>\n<\/details>\n<\/div>\n","protected":false},"excerpt":{"rendered":"<p>400 LED SMD. Bianco caldo con controller a 8 programmi. Per uso esterno e interno. Include il trasformatore IP44 \u03a611mm 20m (+3m cavo extra) Domande Frequenti Pu\u00f2 essere utilizzato all&#8217;aperto? S\u00ec, \u00e8 adatto per uso esterno e interno e dispone di protezione IP44. Qual \u00e8 la lunghezza totale e cos&#8217;\u00e8 il cavo aggiuntivo? Ha una [&hellip;]<\/p>\n","protected":false},"featured_media":5183256,"comment_status":"closed","ping_status":"open","template":"","meta":[],"product_brand":[],"product_cat":[],"product_tag":[15],"class_list":{"0":"post-5317542","1":"product","2":"type-product","3":"status-publish","4":"has-post-thumbnail","6":"product_tag-uncategorized","8":"first","9":"onbackorder","10":"purchasable","11":"product-type-simple"},"jetpack_sharing_enabled":true,"_links":{"self":[{"href":"https:\/\/gadgettravellers.eu\/it\/wp-json\/wp\/v2\/product\/5317542","targetHints":{"allow":["GET"]}}],"collection":[{"href":"https:\/\/gadgettravellers.eu\/it\/wp-json\/wp\/v2\/product"}],"about":[{"href":"https:\/\/gadgettravellers.eu\/it\/wp-json\/wp\/v2\/types\/product"}],"replies":[{"embeddable":true,"href":"https:\/\/gadgettravellers.eu\/it\/wp-json\/wp\/v2\/comments?post=5317542"}],"wp:featuredmedia":[{"embeddable":true,"href":"https:\/\/gadgettravellers.eu\/it\/wp-json\/wp\/v2\/media\/5183256"}],"wp:attachment":[{"href":"https:\/\/gadgettravellers.eu\/it\/wp-json\/wp\/v2\/media?parent=5317542"}],"wp:term":[{"taxonomy":"product_brand","embeddable":true,"href":"https:\/\/gadgettravellers.eu\/it\/wp-json\/wp\/v2\/product_brand?post=5317542"},{"taxonomy":"product_cat","embeddable":true,"href":"https:\/\/gadgettravellers.eu\/it\/wp-json\/wp\/v2\/product_cat?post=5317542"},{"taxonomy":"product_tag","embeddable":true,"href":"https:\/\/gadgettravellers.eu\/it\/wp-json\/wp\/v2\/product_tag?post=5317542"}],"curies":[{"name":"wp","href":"https:\/\/api.w.org\/{rel}","templated":true}]}}