{"id":5317543,"date":"2026-01-19T14:53:12","date_gmt":"2026-01-19T12:53:12","guid":{"rendered":"https:\/\/gadgettravellers.eu\/shop\/portacandele-con-decorazione-natalizia-bianco-46cm-xmasfest-1133516\/"},"modified":"2026-04-22T22:55:50","modified_gmt":"2026-04-22T20:55:50","slug":"portacandele-con-decorazione-natalizia-bianco-46cm-xmasfest-1133516","status":"publish","type":"product","link":"https:\/\/gadgettravellers.eu\/it\/shop\/portacandele-con-decorazione-natalizia-bianco-46cm-xmasfest-1133516\/","title":{"rendered":"Portacandele con Decorazione Natalizia Bianco 46cm Xmasfest 1133516"},"content":{"rendered":"<p>Candelabro a 3 posti 46cm<\/p>\n<div class='aiseo-faq-section' style='margin-top:30px; border-top:1px solid #eee; padding-top:20px;'>\n<h3>Domande Frequenti<\/h3>\n<details style='margin-bottom:10px; padding:10px; background:#f9f9f9; border-radius:5px;'>\n<summary style='font-weight:bold; cursor:pointer;'>Qual \u00e8 l&#8217;altezza del portacandele?<\/summary>\n<div style='margin-top:10px; color:#555;'>Il candeliere \u00e8 alto 46 cm.<\/div>\n<\/details>\n<details style='margin-bottom:10px; padding:10px; background:#f9f9f9; border-radius:5px;'>\n<summary style='font-weight:bold; cursor:pointer;'>Quanti posti per candele ha?<\/summary>\n<div style='margin-top:10px; color:#555;'>Dispone di tre posti per candele.<\/div>\n<\/details>\n<details style='margin-bottom:10px; padding:10px; background:#f9f9f9; border-radius:5px;'>\n<summary style='font-weight:bold; cursor:pointer;'>\u00c8 adatto per la decorazione natalizia?<\/summary>\n<div style='margin-top:10px; color:#555;'>S\u00ec, \u00e8 ideale per la decorazione natalizia e come elemento centrale sul tavolo.<\/div>\n<\/details>\n<details style='margin-bottom:10px; padding:10px; background:#f9f9f9; border-radius:5px;'>\n<summary style='font-weight:bold; cursor:pointer;'>\u00c8 stabile e facile da usare?<\/summary>\n<div style='margin-top:10px; color:#555;'>S\u00ec, secondo la descrizione \u00e8 stabile e facile da usare.<\/div>\n<\/details>\n<\/div>\n","protected":false},"excerpt":{"rendered":"<p>Candelabro a 3 posti 46cm Domande Frequenti Qual \u00e8 l&#8217;altezza del portacandele? Il candeliere \u00e8 alto 46 cm. Quanti posti per candele ha? Dispone di tre posti per candele. \u00c8 adatto per la decorazione natalizia? S\u00ec, \u00e8 ideale per la decorazione natalizia e come elemento centrale sul tavolo. \u00c8 stabile e facile da usare? S\u00ec, [&hellip;]<\/p>\n","protected":false},"featured_media":5183268,"comment_status":"closed","ping_status":"open","template":"","meta":[],"product_brand":[],"product_cat":[],"product_tag":[15],"class_list":{"0":"post-5317543","1":"product","2":"type-product","3":"status-publish","4":"has-post-thumbnail","6":"product_tag-uncategorized","8":"first","9":"onbackorder","10":"purchasable","11":"product-type-simple"},"jetpack_sharing_enabled":true,"_links":{"self":[{"href":"https:\/\/gadgettravellers.eu\/it\/wp-json\/wp\/v2\/product\/5317543","targetHints":{"allow":["GET"]}}],"collection":[{"href":"https:\/\/gadgettravellers.eu\/it\/wp-json\/wp\/v2\/product"}],"about":[{"href":"https:\/\/gadgettravellers.eu\/it\/wp-json\/wp\/v2\/types\/product"}],"replies":[{"embeddable":true,"href":"https:\/\/gadgettravellers.eu\/it\/wp-json\/wp\/v2\/comments?post=5317543"}],"wp:featuredmedia":[{"embeddable":true,"href":"https:\/\/gadgettravellers.eu\/it\/wp-json\/wp\/v2\/media\/5183268"}],"wp:attachment":[{"href":"https:\/\/gadgettravellers.eu\/it\/wp-json\/wp\/v2\/media?parent=5317543"}],"wp:term":[{"taxonomy":"product_brand","embeddable":true,"href":"https:\/\/gadgettravellers.eu\/it\/wp-json\/wp\/v2\/product_brand?post=5317543"},{"taxonomy":"product_cat","embeddable":true,"href":"https:\/\/gadgettravellers.eu\/it\/wp-json\/wp\/v2\/product_cat?post=5317543"},{"taxonomy":"product_tag","embeddable":true,"href":"https:\/\/gadgettravellers.eu\/it\/wp-json\/wp\/v2\/product_tag?post=5317543"}],"curies":[{"name":"wp","href":"https:\/\/api.w.org\/{rel}","templated":true}]}}