{"id":5317544,"date":"2026-01-19T14:53:12","date_gmt":"2026-01-19T12:53:12","guid":{"rendered":"https:\/\/gadgettravellers.eu\/shop\/candelabro-con-decorazione-natalizia-rosso-46cm-xmasfest-1133515\/"},"modified":"2026-04-22T22:55:51","modified_gmt":"2026-04-22T20:55:51","slug":"candelabro-con-decorazione-natalizia-rosso-46cm-xmasfest-1133515","status":"publish","type":"product","link":"https:\/\/gadgettravellers.eu\/it\/shop\/candelabro-con-decorazione-natalizia-rosso-46cm-xmasfest-1133515\/","title":{"rendered":"Candelabro con Decorazione Natalizia Rosso 46cm Xmasfest 1133515"},"content":{"rendered":"<p>Candelabro a 3 posti 46cm<\/p>\n<div class='aiseo-faq-section' style='margin-top:30px; border-top:1px solid #eee; padding-top:20px;'>\n<h3>Domande Frequenti<\/h3>\n<details style='margin-bottom:10px; padding:10px; background:#f9f9f9; border-radius:5px;'>\n<summary style='font-weight:bold; cursor:pointer;'>Per quante candele \u00e8 questo portacandele?<\/summary>\n<div style='margin-top:10px; color:#555;'>\u00c8 un candelabro a 3 posti, cio\u00e8 ospita tre candele.<\/div>\n<\/details>\n<details style='margin-bottom:10px; padding:10px; background:#f9f9f9; border-radius:5px;'>\n<summary style='font-weight:bold; cursor:pointer;'>Qual \u00e8 la dimensione del portacandele?<\/summary>\n<div style='margin-top:10px; color:#555;'>Il candeliere \u00e8 alto 46 cm.<\/div>\n<\/details>\n<details style='margin-bottom:10px; padding:10px; background:#f9f9f9; border-radius:5px;'>\n<summary style='font-weight:bold; cursor:pointer;'>A quale uso si adatta il prodotto?<\/summary>\n<div style='margin-top:10px; color:#555;'>\u00c8 ideale per la decorazione natalizia della tavola e composizioni festive.<\/div>\n<\/details>\n<details style='margin-bottom:10px; padding:10px; background:#f9f9f9; border-radius:5px;'>\n<summary style='font-weight:bold; cursor:pointer;'>Qual \u00e8 la base del candelabro?<\/summary>\n<div style='margin-top:10px; color:#555;'>Dispone di una base stabile che garantisce sicurezza ed equilibrio.<\/div>\n<\/details>\n<\/div>\n","protected":false},"excerpt":{"rendered":"<p>Candelabro a 3 posti 46cm Domande Frequenti Per quante candele \u00e8 questo portacandele? \u00c8 un candelabro a 3 posti, cio\u00e8 ospita tre candele. Qual \u00e8 la dimensione del portacandele? Il candeliere \u00e8 alto 46 cm. A quale uso si adatta il prodotto? \u00c8 ideale per la decorazione natalizia della tavola e composizioni festive. Qual \u00e8 [&hellip;]<\/p>\n","protected":false},"featured_media":5183264,"comment_status":"closed","ping_status":"open","template":"","meta":[],"product_brand":[],"product_cat":[],"product_tag":[15],"class_list":{"0":"post-5317544","1":"product","2":"type-product","3":"status-publish","4":"has-post-thumbnail","6":"product_tag-uncategorized","8":"first","9":"onbackorder","10":"purchasable","11":"product-type-simple"},"jetpack_sharing_enabled":true,"_links":{"self":[{"href":"https:\/\/gadgettravellers.eu\/it\/wp-json\/wp\/v2\/product\/5317544","targetHints":{"allow":["GET"]}}],"collection":[{"href":"https:\/\/gadgettravellers.eu\/it\/wp-json\/wp\/v2\/product"}],"about":[{"href":"https:\/\/gadgettravellers.eu\/it\/wp-json\/wp\/v2\/types\/product"}],"replies":[{"embeddable":true,"href":"https:\/\/gadgettravellers.eu\/it\/wp-json\/wp\/v2\/comments?post=5317544"}],"wp:featuredmedia":[{"embeddable":true,"href":"https:\/\/gadgettravellers.eu\/it\/wp-json\/wp\/v2\/media\/5183264"}],"wp:attachment":[{"href":"https:\/\/gadgettravellers.eu\/it\/wp-json\/wp\/v2\/media?parent=5317544"}],"wp:term":[{"taxonomy":"product_brand","embeddable":true,"href":"https:\/\/gadgettravellers.eu\/it\/wp-json\/wp\/v2\/product_brand?post=5317544"},{"taxonomy":"product_cat","embeddable":true,"href":"https:\/\/gadgettravellers.eu\/it\/wp-json\/wp\/v2\/product_cat?post=5317544"},{"taxonomy":"product_tag","embeddable":true,"href":"https:\/\/gadgettravellers.eu\/it\/wp-json\/wp\/v2\/product_tag?post=5317544"}],"curies":[{"name":"wp","href":"https:\/\/api.w.org\/{rel}","templated":true}]}}