{"id":5317545,"date":"2026-01-19T14:53:13","date_gmt":"2026-01-19T12:53:13","guid":{"rendered":"https:\/\/gadgettravellers.eu\/shop\/tubo-luminoso-400-led-20m-multicolore-con-programmi-ip44-%cf%8611mm-20m-3m-cavo-extra-xmasfest-1133514\/"},"modified":"2026-04-22T22:55:51","modified_gmt":"2026-04-22T20:55:51","slug":"tubo-luminoso-400-led-20m-multicolore-con-programmi-ip44-%cf%8611mm-20m-3m-cavo-extra-xmasfest-1133514","status":"publish","type":"product","link":"https:\/\/gadgettravellers.eu\/it\/shop\/tubo-luminoso-400-led-20m-multicolore-con-programmi-ip44-%cf%8611mm-20m-3m-cavo-extra-xmasfest-1133514\/","title":{"rendered":"Tubo luminoso 400 LED 20m Multicolore con Programmi IP44 \u03a611mm 20m (+3m Cavo Extra) Xmasfest 1133514"},"content":{"rendered":"<p>400 LED SMD. Multicolore con controller a 8 programmi. Per uso esterno e interno. Incluso trasformatore IP44 \u03a611mm 20m (+3m cavo extra)<\/p>\n<div class='aiseo-faq-section' style='margin-top:30px; border-top:1px solid #eee; padding-top:20px;'>\n<h3>Domande Frequenti<\/h3>\n<details style='margin-bottom:10px; padding:10px; background:#f9f9f9; border-radius:5px;'>\n<summary style='font-weight:bold; cursor:pointer;'>Pu\u00f2 essere utilizzato all&#8217;aperto?<\/summary>\n<div style='margin-top:10px; color:#555;'>S\u00ec, \u00e8 adatto per uso esterno e interno con protezione IP44.<\/div>\n<\/details>\n<details style='margin-bottom:10px; padding:10px; background:#f9f9f9; border-radius:5px;'>\n<summary style='font-weight:bold; cursor:pointer;'>Che tipo di LED e quanti LED contiene?<\/summary>\n<div style='margin-top:10px; color:#555;'>Utilizza 400 LED SMD RGB multicolori.<\/div>\n<\/details>\n<details style='margin-bottom:10px; padding:10px; background:#f9f9f9; border-radius:5px;'>\n<summary style='font-weight:bold; cursor:pointer;'>\u00c8 incluso un trasformatore e un cavo aggiuntivo?<\/summary>\n<div style='margin-top:10px; color:#555;'>S\u00ec, \u00e8 incluso un trasformatore IP44 e inoltre 3 metri di cavo.<\/div>\n<\/details>\n<details style='margin-bottom:10px; padding:10px; background:#f9f9f9; border-radius:5px;'>\n<summary style='font-weight:bold; cursor:pointer;'>Quanti programmi ha il controller?<\/summary>\n<div style='margin-top:10px; color:#555;'>Il controller dispone di 8 programmi.<\/div>\n<\/details>\n<details style='margin-bottom:10px; padding:10px; background:#f9f9f9; border-radius:5px;'>\n<summary style='font-weight:bold; cursor:pointer;'>Qual \u00e8 il diametro e la lunghezza del tubo fotografico?<\/summary>\n<div style='margin-top:10px; color:#555;'>Diametro \u03a611mm e lunghezza 20m con +3m di cavo aggiuntivo.<\/div>\n<\/details>\n<\/div>\n","protected":false},"excerpt":{"rendered":"<p>400 LED SMD. Multicolore con controller a 8 programmi. Per uso esterno e interno. Incluso trasformatore IP44 \u03a611mm 20m (+3m cavo extra) Domande Frequenti Pu\u00f2 essere utilizzato all&#8217;aperto? S\u00ec, \u00e8 adatto per uso esterno e interno con protezione IP44. Che tipo di LED e quanti LED contiene? Utilizza 400 LED SMD RGB multicolori. \u00c8 incluso [&hellip;]<\/p>\n","protected":false},"featured_media":5183260,"comment_status":"closed","ping_status":"open","template":"","meta":[],"product_brand":[],"product_cat":[],"product_tag":[15],"class_list":{"0":"post-5317545","1":"product","2":"type-product","3":"status-publish","4":"has-post-thumbnail","6":"product_tag-uncategorized","8":"first","9":"onbackorder","10":"purchasable","11":"product-type-simple"},"jetpack_sharing_enabled":true,"_links":{"self":[{"href":"https:\/\/gadgettravellers.eu\/it\/wp-json\/wp\/v2\/product\/5317545","targetHints":{"allow":["GET"]}}],"collection":[{"href":"https:\/\/gadgettravellers.eu\/it\/wp-json\/wp\/v2\/product"}],"about":[{"href":"https:\/\/gadgettravellers.eu\/it\/wp-json\/wp\/v2\/types\/product"}],"replies":[{"embeddable":true,"href":"https:\/\/gadgettravellers.eu\/it\/wp-json\/wp\/v2\/comments?post=5317545"}],"wp:featuredmedia":[{"embeddable":true,"href":"https:\/\/gadgettravellers.eu\/it\/wp-json\/wp\/v2\/media\/5183260"}],"wp:attachment":[{"href":"https:\/\/gadgettravellers.eu\/it\/wp-json\/wp\/v2\/media?parent=5317545"}],"wp:term":[{"taxonomy":"product_brand","embeddable":true,"href":"https:\/\/gadgettravellers.eu\/it\/wp-json\/wp\/v2\/product_brand?post=5317545"},{"taxonomy":"product_cat","embeddable":true,"href":"https:\/\/gadgettravellers.eu\/it\/wp-json\/wp\/v2\/product_cat?post=5317545"},{"taxonomy":"product_tag","embeddable":true,"href":"https:\/\/gadgettravellers.eu\/it\/wp-json\/wp\/v2\/product_tag?post=5317545"}],"curies":[{"name":"wp","href":"https:\/\/api.w.org\/{rel}","templated":true}]}}