{"id":5317547,"date":"2026-01-19T14:53:16","date_gmt":"2026-01-19T12:53:16","guid":{"rendered":"https:\/\/gadgettravellers.eu\/shop\/lacrima-con-decorazione-natalizia-stelle-di-natale-72cm-xmasfest-1133518\/"},"modified":"2026-04-22T22:55:52","modified_gmt":"2026-04-22T20:55:52","slug":"lacrima-con-decorazione-natalizia-stelle-di-natale-72cm-xmasfest-1133518","status":"publish","type":"product","link":"https:\/\/gadgettravellers.eu\/it\/shop\/lacrima-con-decorazione-natalizia-stelle-di-natale-72cm-xmasfest-1133518\/","title":{"rendered":"Lacrima con Decorazione Natalizia Stelle di Natale 72cm Xmasfest 1133518"},"content":{"rendered":"<p>Lacrima 72cm<\/p>\n<div class='aiseo-faq-section' style='margin-top:30px; border-top:1px solid #eee; padding-top:20px;'>\n<h3>Domande Frequenti<\/h3>\n<details style='margin-bottom:10px; padding:10px; background:#f9f9f9; border-radius:5px;'>\n<summary style='font-weight:bold; cursor:pointer;'>Qual \u00e8 la lunghezza dell&#8217;ornamento?<\/summary>\n<div style='margin-top:10px; color:#555;'>La lunghezza \u00e8 72 cm.<\/div>\n<\/details>\n<details style='margin-bottom:10px; padding:10px; background:#f9f9f9; border-radius:5px;'>\n<summary style='font-weight:bold; cursor:pointer;'>In quali ambienti \u00e8 ideale per essere appeso?<\/summary>\n<div style='margin-top:10px; color:#555;'>Ideale per alberi, porte, vetrine, aree di accoglienza cos\u00ec come per case, negozi ed eventi.<\/div>\n<\/details>\n<details style='margin-bottom:10px; padding:10px; background:#f9f9f9; border-radius:5px;'>\n<summary style='font-weight:bold; cursor:pointer;'>\u00c8 difficile da appendere?<\/summary>\n<div style='margin-top:10px; color:#555;'>No; \u00e8 leggero e facile da appendere.<\/div>\n<\/details>\n<details style='margin-bottom:10px; padding:10px; background:#f9f9f9; border-radius:5px;'>\n<summary style='font-weight:bold; cursor:pointer;'>Quali decorazioni include?<\/summary>\n<div style='margin-top:10px; color:#555;'>Include decorativi alexandriti che aggiungono un&#8217;estetica festiva e colore.<\/div>\n<\/details>\n<\/div>\n","protected":false},"excerpt":{"rendered":"<p>Lacrima 72cm Domande Frequenti Qual \u00e8 la lunghezza dell&#8217;ornamento? La lunghezza \u00e8 72 cm. In quali ambienti \u00e8 ideale per essere appeso? Ideale per alberi, porte, vetrine, aree di accoglienza cos\u00ec come per case, negozi ed eventi. \u00c8 difficile da appendere? No; \u00e8 leggero e facile da appendere. Quali decorazioni include? Include decorativi alexandriti che [&hellip;]<\/p>\n","protected":false},"featured_media":5183276,"comment_status":"closed","ping_status":"open","template":"","meta":[],"product_brand":[],"product_cat":[],"product_tag":[15],"class_list":{"0":"post-5317547","1":"product","2":"type-product","3":"status-publish","4":"has-post-thumbnail","6":"product_tag-uncategorized","8":"first","9":"onbackorder","10":"purchasable","11":"product-type-simple"},"jetpack_sharing_enabled":true,"_links":{"self":[{"href":"https:\/\/gadgettravellers.eu\/it\/wp-json\/wp\/v2\/product\/5317547","targetHints":{"allow":["GET"]}}],"collection":[{"href":"https:\/\/gadgettravellers.eu\/it\/wp-json\/wp\/v2\/product"}],"about":[{"href":"https:\/\/gadgettravellers.eu\/it\/wp-json\/wp\/v2\/types\/product"}],"replies":[{"embeddable":true,"href":"https:\/\/gadgettravellers.eu\/it\/wp-json\/wp\/v2\/comments?post=5317547"}],"wp:featuredmedia":[{"embeddable":true,"href":"https:\/\/gadgettravellers.eu\/it\/wp-json\/wp\/v2\/media\/5183276"}],"wp:attachment":[{"href":"https:\/\/gadgettravellers.eu\/it\/wp-json\/wp\/v2\/media?parent=5317547"}],"wp:term":[{"taxonomy":"product_brand","embeddable":true,"href":"https:\/\/gadgettravellers.eu\/it\/wp-json\/wp\/v2\/product_brand?post=5317547"},{"taxonomy":"product_cat","embeddable":true,"href":"https:\/\/gadgettravellers.eu\/it\/wp-json\/wp\/v2\/product_cat?post=5317547"},{"taxonomy":"product_tag","embeddable":true,"href":"https:\/\/gadgettravellers.eu\/it\/wp-json\/wp\/v2\/product_tag?post=5317547"}],"curies":[{"name":"wp","href":"https:\/\/api.w.org\/{rel}","templated":true}]}}