{"id":5317548,"date":"2026-01-19T14:53:17","date_gmt":"2026-01-19T12:53:17","guid":{"rendered":"https:\/\/gadgettravellers.eu\/shop\/corona-merry-christmas-decorata-oro-o40cm-xmasfest-1133521\/"},"modified":"2026-04-22T22:55:52","modified_gmt":"2026-04-22T20:55:52","slug":"corona-merry-christmas-decorata-oro-o40cm-xmasfest-1133521","status":"publish","type":"product","link":"https:\/\/gadgettravellers.eu\/it\/shop\/corona-merry-christmas-decorata-oro-o40cm-xmasfest-1133521\/","title":{"rendered":"Corona Merry Christmas Decorata Oro \u00f840cm Xmasfest 1133521"},"content":{"rendered":"<p>\u00f840cm<\/p>\n<div class='aiseo-faq-section' style='margin-top:30px; border-top:1px solid #eee; padding-top:20px;'>\n<h3>Domande Frequenti<\/h3>\n<details style='margin-bottom:10px; padding:10px; background:#f9f9f9; border-radius:5px;'>\n<summary style='font-weight:bold; cursor:pointer;'>La corona \u00e8 pronta per essere appesa?<\/summary>\n<div style='margin-top:10px; color:#555;'>S\u00ec, \u00e8 preformato e decorato, pronto per essere appeso a una porta o a una parete.<\/div>\n<\/details>\n<details style='margin-bottom:10px; padding:10px; background:#f9f9f9; border-radius:5px;'>\n<summary style='font-weight:bold; cursor:pointer;'>Qual \u00e8 il diametro della corona?<\/summary>\n<div style='margin-top:10px; color:#555;'>Il diametro \u00e8 \u00d840cm.<\/div>\n<\/details>\n<details style='margin-bottom:10px; padding:10px; background:#f9f9f9; border-radius:5px;'>\n<summary style='font-weight:bold; cursor:pointer;'>Pu\u00f2 essere utilizzato all&#8217;aperto?<\/summary>\n<div style='margin-top:10px; color:#555;'>No, la corona \u00e8 adatta per la decorazione interna.<\/div>\n<\/details>\n<details style='margin-bottom:10px; padding:10px; background:#f9f9f9; border-radius:5px;'>\n<summary style='font-weight:bold; cursor:pointer;'>\u00c8 facile da conservare dopo le feste?<\/summary>\n<div style='margin-top:10px; color:#555;'>S\u00ec, \u00e8 leggero e si conserva facilmente dopo le feste.<\/div>\n<\/details>\n<\/div>\n","protected":false},"excerpt":{"rendered":"<p>\u00f840cm Domande Frequenti La corona \u00e8 pronta per essere appesa? S\u00ec, \u00e8 preformato e decorato, pronto per essere appeso a una porta o a una parete. Qual \u00e8 il diametro della corona? Il diametro \u00e8 \u00d840cm. Pu\u00f2 essere utilizzato all&#8217;aperto? No, la corona \u00e8 adatta per la decorazione interna. \u00c8 facile da conservare dopo le [&hellip;]<\/p>\n","protected":false},"featured_media":5183288,"comment_status":"closed","ping_status":"open","template":"","meta":[],"product_brand":[],"product_cat":[],"product_tag":[15],"class_list":{"0":"post-5317548","1":"product","2":"type-product","3":"status-publish","4":"has-post-thumbnail","6":"product_tag-uncategorized","8":"first","9":"onbackorder","10":"purchasable","11":"product-type-simple"},"jetpack_sharing_enabled":true,"_links":{"self":[{"href":"https:\/\/gadgettravellers.eu\/it\/wp-json\/wp\/v2\/product\/5317548","targetHints":{"allow":["GET"]}}],"collection":[{"href":"https:\/\/gadgettravellers.eu\/it\/wp-json\/wp\/v2\/product"}],"about":[{"href":"https:\/\/gadgettravellers.eu\/it\/wp-json\/wp\/v2\/types\/product"}],"replies":[{"embeddable":true,"href":"https:\/\/gadgettravellers.eu\/it\/wp-json\/wp\/v2\/comments?post=5317548"}],"wp:featuredmedia":[{"embeddable":true,"href":"https:\/\/gadgettravellers.eu\/it\/wp-json\/wp\/v2\/media\/5183288"}],"wp:attachment":[{"href":"https:\/\/gadgettravellers.eu\/it\/wp-json\/wp\/v2\/media?parent=5317548"}],"wp:term":[{"taxonomy":"product_brand","embeddable":true,"href":"https:\/\/gadgettravellers.eu\/it\/wp-json\/wp\/v2\/product_brand?post=5317548"},{"taxonomy":"product_cat","embeddable":true,"href":"https:\/\/gadgettravellers.eu\/it\/wp-json\/wp\/v2\/product_cat?post=5317548"},{"taxonomy":"product_tag","embeddable":true,"href":"https:\/\/gadgettravellers.eu\/it\/wp-json\/wp\/v2\/product_tag?post=5317548"}],"curies":[{"name":"wp","href":"https:\/\/api.w.org\/{rel}","templated":true}]}}