{"id":5317553,"date":"2026-01-19T14:53:22","date_gmt":"2026-01-19T12:53:22","guid":{"rendered":"https:\/\/gadgettravellers.eu\/shop\/tubo-luminoso-stella-23-led-1m-bianco-caldo-con-programmi-ip44-o11mm-1m-tubo-luminoso-3m-cavo-extra-30x30cm-xmasfest-1133525\/"},"modified":"2026-04-22T22:55:55","modified_gmt":"2026-04-22T20:55:55","slug":"tubo-luminoso-stella-23-led-1m-bianco-caldo-con-programmi-ip44-o11mm-1m-tubo-luminoso-3m-cavo-extra-30x30cm-xmasfest-1133525","status":"publish","type":"product","link":"https:\/\/gadgettravellers.eu\/it\/shop\/tubo-luminoso-stella-23-led-1m-bianco-caldo-con-programmi-ip44-o11mm-1m-tubo-luminoso-3m-cavo-extra-30x30cm-xmasfest-1133525\/","title":{"rendered":"Tubo luminoso Stella 23 LED 1m Bianco Caldo con Programmi IP44 \u00f811mm 1m Tubo luminoso (+3m Cavo Extra) 30x30cm Xmasfest 1133525"},"content":{"rendered":"<p>23 LED SMD bianco caldo con controller a 8 programmi. Per uso esterno e interno. Incluso il trasformatore IP44 \u00f811mm 1m tubo luminoso (+3m cavo extra) 30x30cm<\/p>\n<div class='aiseo-faq-section' style='margin-top:30px; border-top:1px solid #eee; padding-top:20px;'>\n<h3>Domande Frequenti<\/h3>\n<details style='margin-bottom:10px; padding:10px; background:#f9f9f9; border-radius:5px;'>\n<summary style='font-weight:bold; cursor:pointer;'>\u00c8 adatto per uso esterno?<\/summary>\n<div style='margin-top:10px; color:#555;'>S\u00ec, \u00e8 adatto per uso esterno e interno e ha un grado di protezione IP44.<\/div>\n<\/details>\n<details style='margin-bottom:10px; padding:10px; background:#f9f9f9; border-radius:5px;'>\n<summary style='font-weight:bold; cursor:pointer;'>Quanti LED ha e quale lunghezza ha il tubo luminoso?<\/summary>\n<div style='margin-top:10px; color:#555;'>Dispone di 23 LED SMD e una lunghezza di 1 metro.<\/div>\n<\/details>\n<details style='margin-bottom:10px; padding:10px; background:#f9f9f9; border-radius:5px;'>\n<summary style='font-weight:bold; cursor:pointer;'>Quali funzionalit\u00e0 di programmazione ha il controller?<\/summary>\n<div style='margin-top:10px; color:#555;'>Il controller offre 8 programmi di funzionamento.<\/div>\n<\/details>\n<details style='margin-bottom:10px; padding:10px; background:#f9f9f9; border-radius:5px;'>\n<summary style='font-weight:bold; cursor:pointer;'>Sono inclusi trasformatore e cavo aggiuntivo?<\/summary>\n<div style='margin-top:10px; color:#555;'>S\u00ec, \u00e8 incluso un trasformatore IP44 e 3 metri di cavo aggiuntivo.<\/div>\n<\/details>\n<\/div>\n","protected":false},"excerpt":{"rendered":"<p>23 LED SMD bianco caldo con controller a 8 programmi. Per uso esterno e interno. Incluso il trasformatore IP44 \u00f811mm 1m tubo luminoso (+3m cavo extra) 30x30cm Domande Frequenti \u00c8 adatto per uso esterno? S\u00ec, \u00e8 adatto per uso esterno e interno e ha un grado di protezione IP44. Quanti LED ha e quale lunghezza [&hellip;]<\/p>\n","protected":false},"featured_media":5183304,"comment_status":"closed","ping_status":"open","template":"","meta":[],"product_brand":[],"product_cat":[],"product_tag":[15],"class_list":{"0":"post-5317553","1":"product","2":"type-product","3":"status-publish","4":"has-post-thumbnail","6":"product_tag-uncategorized","8":"first","9":"onbackorder","10":"purchasable","11":"product-type-simple"},"jetpack_sharing_enabled":true,"_links":{"self":[{"href":"https:\/\/gadgettravellers.eu\/it\/wp-json\/wp\/v2\/product\/5317553","targetHints":{"allow":["GET"]}}],"collection":[{"href":"https:\/\/gadgettravellers.eu\/it\/wp-json\/wp\/v2\/product"}],"about":[{"href":"https:\/\/gadgettravellers.eu\/it\/wp-json\/wp\/v2\/types\/product"}],"replies":[{"embeddable":true,"href":"https:\/\/gadgettravellers.eu\/it\/wp-json\/wp\/v2\/comments?post=5317553"}],"wp:featuredmedia":[{"embeddable":true,"href":"https:\/\/gadgettravellers.eu\/it\/wp-json\/wp\/v2\/media\/5183304"}],"wp:attachment":[{"href":"https:\/\/gadgettravellers.eu\/it\/wp-json\/wp\/v2\/media?parent=5317553"}],"wp:term":[{"taxonomy":"product_brand","embeddable":true,"href":"https:\/\/gadgettravellers.eu\/it\/wp-json\/wp\/v2\/product_brand?post=5317553"},{"taxonomy":"product_cat","embeddable":true,"href":"https:\/\/gadgettravellers.eu\/it\/wp-json\/wp\/v2\/product_cat?post=5317553"},{"taxonomy":"product_tag","embeddable":true,"href":"https:\/\/gadgettravellers.eu\/it\/wp-json\/wp\/v2\/product_tag?post=5317553"}],"curies":[{"name":"wp","href":"https:\/\/api.w.org\/{rel}","templated":true}]}}