{"id":5317555,"date":"2026-01-19T14:53:23","date_gmt":"2026-01-19T12:53:23","guid":{"rendered":"https:\/\/gadgettravellers.eu\/shop\/albero-24m-con-luce-gonfiabile-elettrico-ip44-xmasfest-1133528\/"},"modified":"2026-04-22T22:55:56","modified_gmt":"2026-04-22T20:55:56","slug":"albero-24m-con-luce-gonfiabile-elettrico-ip44-xmasfest-1133528","status":"publish","type":"product","link":"https:\/\/gadgettravellers.eu\/it\/shop\/albero-24m-con-luce-gonfiabile-elettrico-ip44-xmasfest-1133528\/","title":{"rendered":"Albero 2,4m con luce Gonfiabile-Elettrico Ip44 Xmasfest 1133528"},"content":{"rendered":"<p>Con luce (3 LED), gonfiabile-elettrico, impermeabile (meccanismo, tessuto, trasformatore) 2,4m<\/p>\n<div class='aiseo-faq-section' style='margin-top:30px; border-top:1px solid #eee; padding-top:20px;'>\n<h3>Domande Frequenti<\/h3>\n<details style='margin-bottom:10px; padding:10px; background:#f9f9f9; border-radius:5px;'>\n<summary style='font-weight:bold; cursor:pointer;'>Qual \u00e8 l&#8217;altezza della figura?<\/summary>\n<div style='margin-top:10px; color:#555;'>L&#8217;altezza \u00e8 di 2,4 metri.<\/div>\n<\/details>\n<details style='margin-bottom:10px; padding:10px; background:#f9f9f9; border-radius:5px;'>\n<summary style='font-weight:bold; cursor:pointer;'>Quanti LED include?<\/summary>\n<div style='margin-top:10px; color:#555;'>Ha 3 LED integrati.<\/div>\n<\/details>\n<details style='margin-bottom:10px; padding:10px; background:#f9f9f9; border-radius:5px;'>\n<summary style='font-weight:bold; cursor:pointer;'>Pu\u00f2 essere utilizzato all&#8217;aperto?<\/summary>\n<div style='margin-top:10px; color:#555;'>S\u00ec, \u00e8 impermeabile con classificazione IP44 e le parti principali (meccanismo, tessuto, trasformatore) sono impermeabili.<\/div>\n<\/details>\n<details style='margin-bottom:10px; padding:10px; background:#f9f9f9; border-radius:5px;'>\n<summary style='font-weight:bold; cursor:pointer;'>Come si forma il gonfiore?<\/summary>\n<div style='margin-top:10px; color:#555;'>Si gonfia elettricamente tramite la pompa gonfiabile integrata e il trasformatore.<\/div>\n<\/details>\n<\/div>\n","protected":false},"excerpt":{"rendered":"<p>Con luce (3 LED), gonfiabile-elettrico, impermeabile (meccanismo, tessuto, trasformatore) 2,4m Domande Frequenti Qual \u00e8 l&#8217;altezza della figura? L&#8217;altezza \u00e8 di 2,4 metri. Quanti LED include? Ha 3 LED integrati. Pu\u00f2 essere utilizzato all&#8217;aperto? S\u00ec, \u00e8 impermeabile con classificazione IP44 e le parti principali (meccanismo, tessuto, trasformatore) sono impermeabili. Come si forma il gonfiore? Si gonfia [&hellip;]<\/p>\n","protected":false},"featured_media":5183312,"comment_status":"closed","ping_status":"open","template":"","meta":[],"product_brand":[],"product_cat":[],"product_tag":[15],"class_list":{"0":"post-5317555","1":"product","2":"type-product","3":"status-publish","4":"has-post-thumbnail","6":"product_tag-uncategorized","8":"first","9":"onbackorder","10":"purchasable","11":"product-type-simple"},"jetpack_sharing_enabled":true,"_links":{"self":[{"href":"https:\/\/gadgettravellers.eu\/it\/wp-json\/wp\/v2\/product\/5317555","targetHints":{"allow":["GET"]}}],"collection":[{"href":"https:\/\/gadgettravellers.eu\/it\/wp-json\/wp\/v2\/product"}],"about":[{"href":"https:\/\/gadgettravellers.eu\/it\/wp-json\/wp\/v2\/types\/product"}],"replies":[{"embeddable":true,"href":"https:\/\/gadgettravellers.eu\/it\/wp-json\/wp\/v2\/comments?post=5317555"}],"wp:featuredmedia":[{"embeddable":true,"href":"https:\/\/gadgettravellers.eu\/it\/wp-json\/wp\/v2\/media\/5183312"}],"wp:attachment":[{"href":"https:\/\/gadgettravellers.eu\/it\/wp-json\/wp\/v2\/media?parent=5317555"}],"wp:term":[{"taxonomy":"product_brand","embeddable":true,"href":"https:\/\/gadgettravellers.eu\/it\/wp-json\/wp\/v2\/product_brand?post=5317555"},{"taxonomy":"product_cat","embeddable":true,"href":"https:\/\/gadgettravellers.eu\/it\/wp-json\/wp\/v2\/product_cat?post=5317555"},{"taxonomy":"product_tag","embeddable":true,"href":"https:\/\/gadgettravellers.eu\/it\/wp-json\/wp\/v2\/product_tag?post=5317555"}],"curies":[{"name":"wp","href":"https:\/\/api.w.org\/{rel}","templated":true}]}}