{"id":5317556,"date":"2026-01-19T14:53:24","date_gmt":"2026-01-19T12:53:24","guid":{"rendered":"https:\/\/gadgettravellers.eu\/shop\/babbo-natale-con-tubo-luminoso-36-led-15m-bianco-caldo-illuminazione-fissa-ip44-babbo-natale-38cm-o11mm-15m-tubo-luminoso-3m-cavo-extra-xmasfest-1133527\/"},"modified":"2026-04-22T22:55:57","modified_gmt":"2026-04-22T20:55:57","slug":"babbo-natale-con-tubo-luminoso-36-led-15m-bianco-caldo-illuminazione-fissa-ip44-babbo-natale-38cm-o11mm-15m-tubo-luminoso-3m-cavo-extra-xmasfest-1133527","status":"publish","type":"product","link":"https:\/\/gadgettravellers.eu\/it\/shop\/babbo-natale-con-tubo-luminoso-36-led-15m-bianco-caldo-illuminazione-fissa-ip44-babbo-natale-38cm-o11mm-15m-tubo-luminoso-3m-cavo-extra-xmasfest-1133527\/","title":{"rendered":"Babbo Natale con Tubo Luminoso 36 LED 1,5m Bianco Caldo Illuminazione Fissa IP44 Babbo Natale: 38cm. \u00d811mm 1,5m Tubo Luminoso (+3m Cavo Extra) Xmasfest 1133527"},"content":{"rendered":"<p>36 LED SMD bianco caldo a luce fissa. Per uso esterno e interno. Incluso il trasformatore IP44 Altezza: 38cm. Diametro 11mm Tubo luminoso 1,5m (+3m cavo extra)<\/p>\n<div class='aiseo-faq-section' style='margin-top:30px; border-top:1px solid #eee; padding-top:20px;'>\n<h3>Domande Frequenti<\/h3>\n<details style='margin-bottom:10px; padding:10px; background:#f9f9f9; border-radius:5px;'>\n<summary style='font-weight:bold; cursor:pointer;'>Pu\u00f2 essere utilizzato all&#8217;aperto?<\/summary>\n<div style='margin-top:10px; color:#555;'>S\u00ec, \u00e8 progettato per uso esterno e interno e il trasformatore ha protezione IP44.<\/div>\n<\/details>\n<details style='margin-bottom:10px; padding:10px; background:#f9f9f9; border-radius:5px;'>\n<summary style='font-weight:bold; cursor:pointer;'>Quali sono le dimensioni del tubo fotografico?<\/summary>\n<div style='margin-top:10px; color:#555;'>Il tubo fluorescente ha una lunghezza di 1,5 m e un diametro di \u03a611 mm, mentre la decorazione \u00abSanto\u00bb ha una lunghezza di 38 cm.<\/div>\n<\/details>\n<details style='margin-bottom:10px; padding:10px; background:#f9f9f9; border-radius:5px;'>\n<summary style='font-weight:bold; cursor:pointer;'>Quanti e che tipo di LED utilizza?<\/summary>\n<div style='margin-top:10px; color:#555;'>Include 36 LED di tipo SMD in bianco caldo con illuminazione fissa.<\/div>\n<\/details>\n<details style='margin-bottom:10px; padding:10px; background:#f9f9f9; border-radius:5px;'>\n<summary style='font-weight:bold; cursor:pointer;'>Sono inclusi cavo e trasformatore?<\/summary>\n<div style='margin-top:10px; color:#555;'>S\u00ec, \u00e8 incluso un trasformatore IP44 e un cavo aggiuntivo di 3 m.<\/div>\n<\/details>\n<\/div>\n","protected":false},"excerpt":{"rendered":"<p>36 LED SMD bianco caldo a luce fissa. Per uso esterno e interno. Incluso il trasformatore IP44 Altezza: 38cm. Diametro 11mm Tubo luminoso 1,5m (+3m cavo extra) Domande Frequenti Pu\u00f2 essere utilizzato all&#8217;aperto? S\u00ec, \u00e8 progettato per uso esterno e interno e il trasformatore ha protezione IP44. Quali sono le dimensioni del tubo fotografico? Il [&hellip;]<\/p>\n","protected":false},"featured_media":5183308,"comment_status":"closed","ping_status":"open","template":"","meta":[],"product_brand":[],"product_cat":[],"product_tag":[15],"class_list":{"0":"post-5317556","1":"product","2":"type-product","3":"status-publish","4":"has-post-thumbnail","6":"product_tag-uncategorized","8":"first","9":"onbackorder","10":"purchasable","11":"product-type-simple"},"jetpack_sharing_enabled":true,"_links":{"self":[{"href":"https:\/\/gadgettravellers.eu\/it\/wp-json\/wp\/v2\/product\/5317556","targetHints":{"allow":["GET"]}}],"collection":[{"href":"https:\/\/gadgettravellers.eu\/it\/wp-json\/wp\/v2\/product"}],"about":[{"href":"https:\/\/gadgettravellers.eu\/it\/wp-json\/wp\/v2\/types\/product"}],"replies":[{"embeddable":true,"href":"https:\/\/gadgettravellers.eu\/it\/wp-json\/wp\/v2\/comments?post=5317556"}],"wp:featuredmedia":[{"embeddable":true,"href":"https:\/\/gadgettravellers.eu\/it\/wp-json\/wp\/v2\/media\/5183308"}],"wp:attachment":[{"href":"https:\/\/gadgettravellers.eu\/it\/wp-json\/wp\/v2\/media?parent=5317556"}],"wp:term":[{"taxonomy":"product_brand","embeddable":true,"href":"https:\/\/gadgettravellers.eu\/it\/wp-json\/wp\/v2\/product_brand?post=5317556"},{"taxonomy":"product_cat","embeddable":true,"href":"https:\/\/gadgettravellers.eu\/it\/wp-json\/wp\/v2\/product_cat?post=5317556"},{"taxonomy":"product_tag","embeddable":true,"href":"https:\/\/gadgettravellers.eu\/it\/wp-json\/wp\/v2\/product_tag?post=5317556"}],"curies":[{"name":"wp","href":"https:\/\/api.w.org\/{rel}","templated":true}]}}