{"id":5317558,"date":"2026-01-19T14:53:25","date_gmt":"2026-01-19T12:53:25","guid":{"rendered":"https:\/\/gadgettravellers.eu\/shop\/san-caminada-21m-con-luce-gonfia-elettrico-ip44-xmasfest-1133530\/"},"modified":"2026-04-22T22:55:58","modified_gmt":"2026-04-22T20:55:58","slug":"san-caminada-21m-con-luce-gonfia-elettrico-ip44-xmasfest-1133530","status":"publish","type":"product","link":"https:\/\/gadgettravellers.eu\/it\/shop\/san-caminada-21m-con-luce-gonfia-elettrico-ip44-xmasfest-1133530\/","title":{"rendered":"San Caminada 2,1m con luce Gonfia-Elettrico Ip44 Xmasfest 1133530"},"content":{"rendered":"<p>Con luce (3 LED), gonfiabile-elettrico, impermeabile (meccanismo, tessuto, trasformatore) 2,1m<\/p>\n<div class='aiseo-faq-section' style='margin-top:30px; border-top:1px solid #eee; padding-top:20px;'>\n<h3>Domande Frequenti<\/h3>\n<details style='margin-bottom:10px; padding:10px; background:#f9f9f9; border-radius:5px;'>\n<summary style='font-weight:bold; cursor:pointer;'>\u00c8 adatto per uso esterno?<\/summary>\n<div style='margin-top:10px; color:#555;'>S\u00ec, \u00e8 adatto per uso esterno con classificazione IP44 e meccanismo impermeabile, tessuto e trasformatore.<\/div>\n<\/details>\n<details style='margin-bottom:10px; padding:10px; background:#f9f9f9; border-radius:5px;'>\n<summary style='font-weight:bold; cursor:pointer;'>Come si gonfia?<\/summary>\n<div style='margin-top:10px; color:#555;'>Si gonfia con la pompa elettrica integrata che consente un montaggio rapido.<\/div>\n<\/details>\n<details style='margin-bottom:10px; padding:10px; background:#f9f9f9; border-radius:5px;'>\n<summary style='font-weight:bold; cursor:pointer;'>Quanta illuminazione ha?<\/summary>\n<div style='margin-top:10px; color:#555;'>Dispone di 3 LED integrati per l&#8217;illuminazione.<\/div>\n<\/details>\n<details style='margin-bottom:10px; padding:10px; background:#f9f9f9; border-radius:5px;'>\n<summary style='font-weight:bold; cursor:pointer;'>Qual \u00e8 l&#8217;altezza del prodotto?<\/summary>\n<div style='margin-top:10px; color:#555;'>L&#8217;altezza \u00e8 di 2,1 metri.<\/div>\n<\/details>\n<\/div>\n","protected":false},"excerpt":{"rendered":"<p>Con luce (3 LED), gonfiabile-elettrico, impermeabile (meccanismo, tessuto, trasformatore) 2,1m Domande Frequenti \u00c8 adatto per uso esterno? S\u00ec, \u00e8 adatto per uso esterno con classificazione IP44 e meccanismo impermeabile, tessuto e trasformatore. Come si gonfia? Si gonfia con la pompa elettrica integrata che consente un montaggio rapido. Quanta illuminazione ha? Dispone di 3 LED integrati [&hellip;]<\/p>\n","protected":false},"featured_media":5183320,"comment_status":"closed","ping_status":"open","template":"","meta":[],"product_brand":[],"product_cat":[],"product_tag":[15],"class_list":{"0":"post-5317558","1":"product","2":"type-product","3":"status-publish","4":"has-post-thumbnail","6":"product_tag-uncategorized","8":"first","9":"onbackorder","10":"purchasable","11":"product-type-simple"},"jetpack_sharing_enabled":true,"_links":{"self":[{"href":"https:\/\/gadgettravellers.eu\/it\/wp-json\/wp\/v2\/product\/5317558","targetHints":{"allow":["GET"]}}],"collection":[{"href":"https:\/\/gadgettravellers.eu\/it\/wp-json\/wp\/v2\/product"}],"about":[{"href":"https:\/\/gadgettravellers.eu\/it\/wp-json\/wp\/v2\/types\/product"}],"replies":[{"embeddable":true,"href":"https:\/\/gadgettravellers.eu\/it\/wp-json\/wp\/v2\/comments?post=5317558"}],"wp:featuredmedia":[{"embeddable":true,"href":"https:\/\/gadgettravellers.eu\/it\/wp-json\/wp\/v2\/media\/5183320"}],"wp:attachment":[{"href":"https:\/\/gadgettravellers.eu\/it\/wp-json\/wp\/v2\/media?parent=5317558"}],"wp:term":[{"taxonomy":"product_brand","embeddable":true,"href":"https:\/\/gadgettravellers.eu\/it\/wp-json\/wp\/v2\/product_brand?post=5317558"},{"taxonomy":"product_cat","embeddable":true,"href":"https:\/\/gadgettravellers.eu\/it\/wp-json\/wp\/v2\/product_cat?post=5317558"},{"taxonomy":"product_tag","embeddable":true,"href":"https:\/\/gadgettravellers.eu\/it\/wp-json\/wp\/v2\/product_tag?post=5317558"}],"curies":[{"name":"wp","href":"https:\/\/api.w.org\/{rel}","templated":true}]}}