{"id":5317559,"date":"2026-01-19T14:53:26","date_gmt":"2026-01-19T12:53:26","guid":{"rendered":"https:\/\/gadgettravellers.eu\/shop\/pupazzo-di-neve-18m-gonfiabile-elettrico-con-proiettore-ip44-xmasfest-1133531\/"},"modified":"2026-04-22T22:55:58","modified_gmt":"2026-04-22T20:55:58","slug":"pupazzo-di-neve-18m-gonfiabile-elettrico-con-proiettore-ip44-xmasfest-1133531","status":"publish","type":"product","link":"https:\/\/gadgettravellers.eu\/it\/shop\/pupazzo-di-neve-18m-gonfiabile-elettrico-con-proiettore-ip44-xmasfest-1133531\/","title":{"rendered":"Pupazzo di neve 1,8m Gonfiabile-Elettrico con Proiettore Ip44 Xmasfest 1133531"},"content":{"rendered":"<p>Con luce e flash proiettore rgb, gonfiabile-elettrico, impermeabile (meccanismo, tessuto, trasformatore) 1,8m<\/p>\n<div class='aiseo-faq-section' style='margin-top:30px; border-top:1px solid #eee; padding-top:20px;'>\n<h3>Domande Frequenti<\/h3>\n<details style='margin-bottom:10px; padding:10px; background:#f9f9f9; border-radius:5px;'>\n<summary style='font-weight:bold; cursor:pointer;'>\u00c8 adatto per uso esterno?<\/summary>\n<div style='margin-top:10px; color:#555;'>S\u00ec, \u00e8 progettato per uso esterno ed \u00e8 impermeabile secondo lo standard IP44.<\/div>\n<\/details>\n<details style='margin-bottom:10px; padding:10px; background:#f9f9f9; border-radius:5px;'>\n<summary style='font-weight:bold; cursor:pointer;'>Qual \u00e8 l&#8217;altezza del pupazzo di neve?<\/summary>\n<div style='margin-top:10px; color:#555;'>L&#8217;altezza \u00e8 di 1,8 metri.<\/div>\n<\/details>\n<details style='margin-bottom:10px; padding:10px; background:#f9f9f9; border-radius:5px;'>\n<summary style='font-weight:bold; cursor:pointer;'>Il trasformatore \u00e8 incluso?<\/summary>\n<div style='margin-top:10px; color:#555;'>S\u00ec, il prodotto viene fornito con un trasformatore per un&#8217;installazione esterna facile.<\/div>\n<\/details>\n<details style='margin-bottom:10px; padding:10px; background:#f9f9f9; border-radius:5px;'>\n<summary style='font-weight:bold; cursor:pointer;'>Che tipo di illuminazione ha?<\/summary>\n<div style='margin-top:10px; color:#555;'>Dispone di un proiettore RGB integrato con funzione flash e luce incorporata.<\/div>\n<\/details>\n<\/div>\n","protected":false},"excerpt":{"rendered":"<p>Con luce e flash proiettore rgb, gonfiabile-elettrico, impermeabile (meccanismo, tessuto, trasformatore) 1,8m Domande Frequenti \u00c8 adatto per uso esterno? S\u00ec, \u00e8 progettato per uso esterno ed \u00e8 impermeabile secondo lo standard IP44. Qual \u00e8 l&#8217;altezza del pupazzo di neve? L&#8217;altezza \u00e8 di 1,8 metri. Il trasformatore \u00e8 incluso? S\u00ec, il prodotto viene fornito con un [&hellip;]<\/p>\n","protected":false},"featured_media":5183324,"comment_status":"closed","ping_status":"open","template":"","meta":[],"product_brand":[],"product_cat":[],"product_tag":[15],"class_list":{"0":"post-5317559","1":"product","2":"type-product","3":"status-publish","4":"has-post-thumbnail","6":"product_tag-uncategorized","8":"first","9":"onbackorder","10":"purchasable","11":"product-type-simple"},"jetpack_sharing_enabled":true,"_links":{"self":[{"href":"https:\/\/gadgettravellers.eu\/it\/wp-json\/wp\/v2\/product\/5317559","targetHints":{"allow":["GET"]}}],"collection":[{"href":"https:\/\/gadgettravellers.eu\/it\/wp-json\/wp\/v2\/product"}],"about":[{"href":"https:\/\/gadgettravellers.eu\/it\/wp-json\/wp\/v2\/types\/product"}],"replies":[{"embeddable":true,"href":"https:\/\/gadgettravellers.eu\/it\/wp-json\/wp\/v2\/comments?post=5317559"}],"wp:featuredmedia":[{"embeddable":true,"href":"https:\/\/gadgettravellers.eu\/it\/wp-json\/wp\/v2\/media\/5183324"}],"wp:attachment":[{"href":"https:\/\/gadgettravellers.eu\/it\/wp-json\/wp\/v2\/media?parent=5317559"}],"wp:term":[{"taxonomy":"product_brand","embeddable":true,"href":"https:\/\/gadgettravellers.eu\/it\/wp-json\/wp\/v2\/product_brand?post=5317559"},{"taxonomy":"product_cat","embeddable":true,"href":"https:\/\/gadgettravellers.eu\/it\/wp-json\/wp\/v2\/product_cat?post=5317559"},{"taxonomy":"product_tag","embeddable":true,"href":"https:\/\/gadgettravellers.eu\/it\/wp-json\/wp\/v2\/product_tag?post=5317559"}],"curies":[{"name":"wp","href":"https:\/\/api.w.org\/{rel}","templated":true}]}}