{"id":5317561,"date":"2026-01-19T14:53:28","date_gmt":"2026-01-19T12:53:28","guid":{"rendered":"https:\/\/gadgettravellers.eu\/shop\/lanterna-treno-con-luci-e-proiettore-usb-batteria-17x16x85cm-xmasfest-1133533\/"},"modified":"2026-04-22T22:55:59","modified_gmt":"2026-04-22T20:55:59","slug":"lanterna-treno-con-luci-e-proiettore-usb-batteria-17x16x85cm-xmasfest-1133533","status":"publish","type":"product","link":"https:\/\/gadgettravellers.eu\/it\/shop\/lanterna-treno-con-luci-e-proiettore-usb-batteria-17x16x85cm-xmasfest-1133533\/","title":{"rendered":"Lanterna Treno con Luci e Proiettore Usb\/batteria 17x16x8,5cm Xmasfest 1133533"},"content":{"rendered":"<p>Lanterna USB (include cavo), a batteria, con decorazione, con 10 LED, con proiettore LED 17x16x8,5cm<\/p>\n<div class='aiseo-faq-section' style='margin-top:30px; border-top:1px solid #eee; padding-top:20px;'>\n<h3>Domande Frequenti<\/h3>\n<details style='margin-bottom:10px; padding:10px; background:#f9f9f9; border-radius:5px;'>\n<summary style='font-weight:bold; cursor:pointer;'>In che modi funziona il semaforo?<\/summary>\n<div style='margin-top:10px; color:#555;'>Funziona con USB (cavo incluso) o con batterie.<\/div>\n<\/details>\n<details style='margin-bottom:10px; padding:10px; background:#f9f9f9; border-radius:5px;'>\n<summary style='font-weight:bold; cursor:pointer;'>Quanti LED ha?<\/summary>\n<div style='margin-top:10px; color:#555;'>Dispone di 10 LED insieme a un proiettore LED integrato.<\/div>\n<\/details>\n<details style='margin-bottom:10px; padding:10px; background:#f9f9f9; border-radius:5px;'>\n<summary style='font-weight:bold; cursor:pointer;'>Il cavo USB \u00e8 incluso?<\/summary>\n<div style='margin-top:10px; color:#555;'>S\u00ec, il cavo USB \u00e8 incluso.<\/div>\n<\/details>\n<details style='margin-bottom:10px; padding:10px; background:#f9f9f9; border-radius:5px;'>\n<summary style='font-weight:bold; cursor:pointer;'>Quali sono le dimensioni del prodotto?<\/summary>\n<div style='margin-top:10px; color:#555;'>Le dimensioni sono 17x16x8,5 cm.<\/div>\n<\/details>\n<\/div>\n","protected":false},"excerpt":{"rendered":"<p>Lanterna USB (include cavo), a batteria, con decorazione, con 10 LED, con proiettore LED 17x16x8,5cm Domande Frequenti In che modi funziona il semaforo? Funziona con USB (cavo incluso) o con batterie. Quanti LED ha? Dispone di 10 LED insieme a un proiettore LED integrato. Il cavo USB \u00e8 incluso? S\u00ec, il cavo USB \u00e8 incluso. [&hellip;]<\/p>\n","protected":false},"featured_media":5183332,"comment_status":"closed","ping_status":"open","template":"","meta":[],"product_brand":[],"product_cat":[],"product_tag":[15],"class_list":{"0":"post-5317561","1":"product","2":"type-product","3":"status-publish","4":"has-post-thumbnail","6":"product_tag-uncategorized","8":"first","9":"onbackorder","10":"purchasable","11":"product-type-simple"},"jetpack_sharing_enabled":true,"_links":{"self":[{"href":"https:\/\/gadgettravellers.eu\/it\/wp-json\/wp\/v2\/product\/5317561","targetHints":{"allow":["GET"]}}],"collection":[{"href":"https:\/\/gadgettravellers.eu\/it\/wp-json\/wp\/v2\/product"}],"about":[{"href":"https:\/\/gadgettravellers.eu\/it\/wp-json\/wp\/v2\/types\/product"}],"replies":[{"embeddable":true,"href":"https:\/\/gadgettravellers.eu\/it\/wp-json\/wp\/v2\/comments?post=5317561"}],"wp:featuredmedia":[{"embeddable":true,"href":"https:\/\/gadgettravellers.eu\/it\/wp-json\/wp\/v2\/media\/5183332"}],"wp:attachment":[{"href":"https:\/\/gadgettravellers.eu\/it\/wp-json\/wp\/v2\/media?parent=5317561"}],"wp:term":[{"taxonomy":"product_brand","embeddable":true,"href":"https:\/\/gadgettravellers.eu\/it\/wp-json\/wp\/v2\/product_brand?post=5317561"},{"taxonomy":"product_cat","embeddable":true,"href":"https:\/\/gadgettravellers.eu\/it\/wp-json\/wp\/v2\/product_cat?post=5317561"},{"taxonomy":"product_tag","embeddable":true,"href":"https:\/\/gadgettravellers.eu\/it\/wp-json\/wp\/v2\/product_tag?post=5317561"}],"curies":[{"name":"wp","href":"https:\/\/api.w.org\/{rel}","templated":true}]}}