{"id":5317568,"date":"2026-01-19T14:53:33","date_gmt":"2026-01-19T12:53:33","guid":{"rendered":"https:\/\/gadgettravellers.eu\/shop\/targa-in-legno-merry-christmas-con-6-led-23x11x7cm-xmasfest-1133541\/"},"modified":"2026-04-22T22:56:02","modified_gmt":"2026-04-22T20:56:02","slug":"targa-in-legno-merry-christmas-con-6-led-23x11x7cm-xmasfest-1133541","status":"publish","type":"product","link":"https:\/\/gadgettravellers.eu\/it\/shop\/targa-in-legno-merry-christmas-con-6-led-23x11x7cm-xmasfest-1133541\/","title":{"rendered":"Targa in legno Merry Christmas con 6 LED 23x11x7cm Xmasfest 1133541"},"content":{"rendered":"<p>Legno con 6 LED a batteria 23x11x7cm<\/p>\n<div class='aiseo-faq-section' style='margin-top:30px; border-top:1px solid #eee; padding-top:20px;'>\n<h3>Domande Frequenti<\/h3>\n<details style='margin-bottom:10px; padding:10px; background:#f9f9f9; border-radius:5px;'>\n<summary style='font-weight:bold; cursor:pointer;'>Di che materiale \u00e8 la targa?<\/summary>\n<div style='margin-top:10px; color:#555;'>Il cartello \u00e8 fatto di legno.<\/div>\n<\/details>\n<details style='margin-bottom:10px; padding:10px; background:#f9f9f9; border-radius:5px;'>\n<summary style='font-weight:bold; cursor:pointer;'>Quanti LED include?<\/summary>\n<div style='margin-top:10px; color:#555;'>Include 6 LED.<\/div>\n<\/details>\n<details style='margin-bottom:10px; padding:10px; background:#f9f9f9; border-radius:5px;'>\n<summary style='font-weight:bold; cursor:pointer;'>Come \u00e8 alimentata l&#8217;illuminazione?<\/summary>\n<div style='margin-top:10px; color:#555;'>L&#8217;illuminazione funziona a batterie.<\/div>\n<\/details>\n<details style='margin-bottom:10px; padding:10px; background:#f9f9f9; border-radius:5px;'>\n<summary style='font-weight:bold; cursor:pointer;'>Quali sono le dimensioni del prodotto?<\/summary>\n<div style='margin-top:10px; color:#555;'>Le dimensioni sono 23x11x7 cm.<\/div>\n<\/details>\n<details style='margin-bottom:10px; padding:10px; background:#f9f9f9; border-radius:5px;'>\n<summary style='font-weight:bold; cursor:pointer;'>\u00c8 adatta per l&#8217;uso in ambienti interni?<\/summary>\n<div style='margin-top:10px; color:#555;'>S\u00ec, \u00e8 ideale per la decorazione natalizia interna e l&#8217;illuminazione d&#8217;atmosfera.<\/div>\n<\/details>\n<\/div>\n","protected":false},"excerpt":{"rendered":"<p>Legno con 6 LED a batteria 23x11x7cm Domande Frequenti Di che materiale \u00e8 la targa? Il cartello \u00e8 fatto di legno. Quanti LED include? Include 6 LED. Come \u00e8 alimentata l&#8217;illuminazione? L&#8217;illuminazione funziona a batterie. Quali sono le dimensioni del prodotto? Le dimensioni sono 23x11x7 cm. \u00c8 adatta per l&#8217;uso in ambienti interni? S\u00ec, \u00e8 [&hellip;]<\/p>\n","protected":false},"featured_media":5183364,"comment_status":"closed","ping_status":"open","template":"","meta":[],"product_brand":[],"product_cat":[],"product_tag":[15],"class_list":{"0":"post-5317568","1":"product","2":"type-product","3":"status-publish","4":"has-post-thumbnail","6":"product_tag-uncategorized","8":"first","9":"onbackorder","10":"purchasable","11":"product-type-simple"},"jetpack_sharing_enabled":true,"_links":{"self":[{"href":"https:\/\/gadgettravellers.eu\/it\/wp-json\/wp\/v2\/product\/5317568","targetHints":{"allow":["GET"]}}],"collection":[{"href":"https:\/\/gadgettravellers.eu\/it\/wp-json\/wp\/v2\/product"}],"about":[{"href":"https:\/\/gadgettravellers.eu\/it\/wp-json\/wp\/v2\/types\/product"}],"replies":[{"embeddable":true,"href":"https:\/\/gadgettravellers.eu\/it\/wp-json\/wp\/v2\/comments?post=5317568"}],"wp:featuredmedia":[{"embeddable":true,"href":"https:\/\/gadgettravellers.eu\/it\/wp-json\/wp\/v2\/media\/5183364"}],"wp:attachment":[{"href":"https:\/\/gadgettravellers.eu\/it\/wp-json\/wp\/v2\/media?parent=5317568"}],"wp:term":[{"taxonomy":"product_brand","embeddable":true,"href":"https:\/\/gadgettravellers.eu\/it\/wp-json\/wp\/v2\/product_brand?post=5317568"},{"taxonomy":"product_cat","embeddable":true,"href":"https:\/\/gadgettravellers.eu\/it\/wp-json\/wp\/v2\/product_cat?post=5317568"},{"taxonomy":"product_tag","embeddable":true,"href":"https:\/\/gadgettravellers.eu\/it\/wp-json\/wp\/v2\/product_tag?post=5317568"}],"curies":[{"name":"wp","href":"https:\/\/api.w.org\/{rel}","templated":true}]}}