{"id":5317569,"date":"2026-01-19T14:53:34","date_gmt":"2026-01-19T12:53:34","guid":{"rendered":"https:\/\/gadgettravellers.eu\/shop\/televisore-in-legno-con-santo-e-5-led-20x20x45cm-xmasfest-1133542\/"},"modified":"2026-04-22T22:56:03","modified_gmt":"2026-04-22T20:56:03","slug":"televisore-in-legno-con-santo-e-5-led-20x20x45cm-xmasfest-1133542","status":"publish","type":"product","link":"https:\/\/gadgettravellers.eu\/it\/shop\/televisore-in-legno-con-santo-e-5-led-20x20x45cm-xmasfest-1133542\/","title":{"rendered":"Televisore in legno con Santo e 5 led 20x20x4,5cm Xmasfest 1133542"},"content":{"rendered":"<p>In legno con 5 LED a batteria 20x20x4,5cm<\/p>\n<div class='aiseo-faq-section' style='margin-top:30px; border-top:1px solid #eee; padding-top:20px;'>\n<h3>Domande Frequenti<\/h3>\n<details style='margin-bottom:10px; padding:10px; background:#f9f9f9; border-radius:5px;'>\n<summary style='font-weight:bold; cursor:pointer;'>Di che materiale \u00e8 il prodotto?<\/summary>\n<div style='margin-top:10px; color:#555;'>\u00c8 di legno, come indicato nella descrizione.<\/div>\n<\/details>\n<details style='margin-bottom:10px; padding:10px; background:#f9f9f9; border-radius:5px;'>\n<summary style='font-weight:bold; cursor:pointer;'>Quanti LED ha e qual \u00e8 l&#8217;alimentazione?<\/summary>\n<div style='margin-top:10px; color:#555;'>Dispone di 5 LED e funziona a batterie.<\/div>\n<\/details>\n<details style='margin-bottom:10px; padding:10px; background:#f9f9f9; border-radius:5px;'>\n<summary style='font-weight:bold; cursor:pointer;'>Quali sono le dimensioni?<\/summary>\n<div style='margin-top:10px; color:#555;'>Le dimensioni sono 20x20x4,5 cm.<\/div>\n<\/details>\n<details style='margin-bottom:10px; padding:10px; background:#f9f9f9; border-radius:5px;'>\n<summary style='font-weight:bold; cursor:pointer;'>\u00c8 adatto per tavolo o scaffale?<\/summary>\n<div style='margin-top:10px; color:#555;'>S\u00ec, il prodotto \u00e8 ideale per l&#8217;uso su un tavolo o una mensola.<\/div>\n<\/details>\n<\/div>\n","protected":false},"excerpt":{"rendered":"<p>In legno con 5 LED a batteria 20x20x4,5cm Domande Frequenti Di che materiale \u00e8 il prodotto? \u00c8 di legno, come indicato nella descrizione. Quanti LED ha e qual \u00e8 l&#8217;alimentazione? Dispone di 5 LED e funziona a batterie. Quali sono le dimensioni? Le dimensioni sono 20x20x4,5 cm. \u00c8 adatto per tavolo o scaffale? S\u00ec, il [&hellip;]<\/p>\n","protected":false},"featured_media":5183368,"comment_status":"closed","ping_status":"open","template":"","meta":[],"product_brand":[],"product_cat":[],"product_tag":[15],"class_list":{"0":"post-5317569","1":"product","2":"type-product","3":"status-publish","4":"has-post-thumbnail","6":"product_tag-uncategorized","8":"first","9":"onbackorder","10":"purchasable","11":"product-type-simple"},"jetpack_sharing_enabled":true,"_links":{"self":[{"href":"https:\/\/gadgettravellers.eu\/it\/wp-json\/wp\/v2\/product\/5317569","targetHints":{"allow":["GET"]}}],"collection":[{"href":"https:\/\/gadgettravellers.eu\/it\/wp-json\/wp\/v2\/product"}],"about":[{"href":"https:\/\/gadgettravellers.eu\/it\/wp-json\/wp\/v2\/types\/product"}],"replies":[{"embeddable":true,"href":"https:\/\/gadgettravellers.eu\/it\/wp-json\/wp\/v2\/comments?post=5317569"}],"wp:featuredmedia":[{"embeddable":true,"href":"https:\/\/gadgettravellers.eu\/it\/wp-json\/wp\/v2\/media\/5183368"}],"wp:attachment":[{"href":"https:\/\/gadgettravellers.eu\/it\/wp-json\/wp\/v2\/media?parent=5317569"}],"wp:term":[{"taxonomy":"product_brand","embeddable":true,"href":"https:\/\/gadgettravellers.eu\/it\/wp-json\/wp\/v2\/product_brand?post=5317569"},{"taxonomy":"product_cat","embeddable":true,"href":"https:\/\/gadgettravellers.eu\/it\/wp-json\/wp\/v2\/product_cat?post=5317569"},{"taxonomy":"product_tag","embeddable":true,"href":"https:\/\/gadgettravellers.eu\/it\/wp-json\/wp\/v2\/product_tag?post=5317569"}],"curies":[{"name":"wp","href":"https:\/\/api.w.org\/{rel}","templated":true}]}}