{"id":5317578,"date":"2026-01-19T14:53:44","date_gmt":"2026-01-19T12:53:44","guid":{"rendered":"https:\/\/gadgettravellers.eu\/shop\/palle-perle-rosse-pac6pz-o10cm-xmasfest-1133550\/"},"modified":"2026-04-22T22:56:07","modified_gmt":"2026-04-22T20:56:07","slug":"palle-perle-rosse-pac6pz-o10cm-xmasfest-1133550","status":"publish","type":"product","link":"https:\/\/gadgettravellers.eu\/it\/shop\/palle-perle-rosse-pac6pz-o10cm-xmasfest-1133550\/","title":{"rendered":"Palle Perl\u00e9 Rosse pac=6pz \u00f810cm Xmasfest 1133550"},"content":{"rendered":"<p>Pac=6pz perle \u00f810cm<\/p>\n<div class='aiseo-faq-section' style='margin-top:30px; border-top:1px solid #eee; padding-top:20px;'>\n<h3>Domande Frequenti<\/h3>\n<details style='margin-bottom:10px; padding:10px; background:#f9f9f9; border-radius:5px;'>\n<summary style='font-weight:bold; cursor:pointer;'>Cosa include il pacchetto?<\/summary>\n<div style='margin-top:10px; color:#555;'>Confezione da 6 palline di Natale rosso perlato.<\/div>\n<\/details>\n<details style='margin-bottom:10px; padding:10px; background:#f9f9f9; border-radius:5px;'>\n<summary style='font-weight:bold; cursor:pointer;'>Qual \u00e8 il diametro delle palle?<\/summary>\n<div style='margin-top:10px; color:#555;'>Ogni palla ha un diametro di 10 cm.<\/div>\n<\/details>\n<details style='margin-bottom:10px; padding:10px; background:#f9f9f9; border-radius:5px;'>\n<summary style='font-weight:bold; cursor:pointer;'>Sono adatte per uso esterno?<\/summary>\n<div style='margin-top:10px; color:#555;'>Sono destinati principalmente alla decorazione dell&#8217;albero e degli spazi interni, quindi non si consiglia un&#8217;esposizione prolungata agli agenti esterni.<\/div>\n<\/details>\n<details style='margin-bottom:10px; padding:10px; background:#f9f9f9; border-radius:5px;'>\n<summary style='font-weight:bold; cursor:pointer;'>Che finitura hanno e come si appendono?<\/summary>\n<div style='margin-top:10px; color:#555;'>Hanno una finitura perlata lucida e dispongono di un facile sistema di sospensione per l&#8217;albero o rami decorativi.<\/div>\n<\/details>\n<\/div>\n","protected":false},"excerpt":{"rendered":"<p>Pac=6pz perle \u00f810cm Domande Frequenti Cosa include il pacchetto? Confezione da 6 palline di Natale rosso perlato. Qual \u00e8 il diametro delle palle? Ogni palla ha un diametro di 10 cm. Sono adatte per uso esterno? Sono destinati principalmente alla decorazione dell&#8217;albero e degli spazi interni, quindi non si consiglia un&#8217;esposizione prolungata agli agenti esterni. [&hellip;]<\/p>\n","protected":false},"featured_media":5183400,"comment_status":"closed","ping_status":"open","template":"","meta":[],"product_brand":[],"product_cat":[],"product_tag":[15],"class_list":{"0":"post-5317578","1":"product","2":"type-product","3":"status-publish","4":"has-post-thumbnail","6":"product_tag-uncategorized","8":"first","9":"onbackorder","10":"purchasable","11":"product-type-simple"},"jetpack_sharing_enabled":true,"_links":{"self":[{"href":"https:\/\/gadgettravellers.eu\/it\/wp-json\/wp\/v2\/product\/5317578","targetHints":{"allow":["GET"]}}],"collection":[{"href":"https:\/\/gadgettravellers.eu\/it\/wp-json\/wp\/v2\/product"}],"about":[{"href":"https:\/\/gadgettravellers.eu\/it\/wp-json\/wp\/v2\/types\/product"}],"replies":[{"embeddable":true,"href":"https:\/\/gadgettravellers.eu\/it\/wp-json\/wp\/v2\/comments?post=5317578"}],"wp:featuredmedia":[{"embeddable":true,"href":"https:\/\/gadgettravellers.eu\/it\/wp-json\/wp\/v2\/media\/5183400"}],"wp:attachment":[{"href":"https:\/\/gadgettravellers.eu\/it\/wp-json\/wp\/v2\/media?parent=5317578"}],"wp:term":[{"taxonomy":"product_brand","embeddable":true,"href":"https:\/\/gadgettravellers.eu\/it\/wp-json\/wp\/v2\/product_brand?post=5317578"},{"taxonomy":"product_cat","embeddable":true,"href":"https:\/\/gadgettravellers.eu\/it\/wp-json\/wp\/v2\/product_cat?post=5317578"},{"taxonomy":"product_tag","embeddable":true,"href":"https:\/\/gadgettravellers.eu\/it\/wp-json\/wp\/v2\/product_tag?post=5317578"}],"curies":[{"name":"wp","href":"https:\/\/api.w.org\/{rel}","templated":true}]}}