{"id":5317580,"date":"2026-01-19T14:53:46","date_gmt":"2026-01-19T12:53:46","guid":{"rendered":"https:\/\/gadgettravellers.eu\/shop\/palle-perle-rosa-pac12pz-o4cm-xmasfest-1133552\/"},"modified":"2026-04-22T22:56:08","modified_gmt":"2026-04-22T20:56:08","slug":"palle-perle-rosa-pac12pz-o4cm-xmasfest-1133552","status":"publish","type":"product","link":"https:\/\/gadgettravellers.eu\/it\/shop\/palle-perle-rosa-pac12pz-o4cm-xmasfest-1133552\/","title":{"rendered":"Palle Perl\u00e9 rosa pac=12pz \u00f84cm Xmasfest 1133552"},"content":{"rendered":"<p>Pac=12 pz perle \u00f84cm<\/p>\n<div class='aiseo-faq-section' style='margin-top:30px; border-top:1px solid #eee; padding-top:20px;'>\n<h3>Domande Frequenti<\/h3>\n<details style='margin-bottom:10px; padding:10px; background:#f9f9f9; border-radius:5px;'>\n<summary style='font-weight:bold; cursor:pointer;'>Quanti pezzi include il pacchetto?<\/summary>\n<div style='margin-top:10px; color:#555;'>Il pacchetto include 12 pezzi.<\/div>\n<\/details>\n<details style='margin-bottom:10px; padding:10px; background:#f9f9f9; border-radius:5px;'>\n<summary style='font-weight:bold; cursor:pointer;'>Qual \u00e8 il diametro delle palle?<\/summary>\n<div style='margin-top:10px; color:#555;'>Il diametro di ogni palla \u00e8 di 4 cm.<\/div>\n<\/details>\n<details style='margin-bottom:10px; padding:10px; background:#f9f9f9; border-radius:5px;'>\n<summary style='font-weight:bold; cursor:pointer;'>Che finitura hanno le palle?<\/summary>\n<div style='margin-top:10px; color:#555;'>Hanno una finitura perlata che conferisce un&#8217;elegante lucentezza e brillantezza.<\/div>\n<\/details>\n<details style='margin-bottom:10px; padding:10px; background:#f9f9f9; border-radius:5px;'>\n<summary style='font-weight:bold; cursor:pointer;'>Dove sono destinate all&#8217;uso queste palle?<\/summary>\n<div style='margin-top:10px; color:#555;'>Ideali per decorare l&#8217;albero di Natale e per la decorazione festiva generale.<\/div>\n<\/details>\n<\/div>\n","protected":false},"excerpt":{"rendered":"<p>Pac=12 pz perle \u00f84cm Domande Frequenti Quanti pezzi include il pacchetto? Il pacchetto include 12 pezzi. Qual \u00e8 il diametro delle palle? Il diametro di ogni palla \u00e8 di 4 cm. Che finitura hanno le palle? Hanno una finitura perlata che conferisce un&#8217;elegante lucentezza e brillantezza. Dove sono destinate all&#8217;uso queste palle? Ideali per decorare [&hellip;]<\/p>\n","protected":false},"featured_media":5183408,"comment_status":"closed","ping_status":"open","template":"","meta":[],"product_brand":[],"product_cat":[],"product_tag":[15],"class_list":{"0":"post-5317580","1":"product","2":"type-product","3":"status-publish","4":"has-post-thumbnail","6":"product_tag-uncategorized","8":"first","9":"onbackorder","10":"purchasable","11":"product-type-simple"},"jetpack_sharing_enabled":true,"_links":{"self":[{"href":"https:\/\/gadgettravellers.eu\/it\/wp-json\/wp\/v2\/product\/5317580","targetHints":{"allow":["GET"]}}],"collection":[{"href":"https:\/\/gadgettravellers.eu\/it\/wp-json\/wp\/v2\/product"}],"about":[{"href":"https:\/\/gadgettravellers.eu\/it\/wp-json\/wp\/v2\/types\/product"}],"replies":[{"embeddable":true,"href":"https:\/\/gadgettravellers.eu\/it\/wp-json\/wp\/v2\/comments?post=5317580"}],"wp:featuredmedia":[{"embeddable":true,"href":"https:\/\/gadgettravellers.eu\/it\/wp-json\/wp\/v2\/media\/5183408"}],"wp:attachment":[{"href":"https:\/\/gadgettravellers.eu\/it\/wp-json\/wp\/v2\/media?parent=5317580"}],"wp:term":[{"taxonomy":"product_brand","embeddable":true,"href":"https:\/\/gadgettravellers.eu\/it\/wp-json\/wp\/v2\/product_brand?post=5317580"},{"taxonomy":"product_cat","embeddable":true,"href":"https:\/\/gadgettravellers.eu\/it\/wp-json\/wp\/v2\/product_cat?post=5317580"},{"taxonomy":"product_tag","embeddable":true,"href":"https:\/\/gadgettravellers.eu\/it\/wp-json\/wp\/v2\/product_tag?post=5317580"}],"curies":[{"name":"wp","href":"https:\/\/api.w.org\/{rel}","templated":true}]}}