{"id":5317590,"date":"2026-01-19T14:53:54","date_gmt":"2026-01-19T12:53:54","guid":{"rendered":"https:\/\/gadgettravellers.eu\/shop\/palle-lucide-bordeaux-conf-da-6-pz-o10cm-xmasfest-1133563\/"},"modified":"2026-04-22T22:56:12","modified_gmt":"2026-04-22T20:56:12","slug":"palle-lucide-bordeaux-conf-da-6-pz-o10cm-xmasfest-1133563","status":"publish","type":"product","link":"https:\/\/gadgettravellers.eu\/it\/shop\/palle-lucide-bordeaux-conf-da-6-pz-o10cm-xmasfest-1133563\/","title":{"rendered":"Palle Lucide Bordeaux conf. da 6 pz \u00f810cm Xmasfest 1133563"},"content":{"rendered":"<p>Pac=6pz \u00f810cm<\/p>\n<div class='aiseo-faq-section' style='margin-top:30px; border-top:1px solid #eee; padding-top:20px;'>\n<h3>Domande Frequenti<\/h3>\n<details style='margin-bottom:10px; padding:10px; background:#f9f9f9; border-radius:5px;'>\n<summary style='font-weight:bold; cursor:pointer;'>Qual \u00e8 il diametro delle palle?<\/summary>\n<div style='margin-top:10px; color:#555;'>Il diametro di ogni palla \u00e8 di 10 cm.<\/div>\n<\/details>\n<details style='margin-bottom:10px; padding:10px; background:#f9f9f9; border-radius:5px;'>\n<summary style='font-weight:bold; cursor:pointer;'>Quanti pezzi include il set?<\/summary>\n<div style='margin-top:10px; color:#555;'>Il set include 6 pezzi.<\/div>\n<\/details>\n<details style='margin-bottom:10px; padding:10px; background:#f9f9f9; border-radius:5px;'>\n<summary style='font-weight:bold; cursor:pointer;'>Possono essere utilizzati in ambienti interni?<\/summary>\n<div style='margin-top:10px; color:#555;'>S\u00ec, sono ideali per decorare l&#8217;albero e per la decorazione degli interni.<\/div>\n<\/details>\n<details style='margin-bottom:10px; padding:10px; background:#f9f9f9; border-radius:5px;'>\n<summary style='font-weight:bold; cursor:pointer;'>Sono inclusi anelli per appendere?<\/summary>\n<div style='margin-top:10px; color:#555;'>S\u00ec, include anelli per una facile sospensione.<\/div>\n<\/details>\n<details style='margin-bottom:10px; padding:10px; background:#f9f9f9; border-radius:5px;'>\n<summary style='font-weight:bold; cursor:pointer;'>Che attenzione \u00e8 necessaria nella conservazione?<\/summary>\n<div style='margin-top:10px; color:#555;'>\u00c8 richiesta una conservazione attenta in un imballaggio protettivo, poich\u00e9 sono fragili.<\/div>\n<\/details>\n<\/div>\n","protected":false},"excerpt":{"rendered":"<p>Pac=6pz \u00f810cm Domande Frequenti Qual \u00e8 il diametro delle palle? Il diametro di ogni palla \u00e8 di 10 cm. Quanti pezzi include il set? Il set include 6 pezzi. Possono essere utilizzati in ambienti interni? S\u00ec, sono ideali per decorare l&#8217;albero e per la decorazione degli interni. Sono inclusi anelli per appendere? S\u00ec, include anelli [&hellip;]<\/p>\n","protected":false},"featured_media":5183452,"comment_status":"closed","ping_status":"open","template":"","meta":[],"product_brand":[],"product_cat":[],"product_tag":[15],"class_list":{"0":"post-5317590","1":"product","2":"type-product","3":"status-publish","4":"has-post-thumbnail","6":"product_tag-uncategorized","8":"first","9":"onbackorder","10":"purchasable","11":"product-type-simple"},"jetpack_sharing_enabled":true,"_links":{"self":[{"href":"https:\/\/gadgettravellers.eu\/it\/wp-json\/wp\/v2\/product\/5317590","targetHints":{"allow":["GET"]}}],"collection":[{"href":"https:\/\/gadgettravellers.eu\/it\/wp-json\/wp\/v2\/product"}],"about":[{"href":"https:\/\/gadgettravellers.eu\/it\/wp-json\/wp\/v2\/types\/product"}],"replies":[{"embeddable":true,"href":"https:\/\/gadgettravellers.eu\/it\/wp-json\/wp\/v2\/comments?post=5317590"}],"wp:featuredmedia":[{"embeddable":true,"href":"https:\/\/gadgettravellers.eu\/it\/wp-json\/wp\/v2\/media\/5183452"}],"wp:attachment":[{"href":"https:\/\/gadgettravellers.eu\/it\/wp-json\/wp\/v2\/media?parent=5317590"}],"wp:term":[{"taxonomy":"product_brand","embeddable":true,"href":"https:\/\/gadgettravellers.eu\/it\/wp-json\/wp\/v2\/product_brand?post=5317590"},{"taxonomy":"product_cat","embeddable":true,"href":"https:\/\/gadgettravellers.eu\/it\/wp-json\/wp\/v2\/product_cat?post=5317590"},{"taxonomy":"product_tag","embeddable":true,"href":"https:\/\/gadgettravellers.eu\/it\/wp-json\/wp\/v2\/product_tag?post=5317590"}],"curies":[{"name":"wp","href":"https:\/\/api.w.org\/{rel}","templated":true}]}}