{"id":5317592,"date":"2026-01-19T14:53:56","date_gmt":"2026-01-19T12:53:56","guid":{"rendered":"https:\/\/gadgettravellers.eu\/shop\/palle-lucide-petrolio-scuro-conf12pz-o4cm-xmasfest-1133564\/"},"modified":"2026-04-22T22:56:13","modified_gmt":"2026-04-22T20:56:13","slug":"palle-lucide-petrolio-scuro-conf12pz-o4cm-xmasfest-1133564","status":"publish","type":"product","link":"https:\/\/gadgettravellers.eu\/it\/shop\/palle-lucide-petrolio-scuro-conf12pz-o4cm-xmasfest-1133564\/","title":{"rendered":"Palle Lucide Petrolio Scuro conf=12pz \u00f84cm Xmasfest 1133564"},"content":{"rendered":"<p>Pac=12pz \u00f84cm<\/p>\n<div class='aiseo-faq-section' style='margin-top:30px; border-top:1px solid #eee; padding-top:20px;'>\n<h3>Domande Frequenti<\/h3>\n<details style='margin-bottom:10px; padding:10px; background:#f9f9f9; border-radius:5px;'>\n<summary style='font-weight:bold; cursor:pointer;'>Quante palle contiene la confezione?<\/summary>\n<div style='margin-top:10px; color:#555;'>Il pacchetto contiene 12 palle.<\/div>\n<\/details>\n<details style='margin-bottom:10px; padding:10px; background:#f9f9f9; border-radius:5px;'>\n<summary style='font-weight:bold; cursor:pointer;'>Qual \u00e8 il diametro delle palle?<\/summary>\n<div style='margin-top:10px; color:#555;'>Il diametro di ogni palla \u00e8 di 4 cm.<\/div>\n<\/details>\n<details style='margin-bottom:10px; padding:10px; background:#f9f9f9; border-radius:5px;'>\n<summary style='font-weight:bold; cursor:pointer;'>Che finitura hanno le palle?<\/summary>\n<div style='margin-top:10px; color:#555;'>Hanno una superficie lucida.<\/div>\n<\/details>\n<details style='margin-bottom:10px; padding:10px; background:#f9f9f9; border-radius:5px;'>\n<summary style='font-weight:bold; cursor:pointer;'>Di che colore sono le palle?<\/summary>\n<div style='margin-top:10px; color:#555;'>\u00c8 di colore petrolio scuro.<\/div>\n<\/details>\n<details style='margin-bottom:10px; padding:10px; background:#f9f9f9; border-radius:5px;'>\n<summary style='font-weight:bold; cursor:pointer;'>Per quali usi sono adatte queste palle?<\/summary>\n<div style='margin-top:10px; color:#555;'>Sono ideali per decorare l&#8217;albero di Natale, le ghirlande e le creazioni decorative.<\/div>\n<\/details>\n<\/div>\n","protected":false},"excerpt":{"rendered":"<p>Pac=12pz \u00f84cm Domande Frequenti Quante palle contiene la confezione? Il pacchetto contiene 12 palle. Qual \u00e8 il diametro delle palle? Il diametro di ogni palla \u00e8 di 4 cm. Che finitura hanno le palle? Hanno una superficie lucida. Di che colore sono le palle? \u00c8 di colore petrolio scuro. Per quali usi sono adatte queste [&hellip;]<\/p>\n","protected":false},"featured_media":5183456,"comment_status":"closed","ping_status":"open","template":"","meta":[],"product_brand":[],"product_cat":[],"product_tag":[15],"class_list":{"0":"post-5317592","1":"product","2":"type-product","3":"status-publish","4":"has-post-thumbnail","6":"product_tag-uncategorized","8":"first","9":"onbackorder","10":"purchasable","11":"product-type-simple"},"jetpack_sharing_enabled":true,"_links":{"self":[{"href":"https:\/\/gadgettravellers.eu\/it\/wp-json\/wp\/v2\/product\/5317592","targetHints":{"allow":["GET"]}}],"collection":[{"href":"https:\/\/gadgettravellers.eu\/it\/wp-json\/wp\/v2\/product"}],"about":[{"href":"https:\/\/gadgettravellers.eu\/it\/wp-json\/wp\/v2\/types\/product"}],"replies":[{"embeddable":true,"href":"https:\/\/gadgettravellers.eu\/it\/wp-json\/wp\/v2\/comments?post=5317592"}],"wp:featuredmedia":[{"embeddable":true,"href":"https:\/\/gadgettravellers.eu\/it\/wp-json\/wp\/v2\/media\/5183456"}],"wp:attachment":[{"href":"https:\/\/gadgettravellers.eu\/it\/wp-json\/wp\/v2\/media?parent=5317592"}],"wp:term":[{"taxonomy":"product_brand","embeddable":true,"href":"https:\/\/gadgettravellers.eu\/it\/wp-json\/wp\/v2\/product_brand?post=5317592"},{"taxonomy":"product_cat","embeddable":true,"href":"https:\/\/gadgettravellers.eu\/it\/wp-json\/wp\/v2\/product_cat?post=5317592"},{"taxonomy":"product_tag","embeddable":true,"href":"https:\/\/gadgettravellers.eu\/it\/wp-json\/wp\/v2\/product_tag?post=5317592"}],"curies":[{"name":"wp","href":"https:\/\/api.w.org\/{rel}","templated":true}]}}