{"id":5317594,"date":"2026-01-19T14:53:57","date_gmt":"2026-01-19T12:53:57","guid":{"rendered":"https:\/\/gadgettravellers.eu\/shop\/palle-lucide-petrolio-scuro-conf6pz-o10cm-xmasfest-1133567\/"},"modified":"2026-04-22T22:56:14","modified_gmt":"2026-04-22T20:56:14","slug":"palle-lucide-petrolio-scuro-conf6pz-o10cm-xmasfest-1133567","status":"publish","type":"product","link":"https:\/\/gadgettravellers.eu\/it\/shop\/palle-lucide-petrolio-scuro-conf6pz-o10cm-xmasfest-1133567\/","title":{"rendered":"Palle Lucide Petrolio Scuro conf=6pz \u00f810cm Xmasfest 1133567"},"content":{"rendered":"<p>Pac=6pz \u00f810cm<\/p>\n<div class='aiseo-faq-section' style='margin-top:30px; border-top:1px solid #eee; padding-top:20px;'>\n<h3>Domande Frequenti<\/h3>\n<details style='margin-bottom:10px; padding:10px; background:#f9f9f9; border-radius:5px;'>\n<summary style='font-weight:bold; cursor:pointer;'>Quanti pezzi contiene la confezione?<\/summary>\n<div style='margin-top:10px; color:#555;'>Il pacchetto contiene 6 pezzi.<\/div>\n<\/details>\n<details style='margin-bottom:10px; padding:10px; background:#f9f9f9; border-radius:5px;'>\n<summary style='font-weight:bold; cursor:pointer;'>Qual \u00e8 il diametro delle palle?<\/summary>\n<div style='margin-top:10px; color:#555;'>Il diametro di ogni palla \u00e8 di 10 cm.<\/div>\n<\/details>\n<details style='margin-bottom:10px; padding:10px; background:#f9f9f9; border-radius:5px;'>\n<summary style='font-weight:bold; cursor:pointer;'>In quali ambienti sono consigliate queste palle?<\/summary>\n<div style='margin-top:10px; color:#555;'>Sono ideali per l&#8217;albero di Natale, le ghirlande, le corone e in generale per gli ambienti interni.<\/div>\n<\/details>\n<details style='margin-bottom:10px; padding:10px; background:#f9f9f9; border-radius:5px;'>\n<summary style='font-weight:bold; cursor:pointer;'>Che tipo di finitura hanno le palle?<\/summary>\n<div style='margin-top:10px; color:#555;'>Hanno una finitura lucida che aumenta il riflesso della luce e aggiunge brillantezza.<\/div>\n<\/details>\n<\/div>\n","protected":false},"excerpt":{"rendered":"<p>Pac=6pz \u00f810cm Domande Frequenti Quanti pezzi contiene la confezione? Il pacchetto contiene 6 pezzi. Qual \u00e8 il diametro delle palle? Il diametro di ogni palla \u00e8 di 10 cm. In quali ambienti sono consigliate queste palle? Sono ideali per l&#8217;albero di Natale, le ghirlande, le corone e in generale per gli ambienti interni. Che tipo [&hellip;]<\/p>\n","protected":false},"featured_media":5183468,"comment_status":"closed","ping_status":"open","template":"","meta":[],"product_brand":[],"product_cat":[],"product_tag":[15],"class_list":{"0":"post-5317594","1":"product","2":"type-product","3":"status-publish","4":"has-post-thumbnail","6":"product_tag-uncategorized","8":"first","9":"onbackorder","10":"purchasable","11":"product-type-simple"},"jetpack_sharing_enabled":true,"_links":{"self":[{"href":"https:\/\/gadgettravellers.eu\/it\/wp-json\/wp\/v2\/product\/5317594","targetHints":{"allow":["GET"]}}],"collection":[{"href":"https:\/\/gadgettravellers.eu\/it\/wp-json\/wp\/v2\/product"}],"about":[{"href":"https:\/\/gadgettravellers.eu\/it\/wp-json\/wp\/v2\/types\/product"}],"replies":[{"embeddable":true,"href":"https:\/\/gadgettravellers.eu\/it\/wp-json\/wp\/v2\/comments?post=5317594"}],"wp:featuredmedia":[{"embeddable":true,"href":"https:\/\/gadgettravellers.eu\/it\/wp-json\/wp\/v2\/media\/5183468"}],"wp:attachment":[{"href":"https:\/\/gadgettravellers.eu\/it\/wp-json\/wp\/v2\/media?parent=5317594"}],"wp:term":[{"taxonomy":"product_brand","embeddable":true,"href":"https:\/\/gadgettravellers.eu\/it\/wp-json\/wp\/v2\/product_brand?post=5317594"},{"taxonomy":"product_cat","embeddable":true,"href":"https:\/\/gadgettravellers.eu\/it\/wp-json\/wp\/v2\/product_cat?post=5317594"},{"taxonomy":"product_tag","embeddable":true,"href":"https:\/\/gadgettravellers.eu\/it\/wp-json\/wp\/v2\/product_tag?post=5317594"}],"curies":[{"name":"wp","href":"https:\/\/api.w.org\/{rel}","templated":true}]}}