{"id":5317601,"date":"2026-01-19T14:54:02","date_gmt":"2026-01-19T12:54:02","guid":{"rendered":"https:\/\/gadgettravellers.eu\/shop\/palle-di-velluto-cipresso-confezione6-pezzi-o6cm-xmasfest-1133574\/"},"modified":"2026-04-22T22:56:17","modified_gmt":"2026-04-22T20:56:17","slug":"palle-di-velluto-cipresso-confezione6-pezzi-o6cm-xmasfest-1133574","status":"publish","type":"product","link":"https:\/\/gadgettravellers.eu\/it\/shop\/palle-di-velluto-cipresso-confezione6-pezzi-o6cm-xmasfest-1133574\/","title":{"rendered":"Palle di Velluto Cipresso confezione=6 pezzi \u00f86cm Xmasfest 1133574"},"content":{"rendered":"<p>Pac=6 pz velluto \u00f86cm<\/p>\n<div class='aiseo-faq-section' style='margin-top:30px; border-top:1px solid #eee; padding-top:20px;'>\n<h3>Domande Frequenti<\/h3>\n<details style='margin-bottom:10px; padding:10px; background:#f9f9f9; border-radius:5px;'>\n<summary style='font-weight:bold; cursor:pointer;'>Quanti pezzi include il set?<\/summary>\n<div style='margin-top:10px; color:#555;'>Il set include 6 pezzi.<\/div>\n<\/details>\n<details style='margin-bottom:10px; padding:10px; background:#f9f9f9; border-radius:5px;'>\n<summary style='font-weight:bold; cursor:pointer;'>Qual \u00e8 il diametro delle palle?<\/summary>\n<div style='margin-top:10px; color:#555;'>Ogni palla ha un diametro di \u00f86cm.<\/div>\n<\/details>\n<details style='margin-bottom:10px; padding:10px; background:#f9f9f9; border-radius:5px;'>\n<summary style='font-weight:bold; cursor:pointer;'>Di che materiale sono fatte le palle?<\/summary>\n<div style='margin-top:10px; color:#555;'>Sono vellutate, come indicato nella descrizione.<\/div>\n<\/details>\n<details style='margin-bottom:10px; padding:10px; background:#f9f9f9; border-radius:5px;'>\n<summary style='font-weight:bold; cursor:pointer;'>Di che tonalit\u00e0 sono le palle?<\/summary>\n<div style='margin-top:10px; color:#555;'>Le palle sono di colore cipresso.<\/div>\n<\/details>\n<details style='margin-bottom:10px; padding:10px; background:#f9f9f9; border-radius:5px;'>\n<summary style='font-weight:bold; cursor:pointer;'>\u00c8 facile da applicare e qual \u00e8 la consistenza?<\/summary>\n<div style='margin-top:10px; color:#555;'>S\u00ec, si dice che abbiano una consistenza morbida e siano facili da appendere.<\/div>\n<\/details>\n<\/div>\n","protected":false},"excerpt":{"rendered":"<p>Pac=6 pz velluto \u00f86cm Domande Frequenti Quanti pezzi include il set? Il set include 6 pezzi. Qual \u00e8 il diametro delle palle? Ogni palla ha un diametro di \u00f86cm. Di che materiale sono fatte le palle? Sono vellutate, come indicato nella descrizione. Di che tonalit\u00e0 sono le palle? Le palle sono di colore cipresso. \u00c8 [&hellip;]<\/p>\n","protected":false},"featured_media":5183496,"comment_status":"closed","ping_status":"open","template":"","meta":[],"product_brand":[],"product_cat":[],"product_tag":[15],"class_list":{"0":"post-5317601","1":"product","2":"type-product","3":"status-publish","4":"has-post-thumbnail","6":"product_tag-uncategorized","8":"first","9":"onbackorder","10":"purchasable","11":"product-type-simple"},"jetpack_sharing_enabled":true,"_links":{"self":[{"href":"https:\/\/gadgettravellers.eu\/it\/wp-json\/wp\/v2\/product\/5317601","targetHints":{"allow":["GET"]}}],"collection":[{"href":"https:\/\/gadgettravellers.eu\/it\/wp-json\/wp\/v2\/product"}],"about":[{"href":"https:\/\/gadgettravellers.eu\/it\/wp-json\/wp\/v2\/types\/product"}],"replies":[{"embeddable":true,"href":"https:\/\/gadgettravellers.eu\/it\/wp-json\/wp\/v2\/comments?post=5317601"}],"wp:featuredmedia":[{"embeddable":true,"href":"https:\/\/gadgettravellers.eu\/it\/wp-json\/wp\/v2\/media\/5183496"}],"wp:attachment":[{"href":"https:\/\/gadgettravellers.eu\/it\/wp-json\/wp\/v2\/media?parent=5317601"}],"wp:term":[{"taxonomy":"product_brand","embeddable":true,"href":"https:\/\/gadgettravellers.eu\/it\/wp-json\/wp\/v2\/product_brand?post=5317601"},{"taxonomy":"product_cat","embeddable":true,"href":"https:\/\/gadgettravellers.eu\/it\/wp-json\/wp\/v2\/product_cat?post=5317601"},{"taxonomy":"product_tag","embeddable":true,"href":"https:\/\/gadgettravellers.eu\/it\/wp-json\/wp\/v2\/product_tag?post=5317601"}],"curies":[{"name":"wp","href":"https:\/\/api.w.org\/{rel}","templated":true}]}}