{"id":5317603,"date":"2026-01-19T14:54:03","date_gmt":"2026-01-19T12:54:03","guid":{"rendered":"https:\/\/gadgettravellers.eu\/shop\/palle-vellutate-cipresso-confezione6-pezzi-%cf%868-o8cm-xmasfest-1133575\/"},"modified":"2026-04-22T22:56:18","modified_gmt":"2026-04-22T20:56:18","slug":"palle-vellutate-cipresso-confezione6-pezzi-%cf%868-o8cm-xmasfest-1133575","status":"publish","type":"product","link":"https:\/\/gadgettravellers.eu\/it\/shop\/palle-vellutate-cipresso-confezione6-pezzi-%cf%868-o8cm-xmasfest-1133575\/","title":{"rendered":"Palle Vellutate Cipresso confezione=6 pezzi \u03c68 \u00f88cm Xmasfest 1133575"},"content":{"rendered":"<p>Pac=6 pz velluto \u00f88cm<\/p>\n<div class='aiseo-faq-section' style='margin-top:30px; border-top:1px solid #eee; padding-top:20px;'>\n<h3>Domande Frequenti<\/h3>\n<details style='margin-bottom:10px; padding:10px; background:#f9f9f9; border-radius:5px;'>\n<summary style='font-weight:bold; cursor:pointer;'>Quanti pezzi include il pacchetto?<\/summary>\n<div style='margin-top:10px; color:#555;'>Il pacchetto include 6 pezzi.<\/div>\n<\/details>\n<details style='margin-bottom:10px; padding:10px; background:#f9f9f9; border-radius:5px;'>\n<summary style='font-weight:bold; cursor:pointer;'>Qual \u00e8 il diametro delle palle?<\/summary>\n<div style='margin-top:10px; color:#555;'>Il diametro \u00e8 \u00d88 cm.<\/div>\n<\/details>\n<details style='margin-bottom:10px; padding:10px; background:#f9f9f9; border-radius:5px;'>\n<summary style='font-weight:bold; cursor:pointer;'>Qual \u00e8 il materiale\/finitura delle decorazioni?<\/summary>\n<div style='margin-top:10px; color:#555;'>Hanno un rivestimento vellutato con una consistenza morbida.<\/div>\n<\/details>\n<details style='margin-bottom:10px; padding:10px; background:#f9f9f9; border-radius:5px;'>\n<summary style='font-weight:bold; cursor:pointer;'>Possono essere utilizzati all&#8217;aperto?<\/summary>\n<div style='margin-top:10px; color:#555;'>Sono ideali per la decorazione interna e per l&#8217;addobbo dell&#8217;albero, non per un uso prolungato all&#8217;aperto.<\/div>\n<\/details>\n<\/div>\n","protected":false},"excerpt":{"rendered":"<p>Pac=6 pz velluto \u00f88cm Domande Frequenti Quanti pezzi include il pacchetto? Il pacchetto include 6 pezzi. Qual \u00e8 il diametro delle palle? Il diametro \u00e8 \u00d88 cm. Qual \u00e8 il materiale\/finitura delle decorazioni? Hanno un rivestimento vellutato con una consistenza morbida. Possono essere utilizzati all&#8217;aperto? Sono ideali per la decorazione interna e per l&#8217;addobbo dell&#8217;albero, [&hellip;]<\/p>\n","protected":false},"featured_media":5183500,"comment_status":"closed","ping_status":"open","template":"","meta":[],"product_brand":[],"product_cat":[],"product_tag":[15],"class_list":{"0":"post-5317603","1":"product","2":"type-product","3":"status-publish","4":"has-post-thumbnail","6":"product_tag-uncategorized","8":"first","9":"onbackorder","10":"purchasable","11":"product-type-simple"},"jetpack_sharing_enabled":true,"_links":{"self":[{"href":"https:\/\/gadgettravellers.eu\/it\/wp-json\/wp\/v2\/product\/5317603","targetHints":{"allow":["GET"]}}],"collection":[{"href":"https:\/\/gadgettravellers.eu\/it\/wp-json\/wp\/v2\/product"}],"about":[{"href":"https:\/\/gadgettravellers.eu\/it\/wp-json\/wp\/v2\/types\/product"}],"replies":[{"embeddable":true,"href":"https:\/\/gadgettravellers.eu\/it\/wp-json\/wp\/v2\/comments?post=5317603"}],"wp:featuredmedia":[{"embeddable":true,"href":"https:\/\/gadgettravellers.eu\/it\/wp-json\/wp\/v2\/media\/5183500"}],"wp:attachment":[{"href":"https:\/\/gadgettravellers.eu\/it\/wp-json\/wp\/v2\/media?parent=5317603"}],"wp:term":[{"taxonomy":"product_brand","embeddable":true,"href":"https:\/\/gadgettravellers.eu\/it\/wp-json\/wp\/v2\/product_brand?post=5317603"},{"taxonomy":"product_cat","embeddable":true,"href":"https:\/\/gadgettravellers.eu\/it\/wp-json\/wp\/v2\/product_cat?post=5317603"},{"taxonomy":"product_tag","embeddable":true,"href":"https:\/\/gadgettravellers.eu\/it\/wp-json\/wp\/v2\/product_tag?post=5317603"}],"curies":[{"name":"wp","href":"https:\/\/api.w.org\/{rel}","templated":true}]}}