{"id":5317605,"date":"2026-01-19T14:54:04","date_gmt":"2026-01-19T12:54:04","guid":{"rendered":"https:\/\/gadgettravellers.eu\/shop\/palle-incise-argento-conf6pz-o8cm-xmasfest-1133578\/"},"modified":"2026-04-22T22:56:19","modified_gmt":"2026-04-22T20:56:19","slug":"palle-incise-argento-conf6pz-o8cm-xmasfest-1133578","status":"publish","type":"product","link":"https:\/\/gadgettravellers.eu\/it\/shop\/palle-incise-argento-conf6pz-o8cm-xmasfest-1133578\/","title":{"rendered":"Palle Incise Argento conf=6pz \u00f88cm Xmasfest 1133578"},"content":{"rendered":"<p>Pac=6pz \u00f88cm<\/p>\n<div class='aiseo-faq-section' style='margin-top:30px; border-top:1px solid #eee; padding-top:20px;'>\n<h3>Domande Frequenti<\/h3>\n<details style='margin-bottom:10px; padding:10px; background:#f9f9f9; border-radius:5px;'>\n<summary style='font-weight:bold; cursor:pointer;'>Quanti pezzi sono inclusi nel set?<\/summary>\n<div style='margin-top:10px; color:#555;'>Il set contiene 6 palle.<\/div>\n<\/details>\n<details style='margin-bottom:10px; padding:10px; background:#f9f9f9; border-radius:5px;'>\n<summary style='font-weight:bold; cursor:pointer;'>Qual \u00e8 il diametro delle palle?<\/summary>\n<div style='margin-top:10px; color:#555;'>Ogni palla ha un diametro \u00d88 cm.<\/div>\n<\/details>\n<details style='margin-bottom:10px; padding:10px; background:#f9f9f9; border-radius:5px;'>\n<summary style='font-weight:bold; cursor:pointer;'>Per quali ambienti sono adatte?<\/summary>\n<div style='margin-top:10px; color:#555;'>Sono destinati all&#8217;uso interno in case e negozi.<\/div>\n<\/details>\n<details style='margin-bottom:10px; padding:10px; background:#f9f9f9; border-radius:5px;'>\n<summary style='font-weight:bold; cursor:pointer;'>Dove possono essere utilizzati oltre all&#8217;albero di Natale?<\/summary>\n<div style='margin-top:10px; color:#555;'>Ideali per corone, ghirlande, tavoli e decorazioni festive in generale.<\/div>\n<\/details>\n<\/div>\n","protected":false},"excerpt":{"rendered":"<p>Pac=6pz \u00f88cm Domande Frequenti Quanti pezzi sono inclusi nel set? Il set contiene 6 palle. Qual \u00e8 il diametro delle palle? Ogni palla ha un diametro \u00d88 cm. Per quali ambienti sono adatte? Sono destinati all&#8217;uso interno in case e negozi. Dove possono essere utilizzati oltre all&#8217;albero di Natale? Ideali per corone, ghirlande, tavoli e [&hellip;]<\/p>\n","protected":false},"featured_media":5183512,"comment_status":"closed","ping_status":"open","template":"","meta":[],"product_brand":[],"product_cat":[],"product_tag":[15],"class_list":{"0":"post-5317605","1":"product","2":"type-product","3":"status-publish","4":"has-post-thumbnail","6":"product_tag-uncategorized","8":"first","9":"onbackorder","10":"purchasable","11":"product-type-simple"},"jetpack_sharing_enabled":true,"_links":{"self":[{"href":"https:\/\/gadgettravellers.eu\/it\/wp-json\/wp\/v2\/product\/5317605","targetHints":{"allow":["GET"]}}],"collection":[{"href":"https:\/\/gadgettravellers.eu\/it\/wp-json\/wp\/v2\/product"}],"about":[{"href":"https:\/\/gadgettravellers.eu\/it\/wp-json\/wp\/v2\/types\/product"}],"replies":[{"embeddable":true,"href":"https:\/\/gadgettravellers.eu\/it\/wp-json\/wp\/v2\/comments?post=5317605"}],"wp:featuredmedia":[{"embeddable":true,"href":"https:\/\/gadgettravellers.eu\/it\/wp-json\/wp\/v2\/media\/5183512"}],"wp:attachment":[{"href":"https:\/\/gadgettravellers.eu\/it\/wp-json\/wp\/v2\/media?parent=5317605"}],"wp:term":[{"taxonomy":"product_brand","embeddable":true,"href":"https:\/\/gadgettravellers.eu\/it\/wp-json\/wp\/v2\/product_brand?post=5317605"},{"taxonomy":"product_cat","embeddable":true,"href":"https:\/\/gadgettravellers.eu\/it\/wp-json\/wp\/v2\/product_cat?post=5317605"},{"taxonomy":"product_tag","embeddable":true,"href":"https:\/\/gadgettravellers.eu\/it\/wp-json\/wp\/v2\/product_tag?post=5317605"}],"curies":[{"name":"wp","href":"https:\/\/api.w.org\/{rel}","templated":true}]}}