{"id":5317606,"date":"2026-01-19T14:54:04","date_gmt":"2026-01-19T12:54:04","guid":{"rendered":"https:\/\/gadgettravellers.eu\/shop\/palle-incise-rosse-pac6pz-o6cm-xmasfest-1133579\/"},"modified":"2026-04-22T22:56:20","modified_gmt":"2026-04-22T20:56:20","slug":"palle-incise-rosse-pac6pz-o6cm-xmasfest-1133579","status":"publish","type":"product","link":"https:\/\/gadgettravellers.eu\/it\/shop\/palle-incise-rosse-pac6pz-o6cm-xmasfest-1133579\/","title":{"rendered":"Palle Incise Rosse pac=6pz \u00f86cm Xmasfest 1133579"},"content":{"rendered":"<p>Pac=6pz \u00f86cm<\/p>\n<div class='aiseo-faq-section' style='margin-top:30px; border-top:1px solid #eee; padding-top:20px;'>\n<h3>Domande Frequenti<\/h3>\n<details style='margin-bottom:10px; padding:10px; background:#f9f9f9; border-radius:5px;'>\n<summary style='font-weight:bold; cursor:pointer;'>Qual \u00e8 il diametro delle palle?<\/summary>\n<div style='margin-top:10px; color:#555;'>Ogni palla ha un diametro di 6 cm (\u00f86cm).<\/div>\n<\/details>\n<details style='margin-bottom:10px; padding:10px; background:#f9f9f9; border-radius:5px;'>\n<summary style='font-weight:bold; cursor:pointer;'>Quanti pezzi include il set?<\/summary>\n<div style='margin-top:10px; color:#555;'>Il pacchetto contiene 6 pezzi.<\/div>\n<\/details>\n<details style='margin-bottom:10px; padding:10px; background:#f9f9f9; border-radius:5px;'>\n<summary style='font-weight:bold; cursor:pointer;'>Per quale tipo di decorazione sono adatte?<\/summary>\n<div style='margin-top:10px; color:#555;'>Sono ideali per decorare alberi di Natale, ghirlande e per la decorazione interna generale.<\/div>\n<\/details>\n<details style='margin-bottom:10px; padding:10px; background:#f9f9f9; border-radius:5px;'>\n<summary style='font-weight:bold; cursor:pointer;'>\u00c8 difficile l&#8217;installazione?<\/summary>\n<div style='margin-top:10px; color:#555;'>L&#8217;installazione \u00e8 facile e il set offre un aspetto omogeneo all&#8217;albero.<\/div>\n<\/details>\n<\/div>\n","protected":false},"excerpt":{"rendered":"<p>Pac=6pz \u00f86cm Domande Frequenti Qual \u00e8 il diametro delle palle? Ogni palla ha un diametro di 6 cm (\u00f86cm). Quanti pezzi include il set? Il pacchetto contiene 6 pezzi. Per quale tipo di decorazione sono adatte? Sono ideali per decorare alberi di Natale, ghirlande e per la decorazione interna generale. \u00c8 difficile l&#8217;installazione? L&#8217;installazione \u00e8 [&hellip;]<\/p>\n","protected":false},"featured_media":5183516,"comment_status":"closed","ping_status":"open","template":"","meta":[],"product_brand":[],"product_cat":[],"product_tag":[15],"class_list":{"0":"post-5317606","1":"product","2":"type-product","3":"status-publish","4":"has-post-thumbnail","6":"product_tag-uncategorized","8":"first","9":"onbackorder","10":"purchasable","11":"product-type-simple"},"jetpack_sharing_enabled":true,"_links":{"self":[{"href":"https:\/\/gadgettravellers.eu\/it\/wp-json\/wp\/v2\/product\/5317606","targetHints":{"allow":["GET"]}}],"collection":[{"href":"https:\/\/gadgettravellers.eu\/it\/wp-json\/wp\/v2\/product"}],"about":[{"href":"https:\/\/gadgettravellers.eu\/it\/wp-json\/wp\/v2\/types\/product"}],"replies":[{"embeddable":true,"href":"https:\/\/gadgettravellers.eu\/it\/wp-json\/wp\/v2\/comments?post=5317606"}],"wp:featuredmedia":[{"embeddable":true,"href":"https:\/\/gadgettravellers.eu\/it\/wp-json\/wp\/v2\/media\/5183516"}],"wp:attachment":[{"href":"https:\/\/gadgettravellers.eu\/it\/wp-json\/wp\/v2\/media?parent=5317606"}],"wp:term":[{"taxonomy":"product_brand","embeddable":true,"href":"https:\/\/gadgettravellers.eu\/it\/wp-json\/wp\/v2\/product_brand?post=5317606"},{"taxonomy":"product_cat","embeddable":true,"href":"https:\/\/gadgettravellers.eu\/it\/wp-json\/wp\/v2\/product_cat?post=5317606"},{"taxonomy":"product_tag","embeddable":true,"href":"https:\/\/gadgettravellers.eu\/it\/wp-json\/wp\/v2\/product_tag?post=5317606"}],"curies":[{"name":"wp","href":"https:\/\/api.w.org\/{rel}","templated":true}]}}