{"id":5317607,"date":"2026-01-19T14:54:07","date_gmt":"2026-01-19T12:54:07","guid":{"rendered":"https:\/\/gadgettravellers.eu\/shop\/palle-incise-argento-pac6pz-o6-cm-xmasfest-1133577\/"},"modified":"2026-04-22T22:56:20","modified_gmt":"2026-04-22T20:56:20","slug":"palle-incise-argento-pac6pz-o6-cm-xmasfest-1133577","status":"publish","type":"product","link":"https:\/\/gadgettravellers.eu\/it\/shop\/palle-incise-argento-pac6pz-o6-cm-xmasfest-1133577\/","title":{"rendered":"Palle Incise Argento pac=6pz \u00f86 cm Xmasfest 1133577"},"content":{"rendered":"<p>Pac=6pz \u00f86cm<\/p>\n<div class='aiseo-faq-section' style='margin-top:30px; border-top:1px solid #eee; padding-top:20px;'>\n<h3>Domande Frequenti<\/h3>\n<details style='margin-bottom:10px; padding:10px; background:#f9f9f9; border-radius:5px;'>\n<summary style='font-weight:bold; cursor:pointer;'>Qual \u00e8 la dimensione di ogni palla?<\/summary>\n<div style='margin-top:10px; color:#555;'>Ogni palla ha un diametro \u00d86cm.<\/div>\n<\/details>\n<details style='margin-bottom:10px; padding:10px; background:#f9f9f9; border-radius:5px;'>\n<summary style='font-weight:bold; cursor:pointer;'>Quanti pezzi include il set?<\/summary>\n<div style='margin-top:10px; color:#555;'>Il set include 6 pezzi.<\/div>\n<\/details>\n<details style='margin-bottom:10px; padding:10px; background:#f9f9f9; border-radius:5px;'>\n<summary style='font-weight:bold; cursor:pointer;'>Per quali ambienti sono adatte queste palle?<\/summary>\n<div style='margin-top:10px; color:#555;'>Adatti per decorare alberi, ghirlande e decorazioni festive interne, principalmente per ambienti interni.<\/div>\n<\/details>\n<details style='margin-bottom:10px; padding:10px; background:#f9f9f9; border-radius:5px;'>\n<summary style='font-weight:bold; cursor:pointer;'>Le palle sono resistenti e riutilizzabili?<\/summary>\n<div style='margin-top:10px; color:#555;'>S\u00ec, sono leggere, resistenti e riutilizzabili, con un facile sistema di sospensione per decorazioni ripetute.<\/div>\n<\/details>\n<\/div>\n","protected":false},"excerpt":{"rendered":"<p>Pac=6pz \u00f86cm Domande Frequenti Qual \u00e8 la dimensione di ogni palla? Ogni palla ha un diametro \u00d86cm. Quanti pezzi include il set? Il set include 6 pezzi. Per quali ambienti sono adatte queste palle? Adatti per decorare alberi, ghirlande e decorazioni festive interne, principalmente per ambienti interni. Le palle sono resistenti e riutilizzabili? S\u00ec, sono [&hellip;]<\/p>\n","protected":false},"featured_media":5183508,"comment_status":"closed","ping_status":"open","template":"","meta":[],"product_brand":[],"product_cat":[],"product_tag":[15],"class_list":{"0":"post-5317607","1":"product","2":"type-product","3":"status-publish","4":"has-post-thumbnail","6":"product_tag-uncategorized","8":"first","9":"onbackorder","10":"purchasable","11":"product-type-simple"},"jetpack_sharing_enabled":true,"_links":{"self":[{"href":"https:\/\/gadgettravellers.eu\/it\/wp-json\/wp\/v2\/product\/5317607","targetHints":{"allow":["GET"]}}],"collection":[{"href":"https:\/\/gadgettravellers.eu\/it\/wp-json\/wp\/v2\/product"}],"about":[{"href":"https:\/\/gadgettravellers.eu\/it\/wp-json\/wp\/v2\/types\/product"}],"replies":[{"embeddable":true,"href":"https:\/\/gadgettravellers.eu\/it\/wp-json\/wp\/v2\/comments?post=5317607"}],"wp:featuredmedia":[{"embeddable":true,"href":"https:\/\/gadgettravellers.eu\/it\/wp-json\/wp\/v2\/media\/5183508"}],"wp:attachment":[{"href":"https:\/\/gadgettravellers.eu\/it\/wp-json\/wp\/v2\/media?parent=5317607"}],"wp:term":[{"taxonomy":"product_brand","embeddable":true,"href":"https:\/\/gadgettravellers.eu\/it\/wp-json\/wp\/v2\/product_brand?post=5317607"},{"taxonomy":"product_cat","embeddable":true,"href":"https:\/\/gadgettravellers.eu\/it\/wp-json\/wp\/v2\/product_cat?post=5317607"},{"taxonomy":"product_tag","embeddable":true,"href":"https:\/\/gadgettravellers.eu\/it\/wp-json\/wp\/v2\/product_tag?post=5317607"}],"curies":[{"name":"wp","href":"https:\/\/api.w.org\/{rel}","templated":true}]}}