{"id":5317610,"date":"2026-01-19T14:54:09","date_gmt":"2026-01-19T12:54:09","guid":{"rendered":"https:\/\/gadgettravellers.eu\/shop\/palle-in-rilievo-anticate-mix-con-verde-grigiastro-pac6-pz-o8cm-xmasfest-1133583\/"},"modified":"2026-04-22T22:56:21","modified_gmt":"2026-04-22T20:56:21","slug":"palle-in-rilievo-anticate-mix-con-verde-grigiastro-pac6-pz-o8cm-xmasfest-1133583","status":"publish","type":"product","link":"https:\/\/gadgettravellers.eu\/it\/shop\/palle-in-rilievo-anticate-mix-con-verde-grigiastro-pac6-pz-o8cm-xmasfest-1133583\/","title":{"rendered":"Palle in rilievo anticate mix con verde grigiastro pac=6 pz \u00f88cm Xmasfest 1133583"},"content":{"rendered":"<p>Pac=6 pz rilievo anticato mix con lucide \u00f88cm<\/p>\n<div class='aiseo-faq-section' style='margin-top:30px; border-top:1px solid #eee; padding-top:20px;'>\n<h3>Domande Frequenti<\/h3>\n<details style='margin-bottom:10px; padding:10px; background:#f9f9f9; border-radius:5px;'>\n<summary style='font-weight:bold; cursor:pointer;'>Quanti pezzi include il set?<\/summary>\n<div style='margin-top:10px; color:#555;'>Il set include 6 palle.<\/div>\n<\/details>\n<details style='margin-bottom:10px; padding:10px; background:#f9f9f9; border-radius:5px;'>\n<summary style='font-weight:bold; cursor:pointer;'>Qual \u00e8 il diametro delle palle?<\/summary>\n<div style='margin-top:10px; color:#555;'>Il diametro \u00e8 \u00d88 cm.<\/div>\n<\/details>\n<details style='margin-bottom:10px; padding:10px; background:#f9f9f9; border-radius:5px;'>\n<summary style='font-weight:bold; cursor:pointer;'>Qual \u00e8 la finitura e il colore?<\/summary>\n<div style='margin-top:10px; color:#555;'>Rilievi con finitura antica in superfici lucide grigio-verdi.<\/div>\n<\/details>\n<details style='margin-bottom:10px; padding:10px; background:#f9f9f9; border-radius:5px;'>\n<summary style='font-weight:bold; cursor:pointer;'>Dove sono destinati ad essere utilizzati?<\/summary>\n<div style='margin-top:10px; color:#555;'>Ideali per l&#8217;albero di Natale, ghirlande e composizioni festive.<\/div>\n<\/details>\n<\/div>\n","protected":false},"excerpt":{"rendered":"<p>Pac=6 pz rilievo anticato mix con lucide \u00f88cm Domande Frequenti Quanti pezzi include il set? Il set include 6 palle. Qual \u00e8 il diametro delle palle? Il diametro \u00e8 \u00d88 cm. Qual \u00e8 la finitura e il colore? Rilievi con finitura antica in superfici lucide grigio-verdi. Dove sono destinati ad essere utilizzati? Ideali per l&#8217;albero [&hellip;]<\/p>\n","protected":false},"featured_media":5183532,"comment_status":"closed","ping_status":"open","template":"","meta":[],"product_brand":[],"product_cat":[],"product_tag":[15],"class_list":{"0":"post-5317610","1":"product","2":"type-product","3":"status-publish","4":"has-post-thumbnail","6":"product_tag-uncategorized","8":"first","9":"onbackorder","10":"purchasable","11":"product-type-simple"},"jetpack_sharing_enabled":true,"_links":{"self":[{"href":"https:\/\/gadgettravellers.eu\/it\/wp-json\/wp\/v2\/product\/5317610","targetHints":{"allow":["GET"]}}],"collection":[{"href":"https:\/\/gadgettravellers.eu\/it\/wp-json\/wp\/v2\/product"}],"about":[{"href":"https:\/\/gadgettravellers.eu\/it\/wp-json\/wp\/v2\/types\/product"}],"replies":[{"embeddable":true,"href":"https:\/\/gadgettravellers.eu\/it\/wp-json\/wp\/v2\/comments?post=5317610"}],"wp:featuredmedia":[{"embeddable":true,"href":"https:\/\/gadgettravellers.eu\/it\/wp-json\/wp\/v2\/media\/5183532"}],"wp:attachment":[{"href":"https:\/\/gadgettravellers.eu\/it\/wp-json\/wp\/v2\/media?parent=5317610"}],"wp:term":[{"taxonomy":"product_brand","embeddable":true,"href":"https:\/\/gadgettravellers.eu\/it\/wp-json\/wp\/v2\/product_brand?post=5317610"},{"taxonomy":"product_cat","embeddable":true,"href":"https:\/\/gadgettravellers.eu\/it\/wp-json\/wp\/v2\/product_cat?post=5317610"},{"taxonomy":"product_tag","embeddable":true,"href":"https:\/\/gadgettravellers.eu\/it\/wp-json\/wp\/v2\/product_tag?post=5317610"}],"curies":[{"name":"wp","href":"https:\/\/api.w.org\/{rel}","templated":true}]}}