{"id":5317615,"date":"2026-01-19T14:54:11","date_gmt":"2026-01-19T12:54:11","guid":{"rendered":"https:\/\/gadgettravellers.eu\/shop\/palle-in-rilievo-anticate-mix-con-oro-pac6-pz-o8-cm-xmasfest-1133587\/"},"modified":"2026-04-22T22:56:23","modified_gmt":"2026-04-22T20:56:23","slug":"palle-in-rilievo-anticate-mix-con-oro-pac6-pz-o8-cm-xmasfest-1133587","status":"publish","type":"product","link":"https:\/\/gadgettravellers.eu\/it\/shop\/palle-in-rilievo-anticate-mix-con-oro-pac6-pz-o8-cm-xmasfest-1133587\/","title":{"rendered":"Palle in rilievo anticate mix con oro pac=6 pz \u00f88 cm Xmasfest 1133587"},"content":{"rendered":"<p>Pac=6 pz rilievo anticato mix con lucide \u00f88cm<\/p>\n<div class='aiseo-faq-section' style='margin-top:30px; border-top:1px solid #eee; padding-top:20px;'>\n<h3>Domande Frequenti<\/h3>\n<details style='margin-bottom:10px; padding:10px; background:#f9f9f9; border-radius:5px;'>\n<summary style='font-weight:bold; cursor:pointer;'>Quanti pezzi include il pacchetto?<\/summary>\n<div style='margin-top:10px; color:#555;'>Il pacchetto include 6 pezzi.<\/div>\n<\/details>\n<details style='margin-bottom:10px; padding:10px; background:#f9f9f9; border-radius:5px;'>\n<summary style='font-weight:bold; cursor:pointer;'>Qual \u00e8 il diametro delle palle?<\/summary>\n<div style='margin-top:10px; color:#555;'>Ogni palla ha un diametro di 8 cm.<\/div>\n<\/details>\n<details style='margin-bottom:10px; padding:10px; background:#f9f9f9; border-radius:5px;'>\n<summary style='font-weight:bold; cursor:pointer;'>Qual \u00e8 la finitura delle palline?<\/summary>\n<div style='margin-top:10px; color:#555;'>Rilievo antico mix con superfici lucide.<\/div>\n<\/details>\n<details style='margin-bottom:10px; padding:10px; background:#f9f9f9; border-radius:5px;'>\n<summary style='font-weight:bold; cursor:pointer;'>Sono adatte per decorare l&#8217;albero?<\/summary>\n<div style='margin-top:10px; color:#555;'>S\u00ec, sono ideali per decorare l&#8217;albero e per applicazioni decorative in casa.<\/div>\n<\/details>\n<\/div>\n","protected":false},"excerpt":{"rendered":"<p>Pac=6 pz rilievo anticato mix con lucide \u00f88cm Domande Frequenti Quanti pezzi include il pacchetto? Il pacchetto include 6 pezzi. Qual \u00e8 il diametro delle palle? Ogni palla ha un diametro di 8 cm. Qual \u00e8 la finitura delle palline? Rilievo antico mix con superfici lucide. Sono adatte per decorare l&#8217;albero? S\u00ec, sono ideali per [&hellip;]<\/p>\n","protected":false},"featured_media":5183548,"comment_status":"closed","ping_status":"open","template":"","meta":[],"product_brand":[],"product_cat":[],"product_tag":[15],"class_list":{"0":"post-5317615","1":"product","2":"type-product","3":"status-publish","4":"has-post-thumbnail","6":"product_tag-uncategorized","8":"first","9":"onbackorder","10":"purchasable","11":"product-type-simple"},"jetpack_sharing_enabled":true,"_links":{"self":[{"href":"https:\/\/gadgettravellers.eu\/it\/wp-json\/wp\/v2\/product\/5317615","targetHints":{"allow":["GET"]}}],"collection":[{"href":"https:\/\/gadgettravellers.eu\/it\/wp-json\/wp\/v2\/product"}],"about":[{"href":"https:\/\/gadgettravellers.eu\/it\/wp-json\/wp\/v2\/types\/product"}],"replies":[{"embeddable":true,"href":"https:\/\/gadgettravellers.eu\/it\/wp-json\/wp\/v2\/comments?post=5317615"}],"wp:featuredmedia":[{"embeddable":true,"href":"https:\/\/gadgettravellers.eu\/it\/wp-json\/wp\/v2\/media\/5183548"}],"wp:attachment":[{"href":"https:\/\/gadgettravellers.eu\/it\/wp-json\/wp\/v2\/media?parent=5317615"}],"wp:term":[{"taxonomy":"product_brand","embeddable":true,"href":"https:\/\/gadgettravellers.eu\/it\/wp-json\/wp\/v2\/product_brand?post=5317615"},{"taxonomy":"product_cat","embeddable":true,"href":"https:\/\/gadgettravellers.eu\/it\/wp-json\/wp\/v2\/product_cat?post=5317615"},{"taxonomy":"product_tag","embeddable":true,"href":"https:\/\/gadgettravellers.eu\/it\/wp-json\/wp\/v2\/product_tag?post=5317615"}],"curies":[{"name":"wp","href":"https:\/\/api.w.org\/{rel}","templated":true}]}}