{"id":5317616,"date":"2026-01-19T14:54:12","date_gmt":"2026-01-19T12:54:12","guid":{"rendered":"https:\/\/gadgettravellers.eu\/shop\/palle-in-rilievo-anticate-mix-con-oro-pac4pz-o10cm-xmasfest-1133588\/"},"modified":"2026-04-22T22:56:24","modified_gmt":"2026-04-22T20:56:24","slug":"palle-in-rilievo-anticate-mix-con-oro-pac4pz-o10cm-xmasfest-1133588","status":"publish","type":"product","link":"https:\/\/gadgettravellers.eu\/it\/shop\/palle-in-rilievo-anticate-mix-con-oro-pac4pz-o10cm-xmasfest-1133588\/","title":{"rendered":"Palle in rilievo anticate mix con oro pac=4pz \u00f810cm Xmasfest 1133588"},"content":{"rendered":"<p>Pac=4 pezzi rilievo anticato mix con lucide \u00f810cm<\/p>\n<div class='aiseo-faq-section' style='margin-top:30px; border-top:1px solid #eee; padding-top:20px;'>\n<h3>Domande Frequenti<\/h3>\n<details style='margin-bottom:10px; padding:10px; background:#f9f9f9; border-radius:5px;'>\n<summary style='font-weight:bold; cursor:pointer;'>Quanti pezzi include il pacchetto?<\/summary>\n<div style='margin-top:10px; color:#555;'>Il pacchetto include 4 pezzi.<\/div>\n<\/details>\n<details style='margin-bottom:10px; padding:10px; background:#f9f9f9; border-radius:5px;'>\n<summary style='font-weight:bold; cursor:pointer;'>Qual \u00e8 il diametro delle palle?<\/summary>\n<div style='margin-top:10px; color:#555;'>Ogni palla ha un diametro \u00d810 cm.<\/div>\n<\/details>\n<details style='margin-bottom:10px; padding:10px; background:#f9f9f9; border-radius:5px;'>\n<summary style='font-weight:bold; cursor:pointer;'>Qual \u00e8 la finitura e l&#8217;aspetto delle palle?<\/summary>\n<div style='margin-top:10px; color:#555;'>Hanno una superficie antica in rilievo con superfici lucide e glitter dorato.<\/div>\n<\/details>\n<details style='margin-bottom:10px; padding:10px; background:#f9f9f9; border-radius:5px;'>\n<summary style='font-weight:bold; cursor:pointer;'>Per quale uso sono adatte?<\/summary>\n<div style='margin-top:10px; color:#555;'>Ideali per decorare l&#8217;albero, la corona o per una decorazione natalizia generale.<\/div>\n<\/details>\n<\/div>\n","protected":false},"excerpt":{"rendered":"<p>Pac=4 pezzi rilievo anticato mix con lucide \u00f810cm Domande Frequenti Quanti pezzi include il pacchetto? Il pacchetto include 4 pezzi. Qual \u00e8 il diametro delle palle? Ogni palla ha un diametro \u00d810 cm. Qual \u00e8 la finitura e l&#8217;aspetto delle palle? Hanno una superficie antica in rilievo con superfici lucide e glitter dorato. Per quale [&hellip;]<\/p>\n","protected":false},"featured_media":5183552,"comment_status":"closed","ping_status":"open","template":"","meta":[],"product_brand":[],"product_cat":[],"product_tag":[15],"class_list":{"0":"post-5317616","1":"product","2":"type-product","3":"status-publish","4":"has-post-thumbnail","6":"product_tag-uncategorized","8":"first","9":"onbackorder","10":"purchasable","11":"product-type-simple"},"jetpack_sharing_enabled":true,"_links":{"self":[{"href":"https:\/\/gadgettravellers.eu\/it\/wp-json\/wp\/v2\/product\/5317616","targetHints":{"allow":["GET"]}}],"collection":[{"href":"https:\/\/gadgettravellers.eu\/it\/wp-json\/wp\/v2\/product"}],"about":[{"href":"https:\/\/gadgettravellers.eu\/it\/wp-json\/wp\/v2\/types\/product"}],"replies":[{"embeddable":true,"href":"https:\/\/gadgettravellers.eu\/it\/wp-json\/wp\/v2\/comments?post=5317616"}],"wp:featuredmedia":[{"embeddable":true,"href":"https:\/\/gadgettravellers.eu\/it\/wp-json\/wp\/v2\/media\/5183552"}],"wp:attachment":[{"href":"https:\/\/gadgettravellers.eu\/it\/wp-json\/wp\/v2\/media?parent=5317616"}],"wp:term":[{"taxonomy":"product_brand","embeddable":true,"href":"https:\/\/gadgettravellers.eu\/it\/wp-json\/wp\/v2\/product_brand?post=5317616"},{"taxonomy":"product_cat","embeddable":true,"href":"https:\/\/gadgettravellers.eu\/it\/wp-json\/wp\/v2\/product_cat?post=5317616"},{"taxonomy":"product_tag","embeddable":true,"href":"https:\/\/gadgettravellers.eu\/it\/wp-json\/wp\/v2\/product_tag?post=5317616"}],"curies":[{"name":"wp","href":"https:\/\/api.w.org\/{rel}","templated":true}]}}