{"id":5317617,"date":"2026-01-19T14:54:13","date_gmt":"2026-01-19T12:54:13","guid":{"rendered":"https:\/\/gadgettravellers.eu\/shop\/palle-in-rilievo-antiche-mix-con-bianche-pac6pz-o6cm-xmasfest-1133589\/"},"modified":"2026-04-22T22:56:24","modified_gmt":"2026-04-22T20:56:24","slug":"palle-in-rilievo-antiche-mix-con-bianche-pac6pz-o6cm-xmasfest-1133589","status":"publish","type":"product","link":"https:\/\/gadgettravellers.eu\/it\/shop\/palle-in-rilievo-antiche-mix-con-bianche-pac6pz-o6cm-xmasfest-1133589\/","title":{"rendered":"Palle in rilievo Antiche mix con Bianche pac=6pz \u00f86cm Xmasfest 1133589"},"content":{"rendered":"<p>Pac=6 pz rilievo anticato mix con bianche \u00f86cm<\/p>\n<div class='aiseo-faq-section' style='margin-top:30px; border-top:1px solid #eee; padding-top:20px;'>\n<h3>Domande Frequenti<\/h3>\n<details style='margin-bottom:10px; padding:10px; background:#f9f9f9; border-radius:5px;'>\n<summary style='font-weight:bold; cursor:pointer;'>Quante palle sono incluse nel pacchetto?<\/summary>\n<div style='margin-top:10px; color:#555;'>Pacchetto da 6 pezzi.<\/div>\n<\/details>\n<details style='margin-bottom:10px; padding:10px; background:#f9f9f9; border-radius:5px;'>\n<summary style='font-weight:bold; cursor:pointer;'>Qual \u00e8 il diametro delle palle?<\/summary>\n<div style='margin-top:10px; color:#555;'>Diametro 6 cm.<\/div>\n<\/details>\n<details style='margin-bottom:10px; padding:10px; background:#f9f9f9; border-radius:5px;'>\n<summary style='font-weight:bold; cursor:pointer;'>Qual \u00e8 il colore e la finitura?<\/summary>\n<div style='margin-top:10px; color:#555;'>Aspetto antico bianco con motivo in rilievo.<\/div>\n<\/details>\n<details style='margin-bottom:10px; padding:10px; background:#f9f9f9; border-radius:5px;'>\n<summary style='font-weight:bold; cursor:pointer;'>Per quale uso sono adatte?<\/summary>\n<div style='margin-top:10px; color:#555;'>Ideali per decorare l&#8217;albero di Natale e per la decorazione degli interni.<\/div>\n<\/details>\n<\/div>\n","protected":false},"excerpt":{"rendered":"<p>Pac=6 pz rilievo anticato mix con bianche \u00f86cm Domande Frequenti Quante palle sono incluse nel pacchetto? Pacchetto da 6 pezzi. Qual \u00e8 il diametro delle palle? Diametro 6 cm. Qual \u00e8 il colore e la finitura? Aspetto antico bianco con motivo in rilievo. Per quale uso sono adatte? Ideali per decorare l&#8217;albero di Natale e [&hellip;]<\/p>\n","protected":false},"featured_media":5183556,"comment_status":"closed","ping_status":"open","template":"","meta":[],"product_brand":[],"product_cat":[],"product_tag":[15],"class_list":{"0":"post-5317617","1":"product","2":"type-product","3":"status-publish","4":"has-post-thumbnail","6":"product_tag-uncategorized","8":"first","9":"onbackorder","10":"purchasable","11":"product-type-simple"},"jetpack_sharing_enabled":true,"_links":{"self":[{"href":"https:\/\/gadgettravellers.eu\/it\/wp-json\/wp\/v2\/product\/5317617","targetHints":{"allow":["GET"]}}],"collection":[{"href":"https:\/\/gadgettravellers.eu\/it\/wp-json\/wp\/v2\/product"}],"about":[{"href":"https:\/\/gadgettravellers.eu\/it\/wp-json\/wp\/v2\/types\/product"}],"replies":[{"embeddable":true,"href":"https:\/\/gadgettravellers.eu\/it\/wp-json\/wp\/v2\/comments?post=5317617"}],"wp:featuredmedia":[{"embeddable":true,"href":"https:\/\/gadgettravellers.eu\/it\/wp-json\/wp\/v2\/media\/5183556"}],"wp:attachment":[{"href":"https:\/\/gadgettravellers.eu\/it\/wp-json\/wp\/v2\/media?parent=5317617"}],"wp:term":[{"taxonomy":"product_brand","embeddable":true,"href":"https:\/\/gadgettravellers.eu\/it\/wp-json\/wp\/v2\/product_brand?post=5317617"},{"taxonomy":"product_cat","embeddable":true,"href":"https:\/\/gadgettravellers.eu\/it\/wp-json\/wp\/v2\/product_cat?post=5317617"},{"taxonomy":"product_tag","embeddable":true,"href":"https:\/\/gadgettravellers.eu\/it\/wp-json\/wp\/v2\/product_tag?post=5317617"}],"curies":[{"name":"wp","href":"https:\/\/api.w.org\/{rel}","templated":true}]}}