{"id":5317620,"date":"2026-01-19T14:54:15","date_gmt":"2026-01-19T12:54:15","guid":{"rendered":"https:\/\/gadgettravellers.eu\/shop\/palle-in-rilievo-anticate-mix-con-bianche-pac6pz-o7cm-xmasfest-1133590\/"},"modified":"2026-04-22T22:56:26","modified_gmt":"2026-04-22T20:56:26","slug":"palle-in-rilievo-anticate-mix-con-bianche-pac6pz-o7cm-xmasfest-1133590","status":"publish","type":"product","link":"https:\/\/gadgettravellers.eu\/it\/shop\/palle-in-rilievo-anticate-mix-con-bianche-pac6pz-o7cm-xmasfest-1133590\/","title":{"rendered":"Palle in rilievo Anticate mix con Bianche pac=6pz \u00f87cm Xmasfest 1133590"},"content":{"rendered":"<p>Pac=6 pz rilievo anticato mix con bianche \u00f87cm<\/p>\n<div class='aiseo-faq-section' style='margin-top:30px; border-top:1px solid #eee; padding-top:20px;'>\n<h3>Domande Frequenti<\/h3>\n<details style='margin-bottom:10px; padding:10px; background:#f9f9f9; border-radius:5px;'>\n<summary style='font-weight:bold; cursor:pointer;'>Quanti pezzi contiene la confezione?<\/summary>\n<div style='margin-top:10px; color:#555;'>Il pacchetto include 6 pezzi.<\/div>\n<\/details>\n<details style='margin-bottom:10px; padding:10px; background:#f9f9f9; border-radius:5px;'>\n<summary style='font-weight:bold; cursor:pointer;'>Qual \u00e8 il diametro delle palle?<\/summary>\n<div style='margin-top:10px; color:#555;'>Ogni palla ha un diametro di \u00f87cm.<\/div>\n<\/details>\n<details style='margin-bottom:10px; padding:10px; background:#f9f9f9; border-radius:5px;'>\n<summary style='font-weight:bold; cursor:pointer;'>Qual \u00e8 la finitura e le tonalit\u00e0?<\/summary>\n<div style='margin-top:10px; color:#555;'>Hanno una finitura antica in tonalit\u00e0 bianche.<\/div>\n<\/details>\n<details style='margin-bottom:10px; padding:10px; background:#f9f9f9; border-radius:5px;'>\n<summary style='font-weight:bold; cursor:pointer;'>Dove possono essere utilizzate queste palle?<\/summary>\n<div style='margin-top:10px; color:#555;'>Adatte per albero, ghirlande e decorazioni generali per la casa.<\/div>\n<\/details>\n<\/div>\n","protected":false},"excerpt":{"rendered":"<p>Pac=6 pz rilievo anticato mix con bianche \u00f87cm Domande Frequenti Quanti pezzi contiene la confezione? Il pacchetto include 6 pezzi. Qual \u00e8 il diametro delle palle? Ogni palla ha un diametro di \u00f87cm. Qual \u00e8 la finitura e le tonalit\u00e0? Hanno una finitura antica in tonalit\u00e0 bianche. Dove possono essere utilizzate queste palle? Adatte per [&hellip;]<\/p>\n","protected":false},"featured_media":5183560,"comment_status":"closed","ping_status":"open","template":"","meta":[],"product_brand":[],"product_cat":[],"product_tag":[15],"class_list":{"0":"post-5317620","1":"product","2":"type-product","3":"status-publish","4":"has-post-thumbnail","6":"product_tag-uncategorized","8":"first","9":"onbackorder","10":"purchasable","11":"product-type-simple"},"jetpack_sharing_enabled":true,"_links":{"self":[{"href":"https:\/\/gadgettravellers.eu\/it\/wp-json\/wp\/v2\/product\/5317620","targetHints":{"allow":["GET"]}}],"collection":[{"href":"https:\/\/gadgettravellers.eu\/it\/wp-json\/wp\/v2\/product"}],"about":[{"href":"https:\/\/gadgettravellers.eu\/it\/wp-json\/wp\/v2\/types\/product"}],"replies":[{"embeddable":true,"href":"https:\/\/gadgettravellers.eu\/it\/wp-json\/wp\/v2\/comments?post=5317620"}],"wp:featuredmedia":[{"embeddable":true,"href":"https:\/\/gadgettravellers.eu\/it\/wp-json\/wp\/v2\/media\/5183560"}],"wp:attachment":[{"href":"https:\/\/gadgettravellers.eu\/it\/wp-json\/wp\/v2\/media?parent=5317620"}],"wp:term":[{"taxonomy":"product_brand","embeddable":true,"href":"https:\/\/gadgettravellers.eu\/it\/wp-json\/wp\/v2\/product_brand?post=5317620"},{"taxonomy":"product_cat","embeddable":true,"href":"https:\/\/gadgettravellers.eu\/it\/wp-json\/wp\/v2\/product_cat?post=5317620"},{"taxonomy":"product_tag","embeddable":true,"href":"https:\/\/gadgettravellers.eu\/it\/wp-json\/wp\/v2\/product_tag?post=5317620"}],"curies":[{"name":"wp","href":"https:\/\/api.w.org\/{rel}","templated":true}]}}