{"id":5317623,"date":"2026-01-19T14:54:16","date_gmt":"2026-01-19T12:54:16","guid":{"rendered":"https:\/\/gadgettravellers.eu\/shop\/palle-decor-rosse-ho-ho-ho-conf6pz-o8-cm-xmasfest-1133593\/"},"modified":"2026-04-22T22:56:27","modified_gmt":"2026-04-22T20:56:27","slug":"palle-decor-rosse-ho-ho-ho-conf6pz-o8-cm-xmasfest-1133593","status":"publish","type":"product","link":"https:\/\/gadgettravellers.eu\/it\/shop\/palle-decor-rosse-ho-ho-ho-conf6pz-o8-cm-xmasfest-1133593\/","title":{"rendered":"Palle Decor Rosse ho ho ho conf=6pz \u00f88 cm Xmasfest 1133593"},"content":{"rendered":"<p>Pac=6pz \u00f88cm<\/p>\n<div class='aiseo-faq-section' style='margin-top:30px; border-top:1px solid #eee; padding-top:20px;'>\n<h3>Domande Frequenti<\/h3>\n<details style='margin-bottom:10px; padding:10px; background:#f9f9f9; border-radius:5px;'>\n<summary style='font-weight:bold; cursor:pointer;'>Quanti pezzi include il set?<\/summary>\n<div style='margin-top:10px; color:#555;'>Il set include 6 palline rosse.<\/div>\n<\/details>\n<details style='margin-bottom:10px; padding:10px; background:#f9f9f9; border-radius:5px;'>\n<summary style='font-weight:bold; cursor:pointer;'>Qual \u00e8 il diametro delle palle?<\/summary>\n<div style='margin-top:10px; color:#555;'>Ogni palla ha un diametro di \u00f88 cm.<\/div>\n<\/details>\n<details style='margin-bottom:10px; padding:10px; background:#f9f9f9; border-radius:5px;'>\n<summary style='font-weight:bold; cursor:pointer;'>Che tipo di stampa hanno le palle?<\/summary>\n<div style='margin-top:10px; color:#555;'>Hanno la stampa \u00abho ho ho\u00bb.<\/div>\n<\/details>\n<details style='margin-bottom:10px; padding:10px; background:#f9f9f9; border-radius:5px;'>\n<summary style='font-weight:bold; cursor:pointer;'>In quali ambienti sono destinate le palle?<\/summary>\n<div style='margin-top:10px; color:#555;'>Ideali per decorare l&#8217;albero, ghirlande e spazi interni, nonch\u00e9 per composizioni tematiche e lavori manuali.<\/div>\n<\/details>\n<\/div>\n","protected":false},"excerpt":{"rendered":"<p>Pac=6pz \u00f88cm Domande Frequenti Quanti pezzi include il set? Il set include 6 palline rosse. Qual \u00e8 il diametro delle palle? Ogni palla ha un diametro di \u00f88 cm. Che tipo di stampa hanno le palle? Hanno la stampa \u00abho ho ho\u00bb. In quali ambienti sono destinate le palle? Ideali per decorare l&#8217;albero, ghirlande e [&hellip;]<\/p>\n","protected":false},"featured_media":5183572,"comment_status":"closed","ping_status":"open","template":"","meta":[],"product_brand":[],"product_cat":[],"product_tag":[15],"class_list":{"0":"post-5317623","1":"product","2":"type-product","3":"status-publish","4":"has-post-thumbnail","6":"product_tag-uncategorized","8":"first","9":"onbackorder","10":"purchasable","11":"product-type-simple"},"jetpack_sharing_enabled":true,"_links":{"self":[{"href":"https:\/\/gadgettravellers.eu\/it\/wp-json\/wp\/v2\/product\/5317623","targetHints":{"allow":["GET"]}}],"collection":[{"href":"https:\/\/gadgettravellers.eu\/it\/wp-json\/wp\/v2\/product"}],"about":[{"href":"https:\/\/gadgettravellers.eu\/it\/wp-json\/wp\/v2\/types\/product"}],"replies":[{"embeddable":true,"href":"https:\/\/gadgettravellers.eu\/it\/wp-json\/wp\/v2\/comments?post=5317623"}],"wp:featuredmedia":[{"embeddable":true,"href":"https:\/\/gadgettravellers.eu\/it\/wp-json\/wp\/v2\/media\/5183572"}],"wp:attachment":[{"href":"https:\/\/gadgettravellers.eu\/it\/wp-json\/wp\/v2\/media?parent=5317623"}],"wp:term":[{"taxonomy":"product_brand","embeddable":true,"href":"https:\/\/gadgettravellers.eu\/it\/wp-json\/wp\/v2\/product_brand?post=5317623"},{"taxonomy":"product_cat","embeddable":true,"href":"https:\/\/gadgettravellers.eu\/it\/wp-json\/wp\/v2\/product_cat?post=5317623"},{"taxonomy":"product_tag","embeddable":true,"href":"https:\/\/gadgettravellers.eu\/it\/wp-json\/wp\/v2\/product_tag?post=5317623"}],"curies":[{"name":"wp","href":"https:\/\/api.w.org\/{rel}","templated":true}]}}