{"id":5317636,"date":"2026-01-19T14:54:27","date_gmt":"2026-01-19T12:54:27","guid":{"rendered":"https:\/\/gadgettravellers.eu\/shop\/carosello-a-carica-azzurro-16x11cm-xmasfest-1133607\/"},"modified":"2026-04-14T02:57:04","modified_gmt":"2026-04-14T00:57:04","slug":"carosello-a-carica-azzurro-16x11cm-xmasfest-1133607","status":"publish","type":"product","link":"https:\/\/gadgettravellers.eu\/it\/shop\/carosello-a-carica-azzurro-16x11cm-xmasfest-1133607\/","title":{"rendered":"Carosello a carica Azzurro 16x11cm Xmasfest 1133607"},"content":{"rendered":"<p>Carillon, plastica 16x11cm<\/p>\n<div class='aiseo-faq-section' style='margin-top:30px; border-top:1px solid #eee; padding-top:20px;'>\n<h3>Domande Frequenti<\/h3>\n<details style='margin-bottom:10px; padding:10px; background:#f9f9f9; border-radius:5px;'>\n<summary style='font-weight:bold; cursor:pointer;'>Qual \u00e8 la dimensione della giostra?<\/summary>\n<div style='margin-top:10px; color:#555;'>La giostra ha dimensioni 16&#215;11 cm.<\/div>\n<\/details>\n<details style='margin-bottom:10px; padding:10px; background:#f9f9f9; border-radius:5px;'>\n<summary style='font-weight:bold; cursor:pointer;'>Ha bisogno di batterie per suonare la musica?<\/summary>\n<div style='margin-top:10px; color:#555;'>No, \u00e8 a carica manuale e funziona senza batterie con la chiavetta di carica.<\/div>\n<\/details>\n<details style='margin-bottom:10px; padding:10px; background:#f9f9f9; border-radius:5px;'>\n<summary style='font-weight:bold; cursor:pointer;'>Di che materiale \u00e8 fatto?<\/summary>\n<div style='margin-top:10px; color:#555;'>\u00c8 fatto di plastica.<\/div>\n<\/details>\n<details style='margin-bottom:10px; padding:10px; background:#f9f9f9; border-radius:5px;'>\n<summary style='font-weight:bold; cursor:pointer;'>Pu\u00f2 essere usato come regalo?<\/summary>\n<div style='margin-top:10px; color:#555;'>S\u00ec, \u00e8 ideale come decorazione natalizia e regalo.<\/div>\n<\/details>\n<\/div>\n","protected":false},"excerpt":{"rendered":"<p>Carillon, plastica 16x11cm Domande Frequenti Qual \u00e8 la dimensione della giostra? La giostra ha dimensioni 16&#215;11 cm. Ha bisogno di batterie per suonare la musica? No, \u00e8 a carica manuale e funziona senza batterie con la chiavetta di carica. Di che materiale \u00e8 fatto? \u00c8 fatto di plastica. Pu\u00f2 essere usato come regalo? S\u00ec, \u00e8 [&hellip;]<\/p>\n","protected":false},"featured_media":25831,"comment_status":"closed","ping_status":"open","template":"","meta":[],"product_brand":[],"product_cat":[],"product_tag":[15],"class_list":{"0":"post-5317636","1":"product","2":"type-product","3":"status-publish","4":"has-post-thumbnail","6":"product_tag-uncategorized","8":"first","9":"onbackorder","10":"purchasable","11":"product-type-simple"},"jetpack_sharing_enabled":true,"_links":{"self":[{"href":"https:\/\/gadgettravellers.eu\/it\/wp-json\/wp\/v2\/product\/5317636","targetHints":{"allow":["GET"]}}],"collection":[{"href":"https:\/\/gadgettravellers.eu\/it\/wp-json\/wp\/v2\/product"}],"about":[{"href":"https:\/\/gadgettravellers.eu\/it\/wp-json\/wp\/v2\/types\/product"}],"replies":[{"embeddable":true,"href":"https:\/\/gadgettravellers.eu\/it\/wp-json\/wp\/v2\/comments?post=5317636"}],"wp:featuredmedia":[{"embeddable":true,"href":"https:\/\/gadgettravellers.eu\/it\/wp-json\/wp\/v2\/media\/25831"}],"wp:attachment":[{"href":"https:\/\/gadgettravellers.eu\/it\/wp-json\/wp\/v2\/media?parent=5317636"}],"wp:term":[{"taxonomy":"product_brand","embeddable":true,"href":"https:\/\/gadgettravellers.eu\/it\/wp-json\/wp\/v2\/product_brand?post=5317636"},{"taxonomy":"product_cat","embeddable":true,"href":"https:\/\/gadgettravellers.eu\/it\/wp-json\/wp\/v2\/product_cat?post=5317636"},{"taxonomy":"product_tag","embeddable":true,"href":"https:\/\/gadgettravellers.eu\/it\/wp-json\/wp\/v2\/product_tag?post=5317636"}],"curies":[{"name":"wp","href":"https:\/\/api.w.org\/{rel}","templated":true}]}}