{"id":5317677,"date":"2026-01-19T14:54:58","date_gmt":"2026-01-19T12:54:58","guid":{"rendered":"https:\/\/gadgettravellers.eu\/shop\/gnomo-plastico-con-luce-9x6cm-xmasfest-1133687\/"},"modified":"2026-05-05T06:03:14","modified_gmt":"2026-05-05T04:03:14","slug":"gnomo-plastico-con-luce-9x6cm-xmasfest-1133687","status":"publish","type":"product","link":"https:\/\/gadgettravellers.eu\/it\/shop\/gnomo-plastico-con-luce-9x6cm-xmasfest-1133687\/","title":{"rendered":"Gnomo Plastico con luce 9x6cm Xmasfest 1133687"},"content":{"rendered":"<p>(abbina) con luce (batterie incluse) 9x6cm<\/p>\n<div class='aiseo-faq-section' style='margin-top:30px; border-top:1px solid #eee; padding-top:20px;'>\n<h3>Domande Frequenti<\/h3>\n<details style='margin-bottom:10px; padding:10px; background:#f9f9f9; border-radius:5px;'>\n<summary style='font-weight:bold; cursor:pointer;'>Di che materiale \u00e8 fatto il prodotto?<\/summary>\n<div style='margin-top:10px; color:#555;'>\u00c8 fatto di plastica.<\/div>\n<\/details>\n<details style='margin-bottom:10px; padding:10px; background:#f9f9f9; border-radius:5px;'>\n<summary style='font-weight:bold; cursor:pointer;'>Funziona a batterie?<\/summary>\n<div style='margin-top:10px; color:#555;'>S\u00ec, funziona con batterie incluse nella confezione.<\/div>\n<\/details>\n<details style='margin-bottom:10px; padding:10px; background:#f9f9f9; border-radius:5px;'>\n<summary style='font-weight:bold; cursor:pointer;'>Quali sono le sue dimensioni?<\/summary>\n<div style='margin-top:10px; color:#555;'>Le dimensioni sono 9&#215;6 cm.<\/div>\n<\/details>\n<details style='margin-bottom:10px; padding:10px; background:#f9f9f9; border-radius:5px;'>\n<summary style='font-weight:bold; cursor:pointer;'>Dove \u00e8 adatto per l&#8217;uso?<\/summary>\n<div style='margin-top:10px; color:#555;'>Ideale per la decorazione natalizia di tavoli e scaffali.<\/div>\n<\/details>\n<\/div>\n","protected":false},"excerpt":{"rendered":"<p>(abbina) con luce (batterie incluse) 9x6cm Domande Frequenti Di che materiale \u00e8 fatto il prodotto? \u00c8 fatto di plastica. Funziona a batterie? S\u00ec, funziona con batterie incluse nella confezione. Quali sono le sue dimensioni? Le dimensioni sono 9&#215;6 cm. Dove \u00e8 adatto per l&#8217;uso? Ideale per la decorazione natalizia di tavoli e scaffali.<\/p>\n","protected":false},"featured_media":5183834,"comment_status":"closed","ping_status":"open","template":"","meta":[],"product_brand":[],"product_cat":[],"product_tag":[15],"class_list":{"0":"post-5317677","1":"product","2":"type-product","3":"status-publish","4":"has-post-thumbnail","6":"product_tag-uncategorized","8":"first","9":"onbackorder","10":"purchasable","11":"product-type-simple"},"jetpack_sharing_enabled":true,"_links":{"self":[{"href":"https:\/\/gadgettravellers.eu\/it\/wp-json\/wp\/v2\/product\/5317677","targetHints":{"allow":["GET"]}}],"collection":[{"href":"https:\/\/gadgettravellers.eu\/it\/wp-json\/wp\/v2\/product"}],"about":[{"href":"https:\/\/gadgettravellers.eu\/it\/wp-json\/wp\/v2\/types\/product"}],"replies":[{"embeddable":true,"href":"https:\/\/gadgettravellers.eu\/it\/wp-json\/wp\/v2\/comments?post=5317677"}],"wp:featuredmedia":[{"embeddable":true,"href":"https:\/\/gadgettravellers.eu\/it\/wp-json\/wp\/v2\/media\/5183834"}],"wp:attachment":[{"href":"https:\/\/gadgettravellers.eu\/it\/wp-json\/wp\/v2\/media?parent=5317677"}],"wp:term":[{"taxonomy":"product_brand","embeddable":true,"href":"https:\/\/gadgettravellers.eu\/it\/wp-json\/wp\/v2\/product_brand?post=5317677"},{"taxonomy":"product_cat","embeddable":true,"href":"https:\/\/gadgettravellers.eu\/it\/wp-json\/wp\/v2\/product_cat?post=5317677"},{"taxonomy":"product_tag","embeddable":true,"href":"https:\/\/gadgettravellers.eu\/it\/wp-json\/wp\/v2\/product_tag?post=5317677"}],"curies":[{"name":"wp","href":"https:\/\/api.w.org\/{rel}","templated":true}]}}