{"id":5317679,"date":"2026-01-19T14:55:00","date_gmt":"2026-01-19T12:55:00","guid":{"rendered":"https:\/\/gadgettravellers.eu\/shop\/calza-stivale-regalo-natalizio-in-lana-48x14cm-xmasfest-1133694\/"},"modified":"2026-05-05T06:03:15","modified_gmt":"2026-05-05T04:03:15","slug":"calza-stivale-regalo-natalizio-in-lana-48x14cm-xmasfest-1133694","status":"publish","type":"product","link":"https:\/\/gadgettravellers.eu\/it\/shop\/calza-stivale-regalo-natalizio-in-lana-48x14cm-xmasfest-1133694\/","title":{"rendered":"Calza-Stivale Regalo Natalizio in Lana 48x14cm Xmasfest 1133694"},"content":{"rendered":"<p>Lana 48x14cm<\/p>\n<div class='aiseo-faq-section' style='margin-top:30px; border-top:1px solid #eee; padding-top:20px;'>\n<h3>Domande Frequenti<\/h3>\n<details style='margin-bottom:10px; padding:10px; background:#f9f9f9; border-radius:5px;'>\n<summary style='font-weight:bold; cursor:pointer;'>Di che materiale \u00e8 lo stivale e quali sono le dimensioni?<\/summary>\n<div style='margin-top:10px; color:#555;'>\u00c8 di lana e ha dimensioni 48x14cm.<\/div>\n<\/details>\n<details style='margin-bottom:10px; padding:10px; background:#f9f9f9; border-radius:5px;'>\n<summary style='font-weight:bold; cursor:pointer;'>Ha un modo per essere appeso?<\/summary>\n<div style='margin-top:10px; color:#555;'>S\u00ec, dispone di un&#8217;asola per appendere facilmente al camino, alla porta o all&#8217;albero di Natale.<\/div>\n<\/details>\n<details style='margin-bottom:10px; padding:10px; background:#f9f9f9; border-radius:5px;'>\n<summary style='font-weight:bold; cursor:pointer;'>Pu\u00f2 essere utilizzato per l&#8217;imballaggio dei regali?<\/summary>\n<div style='margin-top:10px; color:#555;'>S\u00ec, \u00e8 ideale come confezione regalo e per la decorazione natalizia.<\/div>\n<\/details>\n<\/div>\n","protected":false},"excerpt":{"rendered":"<p>Lana 48x14cm Domande Frequenti Di che materiale \u00e8 lo stivale e quali sono le dimensioni? \u00c8 di lana e ha dimensioni 48x14cm. Ha un modo per essere appeso? S\u00ec, dispone di un&#8217;asola per appendere facilmente al camino, alla porta o all&#8217;albero di Natale. Pu\u00f2 essere utilizzato per l&#8217;imballaggio dei regali? S\u00ec, \u00e8 ideale come confezione [&hellip;]<\/p>\n","protected":false},"featured_media":5183852,"comment_status":"closed","ping_status":"open","template":"","meta":[],"product_brand":[],"product_cat":[],"product_tag":[15],"class_list":{"0":"post-5317679","1":"product","2":"type-product","3":"status-publish","4":"has-post-thumbnail","6":"product_tag-uncategorized","8":"first","9":"onbackorder","10":"purchasable","11":"product-type-simple"},"jetpack_sharing_enabled":true,"_links":{"self":[{"href":"https:\/\/gadgettravellers.eu\/it\/wp-json\/wp\/v2\/product\/5317679","targetHints":{"allow":["GET"]}}],"collection":[{"href":"https:\/\/gadgettravellers.eu\/it\/wp-json\/wp\/v2\/product"}],"about":[{"href":"https:\/\/gadgettravellers.eu\/it\/wp-json\/wp\/v2\/types\/product"}],"replies":[{"embeddable":true,"href":"https:\/\/gadgettravellers.eu\/it\/wp-json\/wp\/v2\/comments?post=5317679"}],"wp:featuredmedia":[{"embeddable":true,"href":"https:\/\/gadgettravellers.eu\/it\/wp-json\/wp\/v2\/media\/5183852"}],"wp:attachment":[{"href":"https:\/\/gadgettravellers.eu\/it\/wp-json\/wp\/v2\/media?parent=5317679"}],"wp:term":[{"taxonomy":"product_brand","embeddable":true,"href":"https:\/\/gadgettravellers.eu\/it\/wp-json\/wp\/v2\/product_brand?post=5317679"},{"taxonomy":"product_cat","embeddable":true,"href":"https:\/\/gadgettravellers.eu\/it\/wp-json\/wp\/v2\/product_cat?post=5317679"},{"taxonomy":"product_tag","embeddable":true,"href":"https:\/\/gadgettravellers.eu\/it\/wp-json\/wp\/v2\/product_tag?post=5317679"}],"curies":[{"name":"wp","href":"https:\/\/api.w.org\/{rel}","templated":true}]}}