{"id":5317683,"date":"2026-01-19T14:55:04","date_gmt":"2026-01-19T12:55:04","guid":{"rendered":"https:\/\/gadgettravellers.eu\/shop\/portafortuna-da-tavolo-nave-di-cristallo-8x5cm-xmasfest-1133701\/"},"modified":"2026-05-05T06:03:17","modified_gmt":"2026-05-05T04:03:17","slug":"portafortuna-da-tavolo-nave-di-cristallo-8x5cm-xmasfest-1133701","status":"publish","type":"product","link":"https:\/\/gadgettravellers.eu\/it\/shop\/portafortuna-da-tavolo-nave-di-cristallo-8x5cm-xmasfest-1133701\/","title":{"rendered":"Portafortuna da Tavolo Nave di Cristallo ~8x5cm Xmasfest 1133701"},"content":{"rendered":"<p>Base cristallina ~8x5cm<\/p>\n<div class='aiseo-faq-section' style='margin-top:30px; border-top:1px solid #eee; padding-top:20px;'>\n<h3>Domande Frequenti<\/h3>\n<details style='margin-bottom:10px; padding:10px; background:#f9f9f9; border-radius:5px;'>\n<summary style='font-weight:bold; cursor:pointer;'>Di quale materiale \u00e8 fatto il portafortuna?<\/summary>\n<div style='margin-top:10px; color:#555;'>Ha una base di cristallo, come indicato nella descrizione.<\/div>\n<\/details>\n<details style='margin-bottom:10px; padding:10px; background:#f9f9f9; border-radius:5px;'>\n<summary style='font-weight:bold; cursor:pointer;'>Quali sono le sue dimensioni?<\/summary>\n<div style='margin-top:10px; color:#555;'>Le dimensioni sono circa 8&#215;5 cm.<\/div>\n<\/details>\n<details style='margin-bottom:10px; padding:10px; background:#f9f9f9; border-radius:5px;'>\n<summary style='font-weight:bold; cursor:pointer;'>Qual \u00e8 l&#8217;uso consigliato?<\/summary>\n<div style='margin-top:10px; color:#555;'>Si consiglia come decorazione natalizia o come piccolo regalo.<\/div>\n<\/details>\n<details style='margin-bottom:10px; padding:10px; background:#f9f9f9; border-radius:5px;'>\n<summary style='font-weight:bold; cursor:pointer;'>La decorazione \u00e8 trasparente?<\/summary>\n<div style='margin-top:10px; color:#555;'>S\u00ec, \u00e8 elegante e trasparente secondo la breve descrizione.<\/div>\n<\/details>\n<\/div>\n","protected":false},"excerpt":{"rendered":"<p>Base cristallina ~8x5cm Domande Frequenti Di quale materiale \u00e8 fatto il portafortuna? Ha una base di cristallo, come indicato nella descrizione. Quali sono le sue dimensioni? Le dimensioni sono circa 8&#215;5 cm. Qual \u00e8 l&#8217;uso consigliato? Si consiglia come decorazione natalizia o come piccolo regalo. La decorazione \u00e8 trasparente? S\u00ec, \u00e8 elegante e trasparente secondo [&hellip;]<\/p>\n","protected":false},"featured_media":5183882,"comment_status":"closed","ping_status":"open","template":"","meta":[],"product_brand":[],"product_cat":[],"product_tag":[15],"class_list":{"0":"post-5317683","1":"product","2":"type-product","3":"status-publish","4":"has-post-thumbnail","6":"product_tag-uncategorized","8":"first","9":"onbackorder","10":"purchasable","11":"product-type-simple"},"jetpack_sharing_enabled":true,"_links":{"self":[{"href":"https:\/\/gadgettravellers.eu\/it\/wp-json\/wp\/v2\/product\/5317683","targetHints":{"allow":["GET"]}}],"collection":[{"href":"https:\/\/gadgettravellers.eu\/it\/wp-json\/wp\/v2\/product"}],"about":[{"href":"https:\/\/gadgettravellers.eu\/it\/wp-json\/wp\/v2\/types\/product"}],"replies":[{"embeddable":true,"href":"https:\/\/gadgettravellers.eu\/it\/wp-json\/wp\/v2\/comments?post=5317683"}],"wp:featuredmedia":[{"embeddable":true,"href":"https:\/\/gadgettravellers.eu\/it\/wp-json\/wp\/v2\/media\/5183882"}],"wp:attachment":[{"href":"https:\/\/gadgettravellers.eu\/it\/wp-json\/wp\/v2\/media?parent=5317683"}],"wp:term":[{"taxonomy":"product_brand","embeddable":true,"href":"https:\/\/gadgettravellers.eu\/it\/wp-json\/wp\/v2\/product_brand?post=5317683"},{"taxonomy":"product_cat","embeddable":true,"href":"https:\/\/gadgettravellers.eu\/it\/wp-json\/wp\/v2\/product_cat?post=5317683"},{"taxonomy":"product_tag","embeddable":true,"href":"https:\/\/gadgettravellers.eu\/it\/wp-json\/wp\/v2\/product_tag?post=5317683"}],"curies":[{"name":"wp","href":"https:\/\/api.w.org\/{rel}","templated":true}]}}