{"id":5317686,"date":"2026-01-19T14:55:06","date_gmt":"2026-01-19T12:55:06","guid":{"rendered":"https:\/\/gadgettravellers.eu\/shop\/portafortuna-da-tavolo-casa-chiave-in-cristallo-8x5cm-xmasfest-1133703\/"},"modified":"2026-05-05T06:03:18","modified_gmt":"2026-05-05T04:03:18","slug":"portafortuna-da-tavolo-casa-chiave-in-cristallo-8x5cm-xmasfest-1133703","status":"publish","type":"product","link":"https:\/\/gadgettravellers.eu\/it\/shop\/portafortuna-da-tavolo-casa-chiave-in-cristallo-8x5cm-xmasfest-1133703\/","title":{"rendered":"Portafortuna da Tavolo Casa-Chiave in Cristallo ~8x5cm Xmasfest 1133703"},"content":{"rendered":"<p>Base cristallina ~8x5cm<\/p>\n<div class='aiseo-faq-section' style='margin-top:30px; border-top:1px solid #eee; padding-top:20px;'>\n<h3>Domande Frequenti<\/h3>\n<details style='margin-bottom:10px; padding:10px; background:#f9f9f9; border-radius:5px;'>\n<summary style='font-weight:bold; cursor:pointer;'>Quali sono le dimensioni di questo portafortuna?<\/summary>\n<div style='margin-top:10px; color:#555;'>Il portafortuna ha dimensioni di circa 8&#215;5 cm.<\/div>\n<\/details>\n<details style='margin-bottom:10px; padding:10px; background:#f9f9f9; border-radius:5px;'>\n<summary style='font-weight:bold; cursor:pointer;'>Di che materiale \u00e8 fatto?<\/summary>\n<div style='margin-top:10px; color:#555;'>La base \u00e8 di cristallo.<\/div>\n<\/details>\n<details style='margin-bottom:10px; padding:10px; background:#f9f9f9; border-radius:5px;'>\n<summary style='font-weight:bold; cursor:pointer;'>Dove posso posizionarlo?<\/summary>\n<div style='margin-top:10px; color:#555;'>\u00c8 ideale per tavoli, scaffali o come decorazione su sacchetti regalo.<\/div>\n<\/details>\n<\/div>\n","protected":false},"excerpt":{"rendered":"<p>Base cristallina ~8x5cm Domande Frequenti Quali sono le dimensioni di questo portafortuna? Il portafortuna ha dimensioni di circa 8&#215;5 cm. Di che materiale \u00e8 fatto? La base \u00e8 di cristallo. Dove posso posizionarlo? \u00c8 ideale per tavoli, scaffali o come decorazione su sacchetti regalo.<\/p>\n","protected":false},"featured_media":5183890,"comment_status":"closed","ping_status":"open","template":"","meta":[],"product_brand":[],"product_cat":[],"product_tag":[15],"class_list":{"0":"post-5317686","1":"product","2":"type-product","3":"status-publish","4":"has-post-thumbnail","6":"product_tag-uncategorized","8":"first","9":"onbackorder","10":"purchasable","11":"product-type-simple"},"jetpack_sharing_enabled":true,"_links":{"self":[{"href":"https:\/\/gadgettravellers.eu\/it\/wp-json\/wp\/v2\/product\/5317686","targetHints":{"allow":["GET"]}}],"collection":[{"href":"https:\/\/gadgettravellers.eu\/it\/wp-json\/wp\/v2\/product"}],"about":[{"href":"https:\/\/gadgettravellers.eu\/it\/wp-json\/wp\/v2\/types\/product"}],"replies":[{"embeddable":true,"href":"https:\/\/gadgettravellers.eu\/it\/wp-json\/wp\/v2\/comments?post=5317686"}],"wp:featuredmedia":[{"embeddable":true,"href":"https:\/\/gadgettravellers.eu\/it\/wp-json\/wp\/v2\/media\/5183890"}],"wp:attachment":[{"href":"https:\/\/gadgettravellers.eu\/it\/wp-json\/wp\/v2\/media?parent=5317686"}],"wp:term":[{"taxonomy":"product_brand","embeddable":true,"href":"https:\/\/gadgettravellers.eu\/it\/wp-json\/wp\/v2\/product_brand?post=5317686"},{"taxonomy":"product_cat","embeddable":true,"href":"https:\/\/gadgettravellers.eu\/it\/wp-json\/wp\/v2\/product_cat?post=5317686"},{"taxonomy":"product_tag","embeddable":true,"href":"https:\/\/gadgettravellers.eu\/it\/wp-json\/wp\/v2\/product_tag?post=5317686"}],"curies":[{"name":"wp","href":"https:\/\/api.w.org\/{rel}","templated":true}]}}