{"id":5317691,"date":"2026-01-19T14:55:09","date_gmt":"2026-01-19T12:55:09","guid":{"rendered":"https:\/\/gadgettravellers.eu\/shop\/palla-di-neve-babbo-natale-base-quadrata-o45cm-o45x65cm-xmasfest-1133707\/"},"modified":"2026-05-05T06:03:19","modified_gmt":"2026-05-05T04:03:19","slug":"palla-di-neve-babbo-natale-base-quadrata-o45cm-o45x65cm-xmasfest-1133707","status":"publish","type":"product","link":"https:\/\/gadgettravellers.eu\/it\/shop\/palla-di-neve-babbo-natale-base-quadrata-o45cm-o45x65cm-xmasfest-1133707\/","title":{"rendered":"Palla di neve Babbo Natale Base quadrata \u00f84,5cm \u00f84,5&#215;6,5cm Xmasfest 1133707"},"content":{"rendered":"<p>(abbinate in polistirolo) \u00f84,5&#215;6,5cm<\/p>\n<div class='aiseo-faq-section' style='margin-top:30px; border-top:1px solid #eee; padding-top:20px;'>\n<h3>Domande Frequenti<\/h3>\n<details style='margin-bottom:10px; padding:10px; background:#f9f9f9; border-radius:5px;'>\n<summary style='font-weight:bold; cursor:pointer;'>Quali sono le dimensioni della palla di neve?<\/summary>\n<div style='margin-top:10px; color:#555;'>Diametro 4,5 cm e altezza 6,5 cm (\u00f84,5&#215;6,5cm).<\/div>\n<\/details>\n<details style='margin-bottom:10px; padding:10px; background:#f9f9f9; border-radius:5px;'>\n<summary style='font-weight:bold; cursor:pointer;'>Di che materiale \u00e8 la base?<\/summary>\n<div style='margin-top:10px; color:#555;'>La base \u00e8 in polistirolo (polystyrene).<\/div>\n<\/details>\n<details style='margin-bottom:10px; padding:10px; background:#f9f9f9; border-radius:5px;'>\n<summary style='font-weight:bold; cursor:pointer;'>In quali ambienti si adatta la palla di neve?<\/summary>\n<div style='margin-top:10px; color:#555;'>Ideale per decorare il tavolo, una mensola o come piccolo regalo.<\/div>\n<\/details>\n<details style='margin-bottom:10px; padding:10px; background:#f9f9f9; border-radius:5px;'>\n<summary style='font-weight:bold; cursor:pointer;'>\u00c8 pesante?<\/summary>\n<div style='margin-top:10px; color:#555;'>No, sono leggeri a causa della base in polistirolo espanso.<\/div>\n<\/details>\n<details style='margin-bottom:10px; padding:10px; background:#f9f9f9; border-radius:5px;'>\n<summary style='font-weight:bold; cursor:pointer;'>Include figura di Santo?<\/summary>\n<div style='margin-top:10px; color:#555;'>S\u00ec, si tratta di una palla di neve con la figura di un Santo.<\/div>\n<\/details>\n<\/div>\n","protected":false},"excerpt":{"rendered":"<p>(abbinate in polistirolo) \u00f84,5&#215;6,5cm Domande Frequenti Quali sono le dimensioni della palla di neve? Diametro 4,5 cm e altezza 6,5 cm (\u00f84,5&#215;6,5cm). Di che materiale \u00e8 la base? La base \u00e8 in polistirolo (polystyrene). In quali ambienti si adatta la palla di neve? Ideale per decorare il tavolo, una mensola o come piccolo regalo. \u00c8 [&hellip;]<\/p>\n","protected":false},"featured_media":5183906,"comment_status":"closed","ping_status":"open","template":"","meta":[],"product_brand":[],"product_cat":[],"product_tag":[15],"class_list":{"0":"post-5317691","1":"product","2":"type-product","3":"status-publish","4":"has-post-thumbnail","6":"product_tag-uncategorized","8":"first","9":"onbackorder","10":"purchasable","11":"product-type-simple"},"jetpack_sharing_enabled":true,"_links":{"self":[{"href":"https:\/\/gadgettravellers.eu\/it\/wp-json\/wp\/v2\/product\/5317691","targetHints":{"allow":["GET"]}}],"collection":[{"href":"https:\/\/gadgettravellers.eu\/it\/wp-json\/wp\/v2\/product"}],"about":[{"href":"https:\/\/gadgettravellers.eu\/it\/wp-json\/wp\/v2\/types\/product"}],"replies":[{"embeddable":true,"href":"https:\/\/gadgettravellers.eu\/it\/wp-json\/wp\/v2\/comments?post=5317691"}],"wp:featuredmedia":[{"embeddable":true,"href":"https:\/\/gadgettravellers.eu\/it\/wp-json\/wp\/v2\/media\/5183906"}],"wp:attachment":[{"href":"https:\/\/gadgettravellers.eu\/it\/wp-json\/wp\/v2\/media?parent=5317691"}],"wp:term":[{"taxonomy":"product_brand","embeddable":true,"href":"https:\/\/gadgettravellers.eu\/it\/wp-json\/wp\/v2\/product_brand?post=5317691"},{"taxonomy":"product_cat","embeddable":true,"href":"https:\/\/gadgettravellers.eu\/it\/wp-json\/wp\/v2\/product_cat?post=5317691"},{"taxonomy":"product_tag","embeddable":true,"href":"https:\/\/gadgettravellers.eu\/it\/wp-json\/wp\/v2\/product_tag?post=5317691"}],"curies":[{"name":"wp","href":"https:\/\/api.w.org\/{rel}","templated":true}]}}