{"id":5317692,"date":"2026-01-19T14:55:09","date_gmt":"2026-01-19T12:55:09","guid":{"rendered":"https:\/\/gadgettravellers.eu\/shop\/babbo-natale-gnome-bianco-gambe-lunghe-70cm-xmasfest-1133715\/"},"modified":"2026-05-05T06:03:20","modified_gmt":"2026-05-05T04:03:20","slug":"babbo-natale-gnome-bianco-gambe-lunghe-70cm-xmasfest-1133715","status":"publish","type":"product","link":"https:\/\/gadgettravellers.eu\/it\/shop\/babbo-natale-gnome-bianco-gambe-lunghe-70cm-xmasfest-1133715\/","title":{"rendered":"Babbo Natale Gnome Bianco Gambe Lunghe 70cm Xmasfest 1133715"},"content":{"rendered":"<p>Con fondo pesante 70cm<\/p>\n<div class='aiseo-faq-section' style='margin-top:30px; border-top:1px solid #eee; padding-top:20px;'>\n<h3>Domande Frequenti<\/h3>\n<details style='margin-bottom:10px; padding:10px; background:#f9f9f9; border-radius:5px;'>\n<summary style='font-weight:bold; cursor:pointer;'>Qual \u00e8 l&#8217;altezza del prodotto?<\/summary>\n<div style='margin-top:10px; color:#555;'>L&#8217;altezza \u00e8 70 cm.<\/div>\n<\/details>\n<details style='margin-bottom:10px; padding:10px; background:#f9f9f9; border-radius:5px;'>\n<summary style='font-weight:bold; cursor:pointer;'>Dove \u00e8 principalmente destinato all&#8217;uso?<\/summary>\n<div style='margin-top:10px; color:#555;'>Ideale per la decorazione di interni e composizioni natalizie.<\/div>\n<\/details>\n<details style='margin-bottom:10px; padding:10px; background:#f9f9f9; border-radius:5px;'>\n<summary style='font-weight:bold; cursor:pointer;'>Come si garantisce la stabilit\u00e0?<\/summary>\n<div style='margin-top:10px; color:#555;'>Ha un fondo pesante che offre un&#8217;eccellente stabilit\u00e0.<\/div>\n<\/details>\n<details style='margin-bottom:10px; padding:10px; background:#f9f9f9; border-radius:5px;'>\n<summary style='font-weight:bold; cursor:pointer;'>Qual \u00e8 il colore e il design?<\/summary>\n<div style='margin-top:10px; color:#555;'>Babbo Natale bianco natalizio in design gnomo con gambe lunghe.<\/div>\n<\/details>\n<\/div>\n","protected":false},"excerpt":{"rendered":"<p>Con fondo pesante 70cm Domande Frequenti Qual \u00e8 l&#8217;altezza del prodotto? L&#8217;altezza \u00e8 70 cm. Dove \u00e8 principalmente destinato all&#8217;uso? Ideale per la decorazione di interni e composizioni natalizie. Come si garantisce la stabilit\u00e0? Ha un fondo pesante che offre un&#8217;eccellente stabilit\u00e0. Qual \u00e8 il colore e il design? Babbo Natale bianco natalizio in design [&hellip;]<\/p>\n","protected":false},"featured_media":5183924,"comment_status":"closed","ping_status":"open","template":"","meta":[],"product_brand":[],"product_cat":[],"product_tag":[15],"class_list":{"0":"post-5317692","1":"product","2":"type-product","3":"status-publish","4":"has-post-thumbnail","6":"product_tag-uncategorized","8":"first","9":"onbackorder","10":"purchasable","11":"product-type-simple"},"jetpack_sharing_enabled":true,"_links":{"self":[{"href":"https:\/\/gadgettravellers.eu\/it\/wp-json\/wp\/v2\/product\/5317692","targetHints":{"allow":["GET"]}}],"collection":[{"href":"https:\/\/gadgettravellers.eu\/it\/wp-json\/wp\/v2\/product"}],"about":[{"href":"https:\/\/gadgettravellers.eu\/it\/wp-json\/wp\/v2\/types\/product"}],"replies":[{"embeddable":true,"href":"https:\/\/gadgettravellers.eu\/it\/wp-json\/wp\/v2\/comments?post=5317692"}],"wp:featuredmedia":[{"embeddable":true,"href":"https:\/\/gadgettravellers.eu\/it\/wp-json\/wp\/v2\/media\/5183924"}],"wp:attachment":[{"href":"https:\/\/gadgettravellers.eu\/it\/wp-json\/wp\/v2\/media?parent=5317692"}],"wp:term":[{"taxonomy":"product_brand","embeddable":true,"href":"https:\/\/gadgettravellers.eu\/it\/wp-json\/wp\/v2\/product_brand?post=5317692"},{"taxonomy":"product_cat","embeddable":true,"href":"https:\/\/gadgettravellers.eu\/it\/wp-json\/wp\/v2\/product_cat?post=5317692"},{"taxonomy":"product_tag","embeddable":true,"href":"https:\/\/gadgettravellers.eu\/it\/wp-json\/wp\/v2\/product_tag?post=5317692"}],"curies":[{"name":"wp","href":"https:\/\/api.w.org\/{rel}","templated":true}]}}