{"id":5317696,"date":"2026-01-19T14:55:12","date_gmt":"2026-01-19T12:55:12","guid":{"rendered":"https:\/\/gadgettravellers.eu\/shop\/renna-di-stoffa-con-stivali-45x40cm-xmasfest-1133722\/"},"modified":"2026-05-05T06:03:21","modified_gmt":"2026-05-05T04:03:21","slug":"renna-di-stoffa-con-stivali-45x40cm-xmasfest-1133722","status":"publish","type":"product","link":"https:\/\/gadgettravellers.eu\/it\/shop\/renna-di-stoffa-con-stivali-45x40cm-xmasfest-1133722\/","title":{"rendered":"Renna di Stoffa con Stivali 45x40cm Xmasfest 1133722"},"content":{"rendered":"<p>45x40cm<\/p>\n<div class='aiseo-faq-section' style='margin-top:30px; border-top:1px solid #eee; padding-top:20px;'>\n<h3>Domande Frequenti<\/h3>\n<details style='margin-bottom:10px; padding:10px; background:#f9f9f9; border-radius:5px;'>\n<summary style='font-weight:bold; cursor:pointer;'>Di che materiale \u00e8 la renna?<\/summary>\n<div style='margin-top:10px; color:#555;'>Si tratta di un decorativo in tessuto (panno) con una texture morbida e cuciture dettagliate.<\/div>\n<\/details>\n<details style='margin-bottom:10px; padding:10px; background:#f9f9f9; border-radius:5px;'>\n<summary style='font-weight:bold; cursor:pointer;'>Quali sono le sue dimensioni?<\/summary>\n<div style='margin-top:10px; color:#555;'>Le dimensioni sono 45&#215;40 cm.<\/div>\n<\/details>\n<details style='margin-bottom:10px; padding:10px; background:#f9f9f9; border-radius:5px;'>\n<summary style='font-weight:bold; cursor:pointer;'>Pu\u00f2 essere posizionato all&#8217;aperto?<\/summary>\n<div style='margin-top:10px; color:#555;'>\u00c8 ideale per ambienti interni, quindi non si consiglia un&#8217;esposizione continua a condizioni esterne.<\/div>\n<\/details>\n<details style='margin-bottom:10px; padding:10px; background:#f9f9f9; border-radius:5px;'>\n<summary style='font-weight:bold; cursor:pointer;'>\u00c8 facile da spostare e posizionare?<\/summary>\n<div style='margin-top:10px; color:#555;'>S\u00ec, \u00e8 leggero e facile da spostare e posizionare, adatto anche come regalo.<\/div>\n<\/details>\n<\/div>\n","protected":false},"excerpt":{"rendered":"<p>45x40cm Domande Frequenti Di che materiale \u00e8 la renna? Si tratta di un decorativo in tessuto (panno) con una texture morbida e cuciture dettagliate. Quali sono le sue dimensioni? Le dimensioni sono 45&#215;40 cm. Pu\u00f2 essere posizionato all&#8217;aperto? \u00c8 ideale per ambienti interni, quindi non si consiglia un&#8217;esposizione continua a condizioni esterne. \u00c8 facile da [&hellip;]<\/p>\n","protected":false},"featured_media":5183954,"comment_status":"closed","ping_status":"open","template":"","meta":[],"product_brand":[],"product_cat":[],"product_tag":[15],"class_list":{"0":"post-5317696","1":"product","2":"type-product","3":"status-publish","4":"has-post-thumbnail","6":"product_tag-uncategorized","8":"first","9":"onbackorder","10":"purchasable","11":"product-type-simple"},"jetpack_sharing_enabled":true,"_links":{"self":[{"href":"https:\/\/gadgettravellers.eu\/it\/wp-json\/wp\/v2\/product\/5317696","targetHints":{"allow":["GET"]}}],"collection":[{"href":"https:\/\/gadgettravellers.eu\/it\/wp-json\/wp\/v2\/product"}],"about":[{"href":"https:\/\/gadgettravellers.eu\/it\/wp-json\/wp\/v2\/types\/product"}],"replies":[{"embeddable":true,"href":"https:\/\/gadgettravellers.eu\/it\/wp-json\/wp\/v2\/comments?post=5317696"}],"wp:featuredmedia":[{"embeddable":true,"href":"https:\/\/gadgettravellers.eu\/it\/wp-json\/wp\/v2\/media\/5183954"}],"wp:attachment":[{"href":"https:\/\/gadgettravellers.eu\/it\/wp-json\/wp\/v2\/media?parent=5317696"}],"wp:term":[{"taxonomy":"product_brand","embeddable":true,"href":"https:\/\/gadgettravellers.eu\/it\/wp-json\/wp\/v2\/product_brand?post=5317696"},{"taxonomy":"product_cat","embeddable":true,"href":"https:\/\/gadgettravellers.eu\/it\/wp-json\/wp\/v2\/product_cat?post=5317696"},{"taxonomy":"product_tag","embeddable":true,"href":"https:\/\/gadgettravellers.eu\/it\/wp-json\/wp\/v2\/product_tag?post=5317696"}],"curies":[{"name":"wp","href":"https:\/\/api.w.org\/{rel}","templated":true}]}}