{"id":5317699,"date":"2026-01-19T14:55:14","date_gmt":"2026-01-19T12:55:14","guid":{"rendered":"https:\/\/gadgettravellers.eu\/shop\/renna-di-stoffa-con-cappello-55x16cm-xmasfest-1133723\/"},"modified":"2026-05-05T06:03:22","modified_gmt":"2026-05-05T04:03:22","slug":"renna-di-stoffa-con-cappello-55x16cm-xmasfest-1133723","status":"publish","type":"product","link":"https:\/\/gadgettravellers.eu\/it\/shop\/renna-di-stoffa-con-cappello-55x16cm-xmasfest-1133723\/","title":{"rendered":"Renna di Stoffa con Cappello 55x16cm Xmasfest 1133723"},"content":{"rendered":"<p>Sta in piedi 55x16cm<\/p>\n<div class='aiseo-faq-section' style='margin-top:30px; border-top:1px solid #eee; padding-top:20px;'>\n<h3>Domande Frequenti<\/h3>\n<details style='margin-bottom:10px; padding:10px; background:#f9f9f9; border-radius:5px;'>\n<summary style='font-weight:bold; cursor:pointer;'>Qual \u00e8 la dimensione del carib\u00f9?<\/summary>\n<div style='margin-top:10px; color:#555;'>Il prodotto ha dimensioni 55x16cm e sta in piedi.<\/div>\n<\/details>\n<details style='margin-bottom:10px; padding:10px; background:#f9f9f9; border-radius:5px;'>\n<summary style='font-weight:bold; cursor:pointer;'>Di che materiale \u00e8 fatto?<\/summary>\n<div style='margin-top:10px; color:#555;'>\u00c8 di tela (stoffa), morbido al tatto secondo la descrizione.<\/div>\n<\/details>\n<details style='margin-bottom:10px; padding:10px; background:#f9f9f9; border-radius:5px;'>\n<summary style='font-weight:bold; cursor:pointer;'>Pu\u00f2 essere facilmente posizionato in casa?<\/summary>\n<div style='margin-top:10px; color:#555;'>S\u00ec, nella descrizione si dice che \u00e8 facile da installare e ideale per la decorazione natalizia della casa.<\/div>\n<\/details>\n<details style='margin-bottom:10px; padding:10px; background:#f9f9f9; border-radius:5px;'>\n<summary style='font-weight:bold; cursor:pointer;'>Ha un berretto?<\/summary>\n<div style='margin-top:10px; color:#555;'>S\u00ec, la renna indossa un cappello come indicato nel nome e nella descrizione.<\/div>\n<\/details>\n<\/div>\n","protected":false},"excerpt":{"rendered":"<p>Sta in piedi 55x16cm Domande Frequenti Qual \u00e8 la dimensione del carib\u00f9? Il prodotto ha dimensioni 55x16cm e sta in piedi. Di che materiale \u00e8 fatto? \u00c8 di tela (stoffa), morbido al tatto secondo la descrizione. Pu\u00f2 essere facilmente posizionato in casa? S\u00ec, nella descrizione si dice che \u00e8 facile da installare e ideale per [&hellip;]<\/p>\n","protected":false},"featured_media":5183958,"comment_status":"closed","ping_status":"open","template":"","meta":[],"product_brand":[],"product_cat":[],"product_tag":[15],"class_list":{"0":"post-5317699","1":"product","2":"type-product","3":"status-publish","4":"has-post-thumbnail","6":"product_tag-uncategorized","8":"first","9":"onbackorder","10":"purchasable","11":"product-type-simple"},"jetpack_sharing_enabled":true,"_links":{"self":[{"href":"https:\/\/gadgettravellers.eu\/it\/wp-json\/wp\/v2\/product\/5317699","targetHints":{"allow":["GET"]}}],"collection":[{"href":"https:\/\/gadgettravellers.eu\/it\/wp-json\/wp\/v2\/product"}],"about":[{"href":"https:\/\/gadgettravellers.eu\/it\/wp-json\/wp\/v2\/types\/product"}],"replies":[{"embeddable":true,"href":"https:\/\/gadgettravellers.eu\/it\/wp-json\/wp\/v2\/comments?post=5317699"}],"wp:featuredmedia":[{"embeddable":true,"href":"https:\/\/gadgettravellers.eu\/it\/wp-json\/wp\/v2\/media\/5183958"}],"wp:attachment":[{"href":"https:\/\/gadgettravellers.eu\/it\/wp-json\/wp\/v2\/media?parent=5317699"}],"wp:term":[{"taxonomy":"product_brand","embeddable":true,"href":"https:\/\/gadgettravellers.eu\/it\/wp-json\/wp\/v2\/product_brand?post=5317699"},{"taxonomy":"product_cat","embeddable":true,"href":"https:\/\/gadgettravellers.eu\/it\/wp-json\/wp\/v2\/product_cat?post=5317699"},{"taxonomy":"product_tag","embeddable":true,"href":"https:\/\/gadgettravellers.eu\/it\/wp-json\/wp\/v2\/product_tag?post=5317699"}],"curies":[{"name":"wp","href":"https:\/\/api.w.org\/{rel}","templated":true}]}}