{"id":5317703,"date":"2026-01-19T14:55:16","date_gmt":"2026-01-19T12:55:16","guid":{"rendered":"https:\/\/gadgettravellers.eu\/shop\/renna-in-piedi-di-stoffa-con-sciarpa-47x18cm-xmasfest-1133727\/"},"modified":"2026-05-05T06:03:24","modified_gmt":"2026-05-05T04:03:24","slug":"renna-in-piedi-di-stoffa-con-sciarpa-47x18cm-xmasfest-1133727","status":"publish","type":"product","link":"https:\/\/gadgettravellers.eu\/it\/shop\/renna-in-piedi-di-stoffa-con-sciarpa-47x18cm-xmasfest-1133727\/","title":{"rendered":"Renna in piedi di stoffa con sciarpa 47x18cm Xmasfest 1133727"},"content":{"rendered":"<p>Sta in piedi 47x18cm<\/p>\n<div class='aiseo-faq-section' style='margin-top:30px; border-top:1px solid #eee; padding-top:20px;'>\n<h3>Domande Frequenti<\/h3>\n<details style='margin-bottom:10px; padding:10px; background:#f9f9f9; border-radius:5px;'>\n<summary style='font-weight:bold; cursor:pointer;'>Quali sono le dimensioni del prodotto?<\/summary>\n<div style='margin-top:10px; color:#555;'>Le dimensioni sono 47&#215;18 cm.<\/div>\n<\/details>\n<details style='margin-bottom:10px; padding:10px; background:#f9f9f9; border-radius:5px;'>\n<summary style='font-weight:bold; cursor:pointer;'>\u00c8 adatto per uso esterno?<\/summary>\n<div style='margin-top:10px; color:#555;'>Progettato per interni, non \u00e8 destinato all&#8217;esposizione permanente all&#8217;esterno.<\/div>\n<\/details>\n<details style='margin-bottom:10px; padding:10px; background:#f9f9f9; border-radius:5px;'>\n<summary style='font-weight:bold; cursor:pointer;'>Di che materiale \u00e8 fatto?<\/summary>\n<div style='margin-top:10px; color:#555;'>\u00c8 di stoffa (tela) con una sciarpa decorativa.<\/div>\n<\/details>\n<details style='margin-bottom:10px; padding:10px; background:#f9f9f9; border-radius:5px;'>\n<summary style='font-weight:bold; cursor:pointer;'>Dove e come si posiziona?<\/summary>\n<div style='margin-top:10px; color:#555;'>\u00c8 leggero e stabile, ideale per il posizionamento su tavoli e scaffali.<\/div>\n<\/details>\n<\/div>\n","protected":false},"excerpt":{"rendered":"<p>Sta in piedi 47x18cm Domande Frequenti Quali sono le dimensioni del prodotto? Le dimensioni sono 47&#215;18 cm. \u00c8 adatto per uso esterno? Progettato per interni, non \u00e8 destinato all&#8217;esposizione permanente all&#8217;esterno. Di che materiale \u00e8 fatto? \u00c8 di stoffa (tela) con una sciarpa decorativa. Dove e come si posiziona? \u00c8 leggero e stabile, ideale per [&hellip;]<\/p>\n","protected":false},"featured_media":5183974,"comment_status":"closed","ping_status":"open","template":"","meta":[],"product_brand":[],"product_cat":[],"product_tag":[15],"class_list":{"0":"post-5317703","1":"product","2":"type-product","3":"status-publish","4":"has-post-thumbnail","6":"product_tag-uncategorized","8":"first","9":"onbackorder","10":"purchasable","11":"product-type-simple"},"jetpack_sharing_enabled":true,"_links":{"self":[{"href":"https:\/\/gadgettravellers.eu\/it\/wp-json\/wp\/v2\/product\/5317703","targetHints":{"allow":["GET"]}}],"collection":[{"href":"https:\/\/gadgettravellers.eu\/it\/wp-json\/wp\/v2\/product"}],"about":[{"href":"https:\/\/gadgettravellers.eu\/it\/wp-json\/wp\/v2\/types\/product"}],"replies":[{"embeddable":true,"href":"https:\/\/gadgettravellers.eu\/it\/wp-json\/wp\/v2\/comments?post=5317703"}],"wp:featuredmedia":[{"embeddable":true,"href":"https:\/\/gadgettravellers.eu\/it\/wp-json\/wp\/v2\/media\/5183974"}],"wp:attachment":[{"href":"https:\/\/gadgettravellers.eu\/it\/wp-json\/wp\/v2\/media?parent=5317703"}],"wp:term":[{"taxonomy":"product_brand","embeddable":true,"href":"https:\/\/gadgettravellers.eu\/it\/wp-json\/wp\/v2\/product_brand?post=5317703"},{"taxonomy":"product_cat","embeddable":true,"href":"https:\/\/gadgettravellers.eu\/it\/wp-json\/wp\/v2\/product_cat?post=5317703"},{"taxonomy":"product_tag","embeddable":true,"href":"https:\/\/gadgettravellers.eu\/it\/wp-json\/wp\/v2\/product_tag?post=5317703"}],"curies":[{"name":"wp","href":"https:\/\/api.w.org\/{rel}","templated":true}]}}